{"id":33561,"date":"2026-03-17T20:52:33","date_gmt":"2026-03-17T19:52:33","guid":{"rendered":"https:\/\/solumeca.com\/?post_type=product&#038;p=33561"},"modified":"2026-03-17T20:52:38","modified_gmt":"2026-03-17T19:52:38","slug":"juego-de-alicates-y-destornilladores-aislado-a-1000-v-14-piezas-wiha-32869","status":"publish","type":"product","link":"https:\/\/solumeca.com\/?product=juego-de-alicates-y-destornilladores-aislado-a-1000-v-14-piezas-wiha-32869","title":{"rendered":"JUEGO DE ALICATES Y DESTORNILLADORES AISLADO A 1000 V  14 PIEZAS  WIHA &#8211; 32869"},"content":{"rendered":"<p>Wiha Insulated SoftFinish Cushop Los conductores son el est\u00e1ndar para la calidad premium con asas ergon\u00f3micas de agarre de coj\u00edn para la comodidad y el control, la construcci\u00f3n de doble met\u00edmetro para la durabilidad duradera de larga duraci\u00f3n y los mangos moldeados directamente a la hoja para un enlace permanente. Las mangos se dimensionan proporcionalmente a la hoja para una ventaja mec\u00e1nica consistente, incluyen pisos paralelos para evitar el rodillo de mesa y tienen perfiles de punta del conductor etiquetados en la tapa para una f\u00e1cil identificaci\u00f3n. Los controladores de agarre de coj\u00edn Wiha Inulated SoftFinish consisten en acero de herramienta de calidad premium de Wiha dise\u00f1ado para la resistencia y durabilidad, tienen acabado de \u00f3xido negro para la protecci\u00f3n contra la corrosi\u00f3n y cuentan con consejos mecanizados de precisi\u00f3n de ajuste exacto para la leva reducida. Cada herramienta aislada Wiha se prueba individualmente a 10.000 voltios AC y se clasifica a 1.000 voltios AC (1,500 voltios DC) para la seguridad y la tranquilidad en aplicaciones energizadas. Esta herramienta est\u00e1 certificada por VDE y cumple con los est\u00e1ndares de pruebas EN\/IEC 60900 para la protecci\u00f3n contra la explosi\u00f3n de mancha de arco, especificaciones est\u00e1ndar ASTM F1505 para herramientas manuales aisladas y aislantes y puntos de referencia de pruebas CSA para la seguridad y el rendimiento. Usted puede comprar con confianza sabiendo que este producto est\u00e1 de espaldas por la garant\u00eda de problemas Wiha.<\/p>\n<ul>\n<li>Set Incluye: Insulated 9&#8243; Linemans, 8&#8243; BiCut High Leverage Cutters, 8&#8243; Cable Cutters, 8&#8243; Long Nose, 6&#8243; Stripper, SlimLine Slotted: 3.5, 4.5, 6.5mm Slim Phillips 1, 2 Slim Square: 2, Xeno Terminal Driver 2, Single Pole Voltage Detector In Zipper Case<\/li>\n<li>Probado individualmente a 10.000 voltios AC y clasificado a 1.000 voltios AC para la seguridad y la tranquilidad<\/li>\n<li>Maneque directamente moldeado a la hoja para el enlace permanente<\/li>\n<li>Tama\u00f1o de mango proporcional a la cuchilla para una ventaja mec\u00e1nica consistente<\/li>\n<li>Apartes paralelos para la prevenci\u00f3n del rodado<\/li>\n<li>Perfil de la punta etiquetado en la tapa para una f\u00e1cil identificaci\u00f3n<\/li>\n<li>Wiha de acero de calidad premium para resistencia y durabilidad<\/li>\n<li>Acabado de \u00f3xido negro para la protecci\u00f3n contra la corrosi\u00f3n<\/li>\n<li>Consejo mecanizada de precisi\u00f3n de ajuste exacto para la reducci\u00f3n de la leva<\/li>\n<li>Mango de agarre de coj\u00edn ergon\u00f3mico para la comodidad y el control<\/li>\n<li>Construcci\u00f3n de doble durometros para durabilidad de larga duraci\u00f3n<\/li>\n<li>Respaldado por la garant\u00eda Wiha No Hassle<\/li>\n<\/ul>\n","protected":false},"excerpt":{"rendered":"<p>Wiha Insulated SoftFinish Cushop Los conductores son el est\u00e1ndar para la calidad premium con asas ergon\u00f3micas de agarre de coj\u00edn para la comodidad y el control, la construcci\u00f3n de doble met\u00edmetro para la durabilidad duradera de larga duraci\u00f3n y los mangos moldeados directamente a la hoja para un enlace permanente. Las mangos se dimensionan proporcionalmente<\/p>\n<div class=\"klb-readmore button\"><a class=\"btn link\" href=\"https:\/\/solumeca.com\/?product=juego-de-alicates-y-destornilladores-aislado-a-1000-v-14-piezas-wiha-32869\">Read More <i class=\"klbth-icon-right-arrow\"><\/i><\/a><\/div>\n","protected":false},"featured_media":22188,"comment_status":"closed","ping_status":"closed","template":"","meta":[],"product_brand":[],"product_cat":[326,327],"product_tag":[],"class_list":{"0":"post-33561","1":"product","2":"type-product","3":"status-publish","4":"has-post-thumbnail","6":"product_cat-destornilladores","7":"product_cat-wiha","9":"first","10":"instock","11":"taxable","12":"shipping-taxable","13":"purchasable","14":"product-type-simple"},"yoast_head":"<!-- This site is optimized with the Yoast SEO Premium plugin v22.5 (Yoast SEO v22.6) - https:\/\/yoast.com\/wordpress\/plugins\/seo\/ -->\n<title>JUEGO DE ALICATES Y DESTORNILLADORES AISLADO A 1000 V 14 PIEZAS WIHA - 32869 - Herramientas Industriales - Equipos de Seguridad - Solumeca.com<\/title>\n<meta name=\"robots\" content=\"index, follow, max-snippet:-1, max-image-preview:large, max-video-preview:-1\" \/>\n<link rel=\"canonical\" href=\"https:\/\/solumeca.com\/?product=juego-de-alicates-y-destornilladores-aislado-a-1000-v-14-piezas-wiha-32869\" \/>\n<meta property=\"og:locale\" content=\"es_ES\" \/>\n<meta property=\"og:type\" content=\"article\" \/>\n<meta property=\"og:title\" content=\"JUEGO DE ALICATES Y DESTORNILLADORES AISLADO A 1000 V 14 PIEZAS WIHA - 32869\" \/>\n<meta property=\"og:description\" content=\"Wiha Insulated SoftFinish Cushop Los conductores son el est\u00e1ndar para la calidad premium con asas ergon\u00f3micas de agarre de coj\u00edn para la comodidad y el control, la construcci\u00f3n de doble met\u00edmetro para la durabilidad duradera de larga duraci\u00f3n y los mangos moldeados directamente a la hoja para un enlace permanente. Las mangos se dimensionan proporcionalmenteRead More\" \/>\n<meta property=\"og:url\" content=\"https:\/\/solumeca.com\/?product=juego-de-alicates-y-destornilladores-aislado-a-1000-v-14-piezas-wiha-32869\" \/>\n<meta property=\"og:site_name\" content=\"Herramientas Industriales - Equipos de Seguridad - Solumeca.com\" \/>\n<meta property=\"article:modified_time\" content=\"2026-03-17T19:52:38+00:00\" \/>\n<meta name=\"twitter:card\" content=\"summary_large_image\" \/>\n<meta name=\"twitter:label1\" content=\"Tiempo de lectura\" \/>\n\t<meta name=\"twitter:data1\" content=\"2 minutos\" \/>\n<script type=\"application\/ld+json\" class=\"yoast-schema-graph\">{\"@context\":\"https:\/\/schema.org\",\"@graph\":[{\"@type\":\"WebPage\",\"@id\":\"https:\/\/solumeca.com\/?product=juego-de-alicates-y-destornilladores-aislado-a-1000-v-14-piezas-wiha-32869\",\"url\":\"https:\/\/solumeca.com\/?product=juego-de-alicates-y-destornilladores-aislado-a-1000-v-14-piezas-wiha-32869\",\"name\":\"JUEGO DE ALICATES Y DESTORNILLADORES AISLADO A 1000 V 14 PIEZAS WIHA - 32869 - Herramientas Industriales - Equipos de Seguridad - Solumeca.com\",\"isPartOf\":{\"@id\":\"https:\/\/solumeca.com\/#website\"},\"primaryImageOfPage\":{\"@id\":\"https:\/\/solumeca.com\/?product=juego-de-alicates-y-destornilladores-aislado-a-1000-v-14-piezas-wiha-32869#primaryimage\"},\"image\":{\"@id\":\"https:\/\/solumeca.com\/?product=juego-de-alicates-y-destornilladores-aislado-a-1000-v-14-piezas-wiha-32869#primaryimage\"},\"thumbnailUrl\":\"https:\/\/solumeca.com\/wp-content\/uploads\/2026\/03\/a4f14ce0e87b534b3b395ac39c22d40ed62f32de_600x.webp\",\"datePublished\":\"2026-03-17T19:52:33+00:00\",\"dateModified\":\"2026-03-17T19:52:38+00:00\",\"breadcrumb\":{\"@id\":\"https:\/\/solumeca.com\/?product=juego-de-alicates-y-destornilladores-aislado-a-1000-v-14-piezas-wiha-32869#breadcrumb\"},\"inLanguage\":\"es\",\"potentialAction\":[{\"@type\":\"ReadAction\",\"target\":[\"https:\/\/solumeca.com\/?product=juego-de-alicates-y-destornilladores-aislado-a-1000-v-14-piezas-wiha-32869\"]}]},{\"@type\":\"ImageObject\",\"inLanguage\":\"es\",\"@id\":\"https:\/\/solumeca.com\/?product=juego-de-alicates-y-destornilladores-aislado-a-1000-v-14-piezas-wiha-32869#primaryimage\",\"url\":\"https:\/\/solumeca.com\/wp-content\/uploads\/2026\/03\/a4f14ce0e87b534b3b395ac39c22d40ed62f32de_600x.webp\",\"contentUrl\":\"https:\/\/solumeca.com\/wp-content\/uploads\/2026\/03\/a4f14ce0e87b534b3b395ac39c22d40ed62f32de_600x.webp\",\"width\":600,\"height\":600},{\"@type\":\"BreadcrumbList\",\"@id\":\"https:\/\/solumeca.com\/?product=juego-de-alicates-y-destornilladores-aislado-a-1000-v-14-piezas-wiha-32869#breadcrumb\",\"itemListElement\":[{\"@type\":\"ListItem\",\"position\":1,\"name\":\"Portada\",\"item\":\"https:\/\/solumeca.com\/\"},{\"@type\":\"ListItem\",\"position\":2,\"name\":\"Shop\",\"item\":\"https:\/\/solumeca.com\/?page_id=10\"},{\"@type\":\"ListItem\",\"position\":3,\"name\":\"JUEGO DE ALICATES Y DESTORNILLADORES AISLADO A 1000 V 14 PIEZAS WIHA &#8211; 32869\"}]},{\"@type\":\"WebSite\",\"@id\":\"https:\/\/solumeca.com\/#website\",\"url\":\"https:\/\/solumeca.com\/\",\"name\":\"SOS Integral - Equipos de Seguridad - Herramientas Industriales\",\"description\":\"Equipos de Seguridad, Santo Domingo, Republica Dominicana, Herramientas Industriales,Tel.: (809) 274-3888 \/ Info@solumeca.com\",\"publisher\":{\"@id\":\"https:\/\/solumeca.com\/#organization\"},\"potentialAction\":[{\"@type\":\"SearchAction\",\"target\":{\"@type\":\"EntryPoint\",\"urlTemplate\":\"https:\/\/solumeca.com\/?s={search_term_string}\"},\"query-input\":\"required name=search_term_string\"}],\"inLanguage\":\"es\"},{\"@type\":\"Organization\",\"@id\":\"https:\/\/solumeca.com\/#organization\",\"name\":\"SOS Integral - Equipos de Seguridad - Herramientas Industriales\",\"url\":\"https:\/\/solumeca.com\/\",\"logo\":{\"@type\":\"ImageObject\",\"inLanguage\":\"es\",\"@id\":\"https:\/\/solumeca.com\/#\/schema\/logo\/image\/\",\"url\":\"https:\/\/solumeca.com\/wp-content\/uploads\/2024\/04\/equipos-de-seguridad-sos-2.png\",\"contentUrl\":\"https:\/\/solumeca.com\/wp-content\/uploads\/2024\/04\/equipos-de-seguridad-sos-2.png\",\"width\":600,\"height\":259,\"caption\":\"SOS Integral - Equipos de Seguridad - Herramientas Industriales\"},\"image\":{\"@id\":\"https:\/\/solumeca.com\/#\/schema\/logo\/image\/\"},\"sameAs\":[\"https:\/\/www.instagram.com\/sosintegralrd\/\"]}]}<\/script>\n<!-- \/ Yoast SEO Premium plugin. -->","yoast_head_json":{"title":"JUEGO DE ALICATES Y DESTORNILLADORES AISLADO A 1000 V 14 PIEZAS WIHA - 32869 - Herramientas Industriales - Equipos de Seguridad - Solumeca.com","robots":{"index":"index","follow":"follow","max-snippet":"max-snippet:-1","max-image-preview":"max-image-preview:large","max-video-preview":"max-video-preview:-1"},"canonical":"https:\/\/solumeca.com\/?product=juego-de-alicates-y-destornilladores-aislado-a-1000-v-14-piezas-wiha-32869","og_locale":"es_ES","og_type":"article","og_title":"JUEGO DE ALICATES Y DESTORNILLADORES AISLADO A 1000 V 14 PIEZAS WIHA - 32869","og_description":"Wiha Insulated SoftFinish Cushop Los conductores son el est\u00e1ndar para la calidad premium con asas ergon\u00f3micas de agarre de coj\u00edn para la comodidad y el control, la construcci\u00f3n de doble met\u00edmetro para la durabilidad duradera de larga duraci\u00f3n y los mangos moldeados directamente a la hoja para un enlace permanente. Las mangos se dimensionan proporcionalmenteRead More","og_url":"https:\/\/solumeca.com\/?product=juego-de-alicates-y-destornilladores-aislado-a-1000-v-14-piezas-wiha-32869","og_site_name":"Herramientas Industriales - Equipos de Seguridad - Solumeca.com","article_modified_time":"2026-03-17T19:52:38+00:00","twitter_card":"summary_large_image","twitter_misc":{"Tiempo de lectura":"2 minutos"},"schema":{"@context":"https:\/\/schema.org","@graph":[{"@type":"WebPage","@id":"https:\/\/solumeca.com\/?product=juego-de-alicates-y-destornilladores-aislado-a-1000-v-14-piezas-wiha-32869","url":"https:\/\/solumeca.com\/?product=juego-de-alicates-y-destornilladores-aislado-a-1000-v-14-piezas-wiha-32869","name":"JUEGO DE ALICATES Y DESTORNILLADORES AISLADO A 1000 V 14 PIEZAS WIHA - 32869 - Herramientas Industriales - Equipos de Seguridad - Solumeca.com","isPartOf":{"@id":"https:\/\/solumeca.com\/#website"},"primaryImageOfPage":{"@id":"https:\/\/solumeca.com\/?product=juego-de-alicates-y-destornilladores-aislado-a-1000-v-14-piezas-wiha-32869#primaryimage"},"image":{"@id":"https:\/\/solumeca.com\/?product=juego-de-alicates-y-destornilladores-aislado-a-1000-v-14-piezas-wiha-32869#primaryimage"},"thumbnailUrl":"https:\/\/solumeca.com\/wp-content\/uploads\/2026\/03\/a4f14ce0e87b534b3b395ac39c22d40ed62f32de_600x.webp","datePublished":"2026-03-17T19:52:33+00:00","dateModified":"2026-03-17T19:52:38+00:00","breadcrumb":{"@id":"https:\/\/solumeca.com\/?product=juego-de-alicates-y-destornilladores-aislado-a-1000-v-14-piezas-wiha-32869#breadcrumb"},"inLanguage":"es","potentialAction":[{"@type":"ReadAction","target":["https:\/\/solumeca.com\/?product=juego-de-alicates-y-destornilladores-aislado-a-1000-v-14-piezas-wiha-32869"]}]},{"@type":"ImageObject","inLanguage":"es","@id":"https:\/\/solumeca.com\/?product=juego-de-alicates-y-destornilladores-aislado-a-1000-v-14-piezas-wiha-32869#primaryimage","url":"https:\/\/solumeca.com\/wp-content\/uploads\/2026\/03\/a4f14ce0e87b534b3b395ac39c22d40ed62f32de_600x.webp","contentUrl":"https:\/\/solumeca.com\/wp-content\/uploads\/2026\/03\/a4f14ce0e87b534b3b395ac39c22d40ed62f32de_600x.webp","width":600,"height":600},{"@type":"BreadcrumbList","@id":"https:\/\/solumeca.com\/?product=juego-de-alicates-y-destornilladores-aislado-a-1000-v-14-piezas-wiha-32869#breadcrumb","itemListElement":[{"@type":"ListItem","position":1,"name":"Portada","item":"https:\/\/solumeca.com\/"},{"@type":"ListItem","position":2,"name":"Shop","item":"https:\/\/solumeca.com\/?page_id=10"},{"@type":"ListItem","position":3,"name":"JUEGO DE ALICATES Y DESTORNILLADORES AISLADO A 1000 V 14 PIEZAS WIHA &#8211; 32869"}]},{"@type":"WebSite","@id":"https:\/\/solumeca.com\/#website","url":"https:\/\/solumeca.com\/","name":"SOS Integral - Equipos de Seguridad - Herramientas Industriales","description":"Equipos de Seguridad, Santo Domingo, Republica Dominicana, Herramientas Industriales,Tel.: (809) 274-3888 \/ Info@solumeca.com","publisher":{"@id":"https:\/\/solumeca.com\/#organization"},"potentialAction":[{"@type":"SearchAction","target":{"@type":"EntryPoint","urlTemplate":"https:\/\/solumeca.com\/?s={search_term_string}"},"query-input":"required name=search_term_string"}],"inLanguage":"es"},{"@type":"Organization","@id":"https:\/\/solumeca.com\/#organization","name":"SOS Integral - Equipos de Seguridad - Herramientas Industriales","url":"https:\/\/solumeca.com\/","logo":{"@type":"ImageObject","inLanguage":"es","@id":"https:\/\/solumeca.com\/#\/schema\/logo\/image\/","url":"https:\/\/solumeca.com\/wp-content\/uploads\/2024\/04\/equipos-de-seguridad-sos-2.png","contentUrl":"https:\/\/solumeca.com\/wp-content\/uploads\/2024\/04\/equipos-de-seguridad-sos-2.png","width":600,"height":259,"caption":"SOS Integral - Equipos de Seguridad - Herramientas Industriales"},"image":{"@id":"https:\/\/solumeca.com\/#\/schema\/logo\/image\/"},"sameAs":["https:\/\/www.instagram.com\/sosintegralrd\/"]}]}},"_links":{"self":[{"href":"https:\/\/solumeca.com\/index.php?rest_route=\/wp\/v2\/product\/33561","targetHints":{"allow":["GET"]}}],"collection":[{"href":"https:\/\/solumeca.com\/index.php?rest_route=\/wp\/v2\/product"}],"about":[{"href":"https:\/\/solumeca.com\/index.php?rest_route=\/wp\/v2\/types\/product"}],"replies":[{"embeddable":true,"href":"https:\/\/solumeca.com\/index.php?rest_route=%2Fwp%2Fv2%2Fcomments&post=33561"}],"version-history":[{"count":1,"href":"https:\/\/solumeca.com\/index.php?rest_route=\/wp\/v2\/product\/33561\/revisions"}],"predecessor-version":[{"id":33591,"href":"https:\/\/solumeca.com\/index.php?rest_route=\/wp\/v2\/product\/33561\/revisions\/33591"}],"wp:featuredmedia":[{"embeddable":true,"href":"https:\/\/solumeca.com\/index.php?rest_route=\/wp\/v2\/media\/22188"}],"wp:attachment":[{"href":"https:\/\/solumeca.com\/index.php?rest_route=%2Fwp%2Fv2%2Fmedia&parent=33561"}],"wp:term":[{"taxonomy":"product_brand","embeddable":true,"href":"https:\/\/solumeca.com\/index.php?rest_route=%2Fwp%2Fv2%2Fproduct_brand&post=33561"},{"taxonomy":"product_cat","embeddable":true,"href":"https:\/\/solumeca.com\/index.php?rest_route=%2Fwp%2Fv2%2Fproduct_cat&post=33561"},{"taxonomy":"product_tag","embeddable":true,"href":"https:\/\/solumeca.com\/index.php?rest_route=%2Fwp%2Fv2%2Fproduct_tag&post=33561"}],"curies":[{"name":"wp","href":"https:\/\/api.w.org\/{rel}","templated":true}]}}