{"id":33554,"date":"2026-03-17T20:52:32","date_gmt":"2026-03-17T19:52:32","guid":{"rendered":"https:\/\/solumeca.com\/?post_type=product&#038;p=33554"},"modified":"2026-03-17T20:52:36","modified_gmt":"2026-03-17T19:52:36","slug":"juego-de-80-herramientas-dielectricas-con-maletin-y-rueda-wiha-32800","status":"publish","type":"product","link":"https:\/\/solumeca.com\/?product=juego-de-80-herramientas-dielectricas-con-maletin-y-rueda-wiha-32800","title":{"rendered":"JUEGO DE 80 HERRAMIENTAS DIELECTRICAS CON MALETIN Y RUEDA  WIHA &#8211; 32800"},"content":{"rendered":"","protected":false},"excerpt":{"rendered":"<ul>\n<li>Probado individualmente a 10.000 voltios AC y clasificado a 1.000 voltios AC para la seguridad y la tranquilidad<\/li>\n<li>Rolling Tool Case Dimensions: 22&#8243; x 13 3\/4&#8243; x 9&#8243;<\/li>\n<li>Caso apretando el agua enrollable mantiene sus herramientas seguras<\/li>\n<li>Custom Molded Rolling Carry Case &#8211; Soluci\u00f3n de sitio de trabajo<\/li>\n<li>Cada herramienta se ha dedicado a una posici\u00f3n para las recuperaciones de almacenamiento f\u00e1cil<\/li>\n<li>Proceso riguroso de tratamiento t\u00e9rmico para la m\u00e1xima resistencia<\/li>\n<li>Respaldado por la garant\u00eda Wiha No Hassle<\/li>\n<li>Hecho en Alemania<\/li>\n<li>California Prop 65 Advertencia<\/li>\n<\/ul>\n","protected":false},"featured_media":22155,"comment_status":"closed","ping_status":"closed","template":"","meta":[],"product_brand":[],"product_cat":[327],"product_tag":[],"class_list":{"0":"post-33554","1":"product","2":"type-product","3":"status-publish","4":"has-post-thumbnail","6":"product_cat-wiha","8":"first","9":"instock","10":"taxable","11":"shipping-taxable","12":"purchasable","13":"product-type-simple"},"yoast_head":"<!-- This site is optimized with the Yoast SEO Premium plugin v22.5 (Yoast SEO v22.6) - https:\/\/yoast.com\/wordpress\/plugins\/seo\/ -->\n<title>JUEGO DE 80 HERRAMIENTAS DIELECTRICAS CON MALETIN Y RUEDA WIHA - 32800 - Herramientas Industriales - Equipos de Seguridad - Solumeca.com<\/title>\n<meta name=\"robots\" content=\"index, follow, max-snippet:-1, max-image-preview:large, max-video-preview:-1\" \/>\n<link rel=\"canonical\" href=\"https:\/\/solumeca.com\/?product=juego-de-80-herramientas-dielectricas-con-maletin-y-rueda-wiha-32800\" \/>\n<meta property=\"og:locale\" content=\"es_ES\" \/>\n<meta property=\"og:type\" content=\"article\" \/>\n<meta property=\"og:title\" content=\"JUEGO DE 80 HERRAMIENTAS DIELECTRICAS CON MALETIN Y RUEDA WIHA - 32800\" \/>\n<meta property=\"og:description\" content=\"Probado individualmente a 10.000 voltios AC y clasificado a 1.000 voltios AC para la seguridad y la tranquilidad  Rolling Tool Case Dimensions: 22&quot; x 13 3\/4&quot; x 9&quot;  Caso apretando el agua enrollable mantiene sus herramientas seguras  Custom Molded Rolling Carry Case - Soluci\u00f3n de sitio de trabajo  Cada herramienta se ha dedicado a una posici\u00f3n para las recuperaciones de almacenamiento f\u00e1cil  Proceso riguroso de tratamiento t\u00e9rmico para la m\u00e1xima resistencia  Respaldado por la garant\u00eda Wiha No Hassle  Hecho en Alemania  California Prop 65 Advertencia\" \/>\n<meta property=\"og:url\" content=\"https:\/\/solumeca.com\/?product=juego-de-80-herramientas-dielectricas-con-maletin-y-rueda-wiha-32800\" \/>\n<meta property=\"og:site_name\" content=\"Herramientas Industriales - Equipos de Seguridad - Solumeca.com\" \/>\n<meta property=\"article:modified_time\" content=\"2026-03-17T19:52:36+00:00\" \/>\n<meta name=\"twitter:card\" content=\"summary_large_image\" \/>\n<script type=\"application\/ld+json\" class=\"yoast-schema-graph\">{\"@context\":\"https:\/\/schema.org\",\"@graph\":[{\"@type\":\"WebPage\",\"@id\":\"https:\/\/solumeca.com\/?product=juego-de-80-herramientas-dielectricas-con-maletin-y-rueda-wiha-32800\",\"url\":\"https:\/\/solumeca.com\/?product=juego-de-80-herramientas-dielectricas-con-maletin-y-rueda-wiha-32800\",\"name\":\"JUEGO DE 80 HERRAMIENTAS DIELECTRICAS CON MALETIN Y RUEDA WIHA - 32800 - Herramientas Industriales - Equipos de Seguridad - Solumeca.com\",\"isPartOf\":{\"@id\":\"https:\/\/solumeca.com\/#website\"},\"primaryImageOfPage\":{\"@id\":\"https:\/\/solumeca.com\/?product=juego-de-80-herramientas-dielectricas-con-maletin-y-rueda-wiha-32800#primaryimage\"},\"image\":{\"@id\":\"https:\/\/solumeca.com\/?product=juego-de-80-herramientas-dielectricas-con-maletin-y-rueda-wiha-32800#primaryimage\"},\"thumbnailUrl\":\"https:\/\/solumeca.com\/wp-content\/uploads\/2026\/03\/jgnszdsfphrzfv61eixd_800x.webp\",\"datePublished\":\"2026-03-17T19:52:32+00:00\",\"dateModified\":\"2026-03-17T19:52:36+00:00\",\"breadcrumb\":{\"@id\":\"https:\/\/solumeca.com\/?product=juego-de-80-herramientas-dielectricas-con-maletin-y-rueda-wiha-32800#breadcrumb\"},\"inLanguage\":\"es\",\"potentialAction\":[{\"@type\":\"ReadAction\",\"target\":[\"https:\/\/solumeca.com\/?product=juego-de-80-herramientas-dielectricas-con-maletin-y-rueda-wiha-32800\"]}]},{\"@type\":\"ImageObject\",\"inLanguage\":\"es\",\"@id\":\"https:\/\/solumeca.com\/?product=juego-de-80-herramientas-dielectricas-con-maletin-y-rueda-wiha-32800#primaryimage\",\"url\":\"https:\/\/solumeca.com\/wp-content\/uploads\/2026\/03\/jgnszdsfphrzfv61eixd_800x.webp\",\"contentUrl\":\"https:\/\/solumeca.com\/wp-content\/uploads\/2026\/03\/jgnszdsfphrzfv61eixd_800x.webp\",\"width\":800,\"height\":800},{\"@type\":\"BreadcrumbList\",\"@id\":\"https:\/\/solumeca.com\/?product=juego-de-80-herramientas-dielectricas-con-maletin-y-rueda-wiha-32800#breadcrumb\",\"itemListElement\":[{\"@type\":\"ListItem\",\"position\":1,\"name\":\"Portada\",\"item\":\"https:\/\/solumeca.com\/\"},{\"@type\":\"ListItem\",\"position\":2,\"name\":\"Shop\",\"item\":\"https:\/\/solumeca.com\/?page_id=10\"},{\"@type\":\"ListItem\",\"position\":3,\"name\":\"JUEGO DE 80 HERRAMIENTAS DIELECTRICAS CON MALETIN Y RUEDA WIHA &#8211; 32800\"}]},{\"@type\":\"WebSite\",\"@id\":\"https:\/\/solumeca.com\/#website\",\"url\":\"https:\/\/solumeca.com\/\",\"name\":\"SOS Integral - Equipos de Seguridad - Herramientas Industriales\",\"description\":\"Equipos de Seguridad, Santo Domingo, Republica Dominicana, Herramientas Industriales,Tel.: (809) 274-3888 \/ Info@solumeca.com\",\"publisher\":{\"@id\":\"https:\/\/solumeca.com\/#organization\"},\"potentialAction\":[{\"@type\":\"SearchAction\",\"target\":{\"@type\":\"EntryPoint\",\"urlTemplate\":\"https:\/\/solumeca.com\/?s={search_term_string}\"},\"query-input\":\"required name=search_term_string\"}],\"inLanguage\":\"es\"},{\"@type\":\"Organization\",\"@id\":\"https:\/\/solumeca.com\/#organization\",\"name\":\"SOS Integral - Equipos de Seguridad - Herramientas Industriales\",\"url\":\"https:\/\/solumeca.com\/\",\"logo\":{\"@type\":\"ImageObject\",\"inLanguage\":\"es\",\"@id\":\"https:\/\/solumeca.com\/#\/schema\/logo\/image\/\",\"url\":\"https:\/\/solumeca.com\/wp-content\/uploads\/2024\/04\/equipos-de-seguridad-sos-2.png\",\"contentUrl\":\"https:\/\/solumeca.com\/wp-content\/uploads\/2024\/04\/equipos-de-seguridad-sos-2.png\",\"width\":600,\"height\":259,\"caption\":\"SOS Integral - Equipos de Seguridad - Herramientas Industriales\"},\"image\":{\"@id\":\"https:\/\/solumeca.com\/#\/schema\/logo\/image\/\"},\"sameAs\":[\"https:\/\/www.instagram.com\/sosintegralrd\/\"]}]}<\/script>\n<!-- \/ Yoast SEO Premium plugin. -->","yoast_head_json":{"title":"JUEGO DE 80 HERRAMIENTAS DIELECTRICAS CON MALETIN Y RUEDA WIHA - 32800 - Herramientas Industriales - Equipos de Seguridad - Solumeca.com","robots":{"index":"index","follow":"follow","max-snippet":"max-snippet:-1","max-image-preview":"max-image-preview:large","max-video-preview":"max-video-preview:-1"},"canonical":"https:\/\/solumeca.com\/?product=juego-de-80-herramientas-dielectricas-con-maletin-y-rueda-wiha-32800","og_locale":"es_ES","og_type":"article","og_title":"JUEGO DE 80 HERRAMIENTAS DIELECTRICAS CON MALETIN Y RUEDA WIHA - 32800","og_description":"Probado individualmente a 10.000 voltios AC y clasificado a 1.000 voltios AC para la seguridad y la tranquilidad  Rolling Tool Case Dimensions: 22\" x 13 3\/4\" x 9\"  Caso apretando el agua enrollable mantiene sus herramientas seguras  Custom Molded Rolling Carry Case - Soluci\u00f3n de sitio de trabajo  Cada herramienta se ha dedicado a una posici\u00f3n para las recuperaciones de almacenamiento f\u00e1cil  Proceso riguroso de tratamiento t\u00e9rmico para la m\u00e1xima resistencia  Respaldado por la garant\u00eda Wiha No Hassle  Hecho en Alemania  California Prop 65 Advertencia","og_url":"https:\/\/solumeca.com\/?product=juego-de-80-herramientas-dielectricas-con-maletin-y-rueda-wiha-32800","og_site_name":"Herramientas Industriales - Equipos de Seguridad - Solumeca.com","article_modified_time":"2026-03-17T19:52:36+00:00","twitter_card":"summary_large_image","schema":{"@context":"https:\/\/schema.org","@graph":[{"@type":"WebPage","@id":"https:\/\/solumeca.com\/?product=juego-de-80-herramientas-dielectricas-con-maletin-y-rueda-wiha-32800","url":"https:\/\/solumeca.com\/?product=juego-de-80-herramientas-dielectricas-con-maletin-y-rueda-wiha-32800","name":"JUEGO DE 80 HERRAMIENTAS DIELECTRICAS CON MALETIN Y RUEDA WIHA - 32800 - Herramientas Industriales - Equipos de Seguridad - Solumeca.com","isPartOf":{"@id":"https:\/\/solumeca.com\/#website"},"primaryImageOfPage":{"@id":"https:\/\/solumeca.com\/?product=juego-de-80-herramientas-dielectricas-con-maletin-y-rueda-wiha-32800#primaryimage"},"image":{"@id":"https:\/\/solumeca.com\/?product=juego-de-80-herramientas-dielectricas-con-maletin-y-rueda-wiha-32800#primaryimage"},"thumbnailUrl":"https:\/\/solumeca.com\/wp-content\/uploads\/2026\/03\/jgnszdsfphrzfv61eixd_800x.webp","datePublished":"2026-03-17T19:52:32+00:00","dateModified":"2026-03-17T19:52:36+00:00","breadcrumb":{"@id":"https:\/\/solumeca.com\/?product=juego-de-80-herramientas-dielectricas-con-maletin-y-rueda-wiha-32800#breadcrumb"},"inLanguage":"es","potentialAction":[{"@type":"ReadAction","target":["https:\/\/solumeca.com\/?product=juego-de-80-herramientas-dielectricas-con-maletin-y-rueda-wiha-32800"]}]},{"@type":"ImageObject","inLanguage":"es","@id":"https:\/\/solumeca.com\/?product=juego-de-80-herramientas-dielectricas-con-maletin-y-rueda-wiha-32800#primaryimage","url":"https:\/\/solumeca.com\/wp-content\/uploads\/2026\/03\/jgnszdsfphrzfv61eixd_800x.webp","contentUrl":"https:\/\/solumeca.com\/wp-content\/uploads\/2026\/03\/jgnszdsfphrzfv61eixd_800x.webp","width":800,"height":800},{"@type":"BreadcrumbList","@id":"https:\/\/solumeca.com\/?product=juego-de-80-herramientas-dielectricas-con-maletin-y-rueda-wiha-32800#breadcrumb","itemListElement":[{"@type":"ListItem","position":1,"name":"Portada","item":"https:\/\/solumeca.com\/"},{"@type":"ListItem","position":2,"name":"Shop","item":"https:\/\/solumeca.com\/?page_id=10"},{"@type":"ListItem","position":3,"name":"JUEGO DE 80 HERRAMIENTAS DIELECTRICAS CON MALETIN Y RUEDA WIHA &#8211; 32800"}]},{"@type":"WebSite","@id":"https:\/\/solumeca.com\/#website","url":"https:\/\/solumeca.com\/","name":"SOS Integral - Equipos de Seguridad - Herramientas Industriales","description":"Equipos de Seguridad, Santo Domingo, Republica Dominicana, Herramientas Industriales,Tel.: (809) 274-3888 \/ Info@solumeca.com","publisher":{"@id":"https:\/\/solumeca.com\/#organization"},"potentialAction":[{"@type":"SearchAction","target":{"@type":"EntryPoint","urlTemplate":"https:\/\/solumeca.com\/?s={search_term_string}"},"query-input":"required name=search_term_string"}],"inLanguage":"es"},{"@type":"Organization","@id":"https:\/\/solumeca.com\/#organization","name":"SOS Integral - Equipos de Seguridad - Herramientas Industriales","url":"https:\/\/solumeca.com\/","logo":{"@type":"ImageObject","inLanguage":"es","@id":"https:\/\/solumeca.com\/#\/schema\/logo\/image\/","url":"https:\/\/solumeca.com\/wp-content\/uploads\/2024\/04\/equipos-de-seguridad-sos-2.png","contentUrl":"https:\/\/solumeca.com\/wp-content\/uploads\/2024\/04\/equipos-de-seguridad-sos-2.png","width":600,"height":259,"caption":"SOS Integral - Equipos de Seguridad - Herramientas Industriales"},"image":{"@id":"https:\/\/solumeca.com\/#\/schema\/logo\/image\/"},"sameAs":["https:\/\/www.instagram.com\/sosintegralrd\/"]}]}},"_links":{"self":[{"href":"https:\/\/solumeca.com\/index.php?rest_route=\/wp\/v2\/product\/33554","targetHints":{"allow":["GET"]}}],"collection":[{"href":"https:\/\/solumeca.com\/index.php?rest_route=\/wp\/v2\/product"}],"about":[{"href":"https:\/\/solumeca.com\/index.php?rest_route=\/wp\/v2\/types\/product"}],"replies":[{"embeddable":true,"href":"https:\/\/solumeca.com\/index.php?rest_route=%2Fwp%2Fv2%2Fcomments&post=33554"}],"version-history":[{"count":1,"href":"https:\/\/solumeca.com\/index.php?rest_route=\/wp\/v2\/product\/33554\/revisions"}],"predecessor-version":[{"id":33584,"href":"https:\/\/solumeca.com\/index.php?rest_route=\/wp\/v2\/product\/33554\/revisions\/33584"}],"wp:featuredmedia":[{"embeddable":true,"href":"https:\/\/solumeca.com\/index.php?rest_route=\/wp\/v2\/media\/22155"}],"wp:attachment":[{"href":"https:\/\/solumeca.com\/index.php?rest_route=%2Fwp%2Fv2%2Fmedia&parent=33554"}],"wp:term":[{"taxonomy":"product_brand","embeddable":true,"href":"https:\/\/solumeca.com\/index.php?rest_route=%2Fwp%2Fv2%2Fproduct_brand&post=33554"},{"taxonomy":"product_cat","embeddable":true,"href":"https:\/\/solumeca.com\/index.php?rest_route=%2Fwp%2Fv2%2Fproduct_cat&post=33554"},{"taxonomy":"product_tag","embeddable":true,"href":"https:\/\/solumeca.com\/index.php?rest_route=%2Fwp%2Fv2%2Fproduct_tag&post=33554"}],"curies":[{"name":"wp","href":"https:\/\/api.w.org\/{rel}","templated":true}]}}