{"id":33518,"date":"2026-03-17T20:52:18","date_gmt":"2026-03-17T19:52:18","guid":{"rendered":"https:\/\/solumeca.com\/?post_type=product&#038;p=33518"},"modified":"2026-03-17T20:52:30","modified_gmt":"2026-03-17T19:52:30","slug":"juego-de-6-destornilladores-tipo-cubo-aislado-a-1000v-de-6-a-10mm-wiha-32291","status":"publish","type":"product","link":"https:\/\/solumeca.com\/?product=juego-de-6-destornilladores-tipo-cubo-aislado-a-1000v-de-6-a-10mm-wiha-32291","title":{"rendered":"JUEGO DE 6 DESTORNILLADORES TIPO CUBO AISLADO A 1000V, DE 6 A 10MM WIHA &#8211; 32291"},"content":{"rendered":"","protected":false},"excerpt":{"rendered":"<ul>\n<li>Set Incluye: 6.0, 7.0, 8.0, 9.0, 10.0mm<\/li>\n<li>Probado individualmente a 10.000 voltios AC y clasificado a 1.000 voltios AC<\/li>\n<li>Mango de tama\u00f1o proporcional a la hoja para una ventaja mec\u00e1nica consistente<\/li>\n<li>SoftFinish coj\u00edn mango de agarre para mayor comodidad y control<\/li>\n<li>Perfil de la punta etiquetado en la tapa para una f\u00e1cil identificaci\u00f3n<\/li>\n<li>Consejo mecanizada de precisi\u00f3n de ajuste exacto para la reducci\u00f3n de la leva<\/li>\n<li>Wiha de acero de calidad premium para resistencia y durabilidad<\/li>\n<\/ul>\n","protected":false},"featured_media":22132,"comment_status":"closed","ping_status":"closed","template":"","meta":[],"product_brand":[],"product_cat":[343,326,327],"product_tag":[],"class_list":{"0":"post-33518","1":"product","2":"type-product","3":"status-publish","4":"has-post-thumbnail","6":"product_cat-cubos","7":"product_cat-destornilladores","8":"product_cat-wiha","10":"first","11":"instock","12":"taxable","13":"shipping-taxable","14":"purchasable","15":"product-type-simple"},"yoast_head":"<!-- This site is optimized with the Yoast SEO Premium plugin v22.5 (Yoast SEO v22.6) - https:\/\/yoast.com\/wordpress\/plugins\/seo\/ -->\n<title>JUEGO DE 6 DESTORNILLADORES TIPO CUBO AISLADO A 1000V, DE 6 A 10MM WIHA - 32291 - Herramientas Industriales - Equipos de Seguridad - Solumeca.com<\/title>\n<meta name=\"robots\" content=\"index, follow, max-snippet:-1, max-image-preview:large, max-video-preview:-1\" \/>\n<link rel=\"canonical\" href=\"https:\/\/solumeca.com\/?product=juego-de-6-destornilladores-tipo-cubo-aislado-a-1000v-de-6-a-10mm-wiha-32291\" \/>\n<meta property=\"og:locale\" content=\"es_ES\" \/>\n<meta property=\"og:type\" content=\"article\" \/>\n<meta property=\"og:title\" content=\"JUEGO DE 6 DESTORNILLADORES TIPO CUBO AISLADO A 1000V, DE 6 A 10MM WIHA - 32291\" \/>\n<meta property=\"og:description\" content=\"Set Incluye: 6.0, 7.0, 8.0, 9.0, 10.0mm  Probado individualmente a 10.000 voltios AC y clasificado a 1.000 voltios AC  Mango de tama\u00f1o proporcional a la hoja para una ventaja mec\u00e1nica consistente  SoftFinish coj\u00edn mango de agarre para mayor comodidad y control  Perfil de la punta etiquetado en la tapa para una f\u00e1cil identificaci\u00f3n  Consejo mecanizada de precisi\u00f3n de ajuste exacto para la reducci\u00f3n de la leva  Wiha de acero de calidad premium para resistencia y durabilidad\" \/>\n<meta property=\"og:url\" content=\"https:\/\/solumeca.com\/?product=juego-de-6-destornilladores-tipo-cubo-aislado-a-1000v-de-6-a-10mm-wiha-32291\" \/>\n<meta property=\"og:site_name\" content=\"Herramientas Industriales - Equipos de Seguridad - Solumeca.com\" \/>\n<meta property=\"article:modified_time\" content=\"2026-03-17T19:52:30+00:00\" \/>\n<meta name=\"twitter:card\" content=\"summary_large_image\" \/>\n<script type=\"application\/ld+json\" class=\"yoast-schema-graph\">{\"@context\":\"https:\/\/schema.org\",\"@graph\":[{\"@type\":\"WebPage\",\"@id\":\"https:\/\/solumeca.com\/?product=juego-de-6-destornilladores-tipo-cubo-aislado-a-1000v-de-6-a-10mm-wiha-32291\",\"url\":\"https:\/\/solumeca.com\/?product=juego-de-6-destornilladores-tipo-cubo-aislado-a-1000v-de-6-a-10mm-wiha-32291\",\"name\":\"JUEGO DE 6 DESTORNILLADORES TIPO CUBO AISLADO A 1000V, DE 6 A 10MM WIHA - 32291 - Herramientas Industriales - Equipos de Seguridad - Solumeca.com\",\"isPartOf\":{\"@id\":\"https:\/\/solumeca.com\/#website\"},\"primaryImageOfPage\":{\"@id\":\"https:\/\/solumeca.com\/?product=juego-de-6-destornilladores-tipo-cubo-aislado-a-1000v-de-6-a-10mm-wiha-32291#primaryimage\"},\"image\":{\"@id\":\"https:\/\/solumeca.com\/?product=juego-de-6-destornilladores-tipo-cubo-aislado-a-1000v-de-6-a-10mm-wiha-32291#primaryimage\"},\"thumbnailUrl\":\"https:\/\/solumeca.com\/wp-content\/uploads\/2026\/03\/fvjtb4ckmtfr09ajkgcl_800x.webp\",\"datePublished\":\"2026-03-17T19:52:18+00:00\",\"dateModified\":\"2026-03-17T19:52:30+00:00\",\"breadcrumb\":{\"@id\":\"https:\/\/solumeca.com\/?product=juego-de-6-destornilladores-tipo-cubo-aislado-a-1000v-de-6-a-10mm-wiha-32291#breadcrumb\"},\"inLanguage\":\"es\",\"potentialAction\":[{\"@type\":\"ReadAction\",\"target\":[\"https:\/\/solumeca.com\/?product=juego-de-6-destornilladores-tipo-cubo-aislado-a-1000v-de-6-a-10mm-wiha-32291\"]}]},{\"@type\":\"ImageObject\",\"inLanguage\":\"es\",\"@id\":\"https:\/\/solumeca.com\/?product=juego-de-6-destornilladores-tipo-cubo-aislado-a-1000v-de-6-a-10mm-wiha-32291#primaryimage\",\"url\":\"https:\/\/solumeca.com\/wp-content\/uploads\/2026\/03\/fvjtb4ckmtfr09ajkgcl_800x.webp\",\"contentUrl\":\"https:\/\/solumeca.com\/wp-content\/uploads\/2026\/03\/fvjtb4ckmtfr09ajkgcl_800x.webp\",\"width\":800,\"height\":800},{\"@type\":\"BreadcrumbList\",\"@id\":\"https:\/\/solumeca.com\/?product=juego-de-6-destornilladores-tipo-cubo-aislado-a-1000v-de-6-a-10mm-wiha-32291#breadcrumb\",\"itemListElement\":[{\"@type\":\"ListItem\",\"position\":1,\"name\":\"Portada\",\"item\":\"https:\/\/solumeca.com\/\"},{\"@type\":\"ListItem\",\"position\":2,\"name\":\"Shop\",\"item\":\"https:\/\/solumeca.com\/?page_id=10\"},{\"@type\":\"ListItem\",\"position\":3,\"name\":\"JUEGO DE 6 DESTORNILLADORES TIPO CUBO AISLADO A 1000V, DE 6 A 10MM WIHA &#8211; 32291\"}]},{\"@type\":\"WebSite\",\"@id\":\"https:\/\/solumeca.com\/#website\",\"url\":\"https:\/\/solumeca.com\/\",\"name\":\"SOS Integral - Equipos de Seguridad - Herramientas Industriales\",\"description\":\"Equipos de Seguridad, Santo Domingo, Republica Dominicana, Herramientas Industriales,Tel.: (809) 274-3888 \/ Info@solumeca.com\",\"publisher\":{\"@id\":\"https:\/\/solumeca.com\/#organization\"},\"potentialAction\":[{\"@type\":\"SearchAction\",\"target\":{\"@type\":\"EntryPoint\",\"urlTemplate\":\"https:\/\/solumeca.com\/?s={search_term_string}\"},\"query-input\":\"required name=search_term_string\"}],\"inLanguage\":\"es\"},{\"@type\":\"Organization\",\"@id\":\"https:\/\/solumeca.com\/#organization\",\"name\":\"SOS Integral - Equipos de Seguridad - Herramientas Industriales\",\"url\":\"https:\/\/solumeca.com\/\",\"logo\":{\"@type\":\"ImageObject\",\"inLanguage\":\"es\",\"@id\":\"https:\/\/solumeca.com\/#\/schema\/logo\/image\/\",\"url\":\"https:\/\/solumeca.com\/wp-content\/uploads\/2024\/04\/equipos-de-seguridad-sos-2.png\",\"contentUrl\":\"https:\/\/solumeca.com\/wp-content\/uploads\/2024\/04\/equipos-de-seguridad-sos-2.png\",\"width\":600,\"height\":259,\"caption\":\"SOS Integral - Equipos de Seguridad - Herramientas Industriales\"},\"image\":{\"@id\":\"https:\/\/solumeca.com\/#\/schema\/logo\/image\/\"},\"sameAs\":[\"https:\/\/www.instagram.com\/sosintegralrd\/\"]}]}<\/script>\n<!-- \/ Yoast SEO Premium plugin. -->","yoast_head_json":{"title":"JUEGO DE 6 DESTORNILLADORES TIPO CUBO AISLADO A 1000V, DE 6 A 10MM WIHA - 32291 - Herramientas Industriales - Equipos de Seguridad - Solumeca.com","robots":{"index":"index","follow":"follow","max-snippet":"max-snippet:-1","max-image-preview":"max-image-preview:large","max-video-preview":"max-video-preview:-1"},"canonical":"https:\/\/solumeca.com\/?product=juego-de-6-destornilladores-tipo-cubo-aislado-a-1000v-de-6-a-10mm-wiha-32291","og_locale":"es_ES","og_type":"article","og_title":"JUEGO DE 6 DESTORNILLADORES TIPO CUBO AISLADO A 1000V, DE 6 A 10MM WIHA - 32291","og_description":"Set Incluye: 6.0, 7.0, 8.0, 9.0, 10.0mm  Probado individualmente a 10.000 voltios AC y clasificado a 1.000 voltios AC  Mango de tama\u00f1o proporcional a la hoja para una ventaja mec\u00e1nica consistente  SoftFinish coj\u00edn mango de agarre para mayor comodidad y control  Perfil de la punta etiquetado en la tapa para una f\u00e1cil identificaci\u00f3n  Consejo mecanizada de precisi\u00f3n de ajuste exacto para la reducci\u00f3n de la leva  Wiha de acero de calidad premium para resistencia y durabilidad","og_url":"https:\/\/solumeca.com\/?product=juego-de-6-destornilladores-tipo-cubo-aislado-a-1000v-de-6-a-10mm-wiha-32291","og_site_name":"Herramientas Industriales - Equipos de Seguridad - Solumeca.com","article_modified_time":"2026-03-17T19:52:30+00:00","twitter_card":"summary_large_image","schema":{"@context":"https:\/\/schema.org","@graph":[{"@type":"WebPage","@id":"https:\/\/solumeca.com\/?product=juego-de-6-destornilladores-tipo-cubo-aislado-a-1000v-de-6-a-10mm-wiha-32291","url":"https:\/\/solumeca.com\/?product=juego-de-6-destornilladores-tipo-cubo-aislado-a-1000v-de-6-a-10mm-wiha-32291","name":"JUEGO DE 6 DESTORNILLADORES TIPO CUBO AISLADO A 1000V, DE 6 A 10MM WIHA - 32291 - Herramientas Industriales - Equipos de Seguridad - Solumeca.com","isPartOf":{"@id":"https:\/\/solumeca.com\/#website"},"primaryImageOfPage":{"@id":"https:\/\/solumeca.com\/?product=juego-de-6-destornilladores-tipo-cubo-aislado-a-1000v-de-6-a-10mm-wiha-32291#primaryimage"},"image":{"@id":"https:\/\/solumeca.com\/?product=juego-de-6-destornilladores-tipo-cubo-aislado-a-1000v-de-6-a-10mm-wiha-32291#primaryimage"},"thumbnailUrl":"https:\/\/solumeca.com\/wp-content\/uploads\/2026\/03\/fvjtb4ckmtfr09ajkgcl_800x.webp","datePublished":"2026-03-17T19:52:18+00:00","dateModified":"2026-03-17T19:52:30+00:00","breadcrumb":{"@id":"https:\/\/solumeca.com\/?product=juego-de-6-destornilladores-tipo-cubo-aislado-a-1000v-de-6-a-10mm-wiha-32291#breadcrumb"},"inLanguage":"es","potentialAction":[{"@type":"ReadAction","target":["https:\/\/solumeca.com\/?product=juego-de-6-destornilladores-tipo-cubo-aislado-a-1000v-de-6-a-10mm-wiha-32291"]}]},{"@type":"ImageObject","inLanguage":"es","@id":"https:\/\/solumeca.com\/?product=juego-de-6-destornilladores-tipo-cubo-aislado-a-1000v-de-6-a-10mm-wiha-32291#primaryimage","url":"https:\/\/solumeca.com\/wp-content\/uploads\/2026\/03\/fvjtb4ckmtfr09ajkgcl_800x.webp","contentUrl":"https:\/\/solumeca.com\/wp-content\/uploads\/2026\/03\/fvjtb4ckmtfr09ajkgcl_800x.webp","width":800,"height":800},{"@type":"BreadcrumbList","@id":"https:\/\/solumeca.com\/?product=juego-de-6-destornilladores-tipo-cubo-aislado-a-1000v-de-6-a-10mm-wiha-32291#breadcrumb","itemListElement":[{"@type":"ListItem","position":1,"name":"Portada","item":"https:\/\/solumeca.com\/"},{"@type":"ListItem","position":2,"name":"Shop","item":"https:\/\/solumeca.com\/?page_id=10"},{"@type":"ListItem","position":3,"name":"JUEGO DE 6 DESTORNILLADORES TIPO CUBO AISLADO A 1000V, DE 6 A 10MM WIHA &#8211; 32291"}]},{"@type":"WebSite","@id":"https:\/\/solumeca.com\/#website","url":"https:\/\/solumeca.com\/","name":"SOS Integral - Equipos de Seguridad - Herramientas Industriales","description":"Equipos de Seguridad, Santo Domingo, Republica Dominicana, Herramientas Industriales,Tel.: (809) 274-3888 \/ Info@solumeca.com","publisher":{"@id":"https:\/\/solumeca.com\/#organization"},"potentialAction":[{"@type":"SearchAction","target":{"@type":"EntryPoint","urlTemplate":"https:\/\/solumeca.com\/?s={search_term_string}"},"query-input":"required name=search_term_string"}],"inLanguage":"es"},{"@type":"Organization","@id":"https:\/\/solumeca.com\/#organization","name":"SOS Integral - Equipos de Seguridad - Herramientas Industriales","url":"https:\/\/solumeca.com\/","logo":{"@type":"ImageObject","inLanguage":"es","@id":"https:\/\/solumeca.com\/#\/schema\/logo\/image\/","url":"https:\/\/solumeca.com\/wp-content\/uploads\/2024\/04\/equipos-de-seguridad-sos-2.png","contentUrl":"https:\/\/solumeca.com\/wp-content\/uploads\/2024\/04\/equipos-de-seguridad-sos-2.png","width":600,"height":259,"caption":"SOS Integral - Equipos de Seguridad - Herramientas Industriales"},"image":{"@id":"https:\/\/solumeca.com\/#\/schema\/logo\/image\/"},"sameAs":["https:\/\/www.instagram.com\/sosintegralrd\/"]}]}},"_links":{"self":[{"href":"https:\/\/solumeca.com\/index.php?rest_route=\/wp\/v2\/product\/33518","targetHints":{"allow":["GET"]}}],"collection":[{"href":"https:\/\/solumeca.com\/index.php?rest_route=\/wp\/v2\/product"}],"about":[{"href":"https:\/\/solumeca.com\/index.php?rest_route=\/wp\/v2\/types\/product"}],"replies":[{"embeddable":true,"href":"https:\/\/solumeca.com\/index.php?rest_route=%2Fwp%2Fv2%2Fcomments&post=33518"}],"version-history":[{"count":1,"href":"https:\/\/solumeca.com\/index.php?rest_route=\/wp\/v2\/product\/33518\/revisions"}],"predecessor-version":[{"id":33548,"href":"https:\/\/solumeca.com\/index.php?rest_route=\/wp\/v2\/product\/33518\/revisions\/33548"}],"wp:featuredmedia":[{"embeddable":true,"href":"https:\/\/solumeca.com\/index.php?rest_route=\/wp\/v2\/media\/22132"}],"wp:attachment":[{"href":"https:\/\/solumeca.com\/index.php?rest_route=%2Fwp%2Fv2%2Fmedia&parent=33518"}],"wp:term":[{"taxonomy":"product_brand","embeddable":true,"href":"https:\/\/solumeca.com\/index.php?rest_route=%2Fwp%2Fv2%2Fproduct_brand&post=33518"},{"taxonomy":"product_cat","embeddable":true,"href":"https:\/\/solumeca.com\/index.php?rest_route=%2Fwp%2Fv2%2Fproduct_cat&post=33518"},{"taxonomy":"product_tag","embeddable":true,"href":"https:\/\/solumeca.com\/index.php?rest_route=%2Fwp%2Fv2%2Fproduct_tag&post=33518"}],"curies":[{"name":"wp","href":"https:\/\/api.w.org\/{rel}","templated":true}]}}