{"id":33451,"date":"2026-03-17T20:52:01","date_gmt":"2026-03-17T19:52:01","guid":{"rendered":"https:\/\/solumeca.com\/?post_type=product&#038;p=33451"},"modified":"2026-03-17T20:52:11","modified_gmt":"2026-03-17T19:52:11","slug":"destornillador-plano-4-5mm-x-125mm-insulado-1000vt-wiha-32024","status":"publish","type":"product","link":"https:\/\/solumeca.com\/?product=destornillador-plano-4-5mm-x-125mm-insulado-1000vt-wiha-32024","title":{"rendered":"DESTORNILLADOR PLANO 4.5MM X 125MM INSULADO 1000VT WIHA &#8211; 32024"},"content":{"rendered":"","protected":false},"excerpt":{"rendered":"<ul>\n<li>Mango de agarre de coj\u00edn ergon\u00f3mico para la comodidad y el control<\/li>\n<li>Construcci\u00f3n de doble durometros para durabilidad de larga duraci\u00f3n<\/li>\n<li>Maneque directamente moldeado a la hoja para el enlace permanente<\/li>\n<li>Tama\u00f1o de mango proporcional a la cuchilla para una ventaja mec\u00e1nica consistente<\/li>\n<li>Apartes paralelos para la prevenci\u00f3n del rodado<\/li>\n<li>Perfil de la punta etiquetado en la tapa para una f\u00e1cil identificaci\u00f3n<\/li>\n<\/ul>\n","protected":false},"featured_media":25058,"comment_status":"closed","ping_status":"closed","template":"","meta":[],"product_brand":[],"product_cat":[326,327],"product_tag":[],"class_list":{"0":"post-33451","1":"product","2":"type-product","3":"status-publish","4":"has-post-thumbnail","6":"product_cat-destornilladores","7":"product_cat-wiha","9":"first","10":"instock","11":"taxable","12":"shipping-taxable","13":"purchasable","14":"product-type-simple"},"yoast_head":"<!-- This site is optimized with the Yoast SEO Premium plugin v22.5 (Yoast SEO v22.6) - https:\/\/yoast.com\/wordpress\/plugins\/seo\/ -->\n<title>DESTORNILLADOR PLANO 4.5MM X 125MM INSULADO 1000VT WIHA - 32024 - Herramientas Industriales - Equipos de Seguridad - Solumeca.com<\/title>\n<meta name=\"robots\" content=\"index, follow, max-snippet:-1, max-image-preview:large, max-video-preview:-1\" \/>\n<link rel=\"canonical\" href=\"https:\/\/solumeca.com\/?product=destornillador-plano-4-5mm-x-125mm-insulado-1000vt-wiha-32024\" \/>\n<meta property=\"og:locale\" content=\"es_ES\" \/>\n<meta property=\"og:type\" content=\"article\" \/>\n<meta property=\"og:title\" content=\"DESTORNILLADOR PLANO 4.5MM X 125MM INSULADO 1000VT WIHA - 32024\" \/>\n<meta property=\"og:description\" content=\"Mango de agarre de coj\u00edn ergon\u00f3mico para la comodidad y el control  Construcci\u00f3n de doble durometros para durabilidad de larga duraci\u00f3n  Maneque directamente moldeado a la hoja para el enlace permanente  Tama\u00f1o de mango proporcional a la cuchilla para una ventaja mec\u00e1nica consistente  Apartes paralelos para la prevenci\u00f3n del rodado  Perfil de la punta etiquetado en la tapa para una f\u00e1cil identificaci\u00f3n\" \/>\n<meta property=\"og:url\" content=\"https:\/\/solumeca.com\/?product=destornillador-plano-4-5mm-x-125mm-insulado-1000vt-wiha-32024\" \/>\n<meta property=\"og:site_name\" content=\"Herramientas Industriales - Equipos de Seguridad - Solumeca.com\" \/>\n<meta property=\"article:modified_time\" content=\"2026-03-17T19:52:11+00:00\" \/>\n<meta name=\"twitter:card\" content=\"summary_large_image\" \/>\n<script type=\"application\/ld+json\" class=\"yoast-schema-graph\">{\"@context\":\"https:\/\/schema.org\",\"@graph\":[{\"@type\":\"WebPage\",\"@id\":\"https:\/\/solumeca.com\/?product=destornillador-plano-4-5mm-x-125mm-insulado-1000vt-wiha-32024\",\"url\":\"https:\/\/solumeca.com\/?product=destornillador-plano-4-5mm-x-125mm-insulado-1000vt-wiha-32024\",\"name\":\"DESTORNILLADOR PLANO 4.5MM X 125MM INSULADO 1000VT WIHA - 32024 - Herramientas Industriales - Equipos de Seguridad - Solumeca.com\",\"isPartOf\":{\"@id\":\"https:\/\/solumeca.com\/#website\"},\"primaryImageOfPage\":{\"@id\":\"https:\/\/solumeca.com\/?product=destornillador-plano-4-5mm-x-125mm-insulado-1000vt-wiha-32024#primaryimage\"},\"image\":{\"@id\":\"https:\/\/solumeca.com\/?product=destornillador-plano-4-5mm-x-125mm-insulado-1000vt-wiha-32024#primaryimage\"},\"thumbnailUrl\":\"https:\/\/solumeca.com\/wp-content\/uploads\/2026\/03\/3-2.webp\",\"datePublished\":\"2026-03-17T19:52:01+00:00\",\"dateModified\":\"2026-03-17T19:52:11+00:00\",\"breadcrumb\":{\"@id\":\"https:\/\/solumeca.com\/?product=destornillador-plano-4-5mm-x-125mm-insulado-1000vt-wiha-32024#breadcrumb\"},\"inLanguage\":\"es\",\"potentialAction\":[{\"@type\":\"ReadAction\",\"target\":[\"https:\/\/solumeca.com\/?product=destornillador-plano-4-5mm-x-125mm-insulado-1000vt-wiha-32024\"]}]},{\"@type\":\"ImageObject\",\"inLanguage\":\"es\",\"@id\":\"https:\/\/solumeca.com\/?product=destornillador-plano-4-5mm-x-125mm-insulado-1000vt-wiha-32024#primaryimage\",\"url\":\"https:\/\/solumeca.com\/wp-content\/uploads\/2026\/03\/3-2.webp\",\"contentUrl\":\"https:\/\/solumeca.com\/wp-content\/uploads\/2026\/03\/3-2.webp\",\"width\":800,\"height\":800},{\"@type\":\"BreadcrumbList\",\"@id\":\"https:\/\/solumeca.com\/?product=destornillador-plano-4-5mm-x-125mm-insulado-1000vt-wiha-32024#breadcrumb\",\"itemListElement\":[{\"@type\":\"ListItem\",\"position\":1,\"name\":\"Portada\",\"item\":\"https:\/\/solumeca.com\/\"},{\"@type\":\"ListItem\",\"position\":2,\"name\":\"Shop\",\"item\":\"https:\/\/solumeca.com\/?page_id=10\"},{\"@type\":\"ListItem\",\"position\":3,\"name\":\"DESTORNILLADOR PLANO 4.5MM X 125MM INSULADO 1000VT WIHA &#8211; 32024\"}]},{\"@type\":\"WebSite\",\"@id\":\"https:\/\/solumeca.com\/#website\",\"url\":\"https:\/\/solumeca.com\/\",\"name\":\"SOS Integral - Equipos de Seguridad - Herramientas Industriales\",\"description\":\"Equipos de Seguridad, Santo Domingo, Republica Dominicana, Herramientas Industriales,Tel.: (809) 274-3888 \/ Info@solumeca.com\",\"publisher\":{\"@id\":\"https:\/\/solumeca.com\/#organization\"},\"potentialAction\":[{\"@type\":\"SearchAction\",\"target\":{\"@type\":\"EntryPoint\",\"urlTemplate\":\"https:\/\/solumeca.com\/?s={search_term_string}\"},\"query-input\":\"required name=search_term_string\"}],\"inLanguage\":\"es\"},{\"@type\":\"Organization\",\"@id\":\"https:\/\/solumeca.com\/#organization\",\"name\":\"SOS Integral - Equipos de Seguridad - Herramientas Industriales\",\"url\":\"https:\/\/solumeca.com\/\",\"logo\":{\"@type\":\"ImageObject\",\"inLanguage\":\"es\",\"@id\":\"https:\/\/solumeca.com\/#\/schema\/logo\/image\/\",\"url\":\"https:\/\/solumeca.com\/wp-content\/uploads\/2024\/04\/equipos-de-seguridad-sos-2.png\",\"contentUrl\":\"https:\/\/solumeca.com\/wp-content\/uploads\/2024\/04\/equipos-de-seguridad-sos-2.png\",\"width\":600,\"height\":259,\"caption\":\"SOS Integral - Equipos de Seguridad - Herramientas Industriales\"},\"image\":{\"@id\":\"https:\/\/solumeca.com\/#\/schema\/logo\/image\/\"},\"sameAs\":[\"https:\/\/www.instagram.com\/sosintegralrd\/\"]}]}<\/script>\n<!-- \/ Yoast SEO Premium plugin. -->","yoast_head_json":{"title":"DESTORNILLADOR PLANO 4.5MM X 125MM INSULADO 1000VT WIHA - 32024 - Herramientas Industriales - Equipos de Seguridad - Solumeca.com","robots":{"index":"index","follow":"follow","max-snippet":"max-snippet:-1","max-image-preview":"max-image-preview:large","max-video-preview":"max-video-preview:-1"},"canonical":"https:\/\/solumeca.com\/?product=destornillador-plano-4-5mm-x-125mm-insulado-1000vt-wiha-32024","og_locale":"es_ES","og_type":"article","og_title":"DESTORNILLADOR PLANO 4.5MM X 125MM INSULADO 1000VT WIHA - 32024","og_description":"Mango de agarre de coj\u00edn ergon\u00f3mico para la comodidad y el control  Construcci\u00f3n de doble durometros para durabilidad de larga duraci\u00f3n  Maneque directamente moldeado a la hoja para el enlace permanente  Tama\u00f1o de mango proporcional a la cuchilla para una ventaja mec\u00e1nica consistente  Apartes paralelos para la prevenci\u00f3n del rodado  Perfil de la punta etiquetado en la tapa para una f\u00e1cil identificaci\u00f3n","og_url":"https:\/\/solumeca.com\/?product=destornillador-plano-4-5mm-x-125mm-insulado-1000vt-wiha-32024","og_site_name":"Herramientas Industriales - Equipos de Seguridad - Solumeca.com","article_modified_time":"2026-03-17T19:52:11+00:00","twitter_card":"summary_large_image","schema":{"@context":"https:\/\/schema.org","@graph":[{"@type":"WebPage","@id":"https:\/\/solumeca.com\/?product=destornillador-plano-4-5mm-x-125mm-insulado-1000vt-wiha-32024","url":"https:\/\/solumeca.com\/?product=destornillador-plano-4-5mm-x-125mm-insulado-1000vt-wiha-32024","name":"DESTORNILLADOR PLANO 4.5MM X 125MM INSULADO 1000VT WIHA - 32024 - Herramientas Industriales - Equipos de Seguridad - Solumeca.com","isPartOf":{"@id":"https:\/\/solumeca.com\/#website"},"primaryImageOfPage":{"@id":"https:\/\/solumeca.com\/?product=destornillador-plano-4-5mm-x-125mm-insulado-1000vt-wiha-32024#primaryimage"},"image":{"@id":"https:\/\/solumeca.com\/?product=destornillador-plano-4-5mm-x-125mm-insulado-1000vt-wiha-32024#primaryimage"},"thumbnailUrl":"https:\/\/solumeca.com\/wp-content\/uploads\/2026\/03\/3-2.webp","datePublished":"2026-03-17T19:52:01+00:00","dateModified":"2026-03-17T19:52:11+00:00","breadcrumb":{"@id":"https:\/\/solumeca.com\/?product=destornillador-plano-4-5mm-x-125mm-insulado-1000vt-wiha-32024#breadcrumb"},"inLanguage":"es","potentialAction":[{"@type":"ReadAction","target":["https:\/\/solumeca.com\/?product=destornillador-plano-4-5mm-x-125mm-insulado-1000vt-wiha-32024"]}]},{"@type":"ImageObject","inLanguage":"es","@id":"https:\/\/solumeca.com\/?product=destornillador-plano-4-5mm-x-125mm-insulado-1000vt-wiha-32024#primaryimage","url":"https:\/\/solumeca.com\/wp-content\/uploads\/2026\/03\/3-2.webp","contentUrl":"https:\/\/solumeca.com\/wp-content\/uploads\/2026\/03\/3-2.webp","width":800,"height":800},{"@type":"BreadcrumbList","@id":"https:\/\/solumeca.com\/?product=destornillador-plano-4-5mm-x-125mm-insulado-1000vt-wiha-32024#breadcrumb","itemListElement":[{"@type":"ListItem","position":1,"name":"Portada","item":"https:\/\/solumeca.com\/"},{"@type":"ListItem","position":2,"name":"Shop","item":"https:\/\/solumeca.com\/?page_id=10"},{"@type":"ListItem","position":3,"name":"DESTORNILLADOR PLANO 4.5MM X 125MM INSULADO 1000VT WIHA &#8211; 32024"}]},{"@type":"WebSite","@id":"https:\/\/solumeca.com\/#website","url":"https:\/\/solumeca.com\/","name":"SOS Integral - Equipos de Seguridad - Herramientas Industriales","description":"Equipos de Seguridad, Santo Domingo, Republica Dominicana, Herramientas Industriales,Tel.: (809) 274-3888 \/ Info@solumeca.com","publisher":{"@id":"https:\/\/solumeca.com\/#organization"},"potentialAction":[{"@type":"SearchAction","target":{"@type":"EntryPoint","urlTemplate":"https:\/\/solumeca.com\/?s={search_term_string}"},"query-input":"required name=search_term_string"}],"inLanguage":"es"},{"@type":"Organization","@id":"https:\/\/solumeca.com\/#organization","name":"SOS Integral - Equipos de Seguridad - Herramientas Industriales","url":"https:\/\/solumeca.com\/","logo":{"@type":"ImageObject","inLanguage":"es","@id":"https:\/\/solumeca.com\/#\/schema\/logo\/image\/","url":"https:\/\/solumeca.com\/wp-content\/uploads\/2024\/04\/equipos-de-seguridad-sos-2.png","contentUrl":"https:\/\/solumeca.com\/wp-content\/uploads\/2024\/04\/equipos-de-seguridad-sos-2.png","width":600,"height":259,"caption":"SOS Integral - Equipos de Seguridad - Herramientas Industriales"},"image":{"@id":"https:\/\/solumeca.com\/#\/schema\/logo\/image\/"},"sameAs":["https:\/\/www.instagram.com\/sosintegralrd\/"]}]}},"_links":{"self":[{"href":"https:\/\/solumeca.com\/index.php?rest_route=\/wp\/v2\/product\/33451","targetHints":{"allow":["GET"]}}],"collection":[{"href":"https:\/\/solumeca.com\/index.php?rest_route=\/wp\/v2\/product"}],"about":[{"href":"https:\/\/solumeca.com\/index.php?rest_route=\/wp\/v2\/types\/product"}],"replies":[{"embeddable":true,"href":"https:\/\/solumeca.com\/index.php?rest_route=%2Fwp%2Fv2%2Fcomments&post=33451"}],"version-history":[{"count":1,"href":"https:\/\/solumeca.com\/index.php?rest_route=\/wp\/v2\/product\/33451\/revisions"}],"predecessor-version":[{"id":33481,"href":"https:\/\/solumeca.com\/index.php?rest_route=\/wp\/v2\/product\/33451\/revisions\/33481"}],"wp:featuredmedia":[{"embeddable":true,"href":"https:\/\/solumeca.com\/index.php?rest_route=\/wp\/v2\/media\/25058"}],"wp:attachment":[{"href":"https:\/\/solumeca.com\/index.php?rest_route=%2Fwp%2Fv2%2Fmedia&parent=33451"}],"wp:term":[{"taxonomy":"product_brand","embeddable":true,"href":"https:\/\/solumeca.com\/index.php?rest_route=%2Fwp%2Fv2%2Fproduct_brand&post=33451"},{"taxonomy":"product_cat","embeddable":true,"href":"https:\/\/solumeca.com\/index.php?rest_route=%2Fwp%2Fv2%2Fproduct_cat&post=33451"},{"taxonomy":"product_tag","embeddable":true,"href":"https:\/\/solumeca.com\/index.php?rest_route=%2Fwp%2Fv2%2Fproduct_tag&post=33451"}],"curies":[{"name":"wp","href":"https:\/\/api.w.org\/{rel}","templated":true}]}}