{"id":33320,"date":"2026-03-17T20:51:30","date_gmt":"2026-03-17T19:51:30","guid":{"rendered":"https:\/\/solumeca.com\/?post_type=product&#038;p=33320"},"modified":"2026-03-17T20:51:35","modified_gmt":"2026-03-17T19:51:35","slug":"pinza-pelacable-10-20-awg-aislada-a-1000v-wiha-10250","status":"publish","type":"product","link":"https:\/\/solumeca.com\/?product=pinza-pelacable-10-20-awg-aislada-a-1000v-wiha-10250","title":{"rendered":"PINZA PELACABLE 10-20 AWG AISLADA A 1000V WIHA &#8211; 10250"},"content":{"rendered":"","protected":false},"excerpt":{"rendered":"<ul>\n<li>Dise\u00f1o de mango de deslizan para mayor protecci\u00f3n<\/li>\n<li>Doble aislaci\u00f3n enroculado rojo sobre amarillo<\/li>\n<li>Estaciones de despojo de alambres 0.81 \/ 1.0 \/ 1.35 \/ 1.6 \/ 2.0 \/ 2.59mm, AWG 20 \/ 18 \/ 16 \/ 14 \/ 12 \/ 10<\/li>\n<li>Arranca de cerillas de superficie de agarre y estaciones de despojo de alambre firmes<\/li>\n<li>Negro anti-Glare termina, cortando desgarrando las orillas<\/li>\n<li>Mango de moho directamente moldeado a acero de herramienta para un enlace permanente<\/li>\n<\/ul>\n","protected":false},"featured_media":24884,"comment_status":"closed","ping_status":"closed","template":"","meta":[],"product_brand":[],"product_cat":[328,329,330,320,327],"product_tag":[],"class_list":{"0":"post-33320","1":"product","2":"type-product","3":"status-publish","4":"has-post-thumbnail","6":"product_cat-aislada","7":"product_cat-herramientas-aisladas","8":"product_cat-pela-cable","9":"product_cat-pinzas","10":"product_cat-wiha","12":"first","13":"instock","14":"taxable","15":"shipping-taxable","16":"purchasable","17":"product-type-simple"},"yoast_head":"<!-- This site is optimized with the Yoast SEO Premium plugin v22.5 (Yoast SEO v22.6) - https:\/\/yoast.com\/wordpress\/plugins\/seo\/ -->\n<title>PINZA PELACABLE 10-20 AWG AISLADA A 1000V WIHA - 10250 - Herramientas Industriales - Equipos de Seguridad - Solumeca.com<\/title>\n<meta name=\"robots\" content=\"index, follow, max-snippet:-1, max-image-preview:large, max-video-preview:-1\" \/>\n<link rel=\"canonical\" href=\"https:\/\/solumeca.com\/?product=pinza-pelacable-10-20-awg-aislada-a-1000v-wiha-10250\" \/>\n<meta property=\"og:locale\" content=\"es_ES\" \/>\n<meta property=\"og:type\" content=\"article\" \/>\n<meta property=\"og:title\" content=\"PINZA PELACABLE 10-20 AWG AISLADA A 1000V WIHA - 10250\" \/>\n<meta property=\"og:description\" content=\"Dise\u00f1o de mango de deslizan para mayor protecci\u00f3n  Doble aislaci\u00f3n enroculado rojo sobre amarillo  Estaciones de despojo de alambres 0.81 \/ 1.0 \/ 1.35 \/ 1.6 \/ 2.0 \/ 2.59mm, AWG 20 \/ 18 \/ 16 \/ 14 \/ 12 \/ 10  Arranca de cerillas de superficie de agarre y estaciones de despojo de alambre firmes  Negro anti-Glare termina, cortando desgarrando las orillas  Mango de moho directamente moldeado a acero de herramienta para un enlace permanente\" \/>\n<meta property=\"og:url\" content=\"https:\/\/solumeca.com\/?product=pinza-pelacable-10-20-awg-aislada-a-1000v-wiha-10250\" \/>\n<meta property=\"og:site_name\" content=\"Herramientas Industriales - Equipos de Seguridad - Solumeca.com\" \/>\n<meta property=\"article:modified_time\" content=\"2026-03-17T19:51:35+00:00\" \/>\n<meta name=\"twitter:card\" content=\"summary_large_image\" \/>\n<script type=\"application\/ld+json\" class=\"yoast-schema-graph\">{\"@context\":\"https:\/\/schema.org\",\"@graph\":[{\"@type\":\"WebPage\",\"@id\":\"https:\/\/solumeca.com\/?product=pinza-pelacable-10-20-awg-aislada-a-1000v-wiha-10250\",\"url\":\"https:\/\/solumeca.com\/?product=pinza-pelacable-10-20-awg-aislada-a-1000v-wiha-10250\",\"name\":\"PINZA PELACABLE 10-20 AWG AISLADA A 1000V WIHA - 10250 - Herramientas Industriales - Equipos de Seguridad - Solumeca.com\",\"isPartOf\":{\"@id\":\"https:\/\/solumeca.com\/#website\"},\"primaryImageOfPage\":{\"@id\":\"https:\/\/solumeca.com\/?product=pinza-pelacable-10-20-awg-aislada-a-1000v-wiha-10250#primaryimage\"},\"image\":{\"@id\":\"https:\/\/solumeca.com\/?product=pinza-pelacable-10-20-awg-aislada-a-1000v-wiha-10250#primaryimage\"},\"thumbnailUrl\":\"https:\/\/solumeca.com\/wp-content\/uploads\/2026\/03\/57.webp\",\"datePublished\":\"2026-03-17T19:51:30+00:00\",\"dateModified\":\"2026-03-17T19:51:35+00:00\",\"breadcrumb\":{\"@id\":\"https:\/\/solumeca.com\/?product=pinza-pelacable-10-20-awg-aislada-a-1000v-wiha-10250#breadcrumb\"},\"inLanguage\":\"es\",\"potentialAction\":[{\"@type\":\"ReadAction\",\"target\":[\"https:\/\/solumeca.com\/?product=pinza-pelacable-10-20-awg-aislada-a-1000v-wiha-10250\"]}]},{\"@type\":\"ImageObject\",\"inLanguage\":\"es\",\"@id\":\"https:\/\/solumeca.com\/?product=pinza-pelacable-10-20-awg-aislada-a-1000v-wiha-10250#primaryimage\",\"url\":\"https:\/\/solumeca.com\/wp-content\/uploads\/2026\/03\/57.webp\",\"contentUrl\":\"https:\/\/solumeca.com\/wp-content\/uploads\/2026\/03\/57.webp\",\"width\":800,\"height\":800},{\"@type\":\"BreadcrumbList\",\"@id\":\"https:\/\/solumeca.com\/?product=pinza-pelacable-10-20-awg-aislada-a-1000v-wiha-10250#breadcrumb\",\"itemListElement\":[{\"@type\":\"ListItem\",\"position\":1,\"name\":\"Portada\",\"item\":\"https:\/\/solumeca.com\/\"},{\"@type\":\"ListItem\",\"position\":2,\"name\":\"Shop\",\"item\":\"https:\/\/solumeca.com\/?page_id=10\"},{\"@type\":\"ListItem\",\"position\":3,\"name\":\"PINZA PELACABLE 10-20 AWG AISLADA A 1000V WIHA &#8211; 10250\"}]},{\"@type\":\"WebSite\",\"@id\":\"https:\/\/solumeca.com\/#website\",\"url\":\"https:\/\/solumeca.com\/\",\"name\":\"SOS Integral - Equipos de Seguridad - Herramientas Industriales\",\"description\":\"Equipos de Seguridad, Santo Domingo, Republica Dominicana, Herramientas Industriales,Tel.: (809) 274-3888 \/ Info@solumeca.com\",\"publisher\":{\"@id\":\"https:\/\/solumeca.com\/#organization\"},\"potentialAction\":[{\"@type\":\"SearchAction\",\"target\":{\"@type\":\"EntryPoint\",\"urlTemplate\":\"https:\/\/solumeca.com\/?s={search_term_string}\"},\"query-input\":\"required name=search_term_string\"}],\"inLanguage\":\"es\"},{\"@type\":\"Organization\",\"@id\":\"https:\/\/solumeca.com\/#organization\",\"name\":\"SOS Integral - Equipos de Seguridad - Herramientas Industriales\",\"url\":\"https:\/\/solumeca.com\/\",\"logo\":{\"@type\":\"ImageObject\",\"inLanguage\":\"es\",\"@id\":\"https:\/\/solumeca.com\/#\/schema\/logo\/image\/\",\"url\":\"https:\/\/solumeca.com\/wp-content\/uploads\/2024\/04\/equipos-de-seguridad-sos-2.png\",\"contentUrl\":\"https:\/\/solumeca.com\/wp-content\/uploads\/2024\/04\/equipos-de-seguridad-sos-2.png\",\"width\":600,\"height\":259,\"caption\":\"SOS Integral - Equipos de Seguridad - Herramientas Industriales\"},\"image\":{\"@id\":\"https:\/\/solumeca.com\/#\/schema\/logo\/image\/\"},\"sameAs\":[\"https:\/\/www.instagram.com\/sosintegralrd\/\"]}]}<\/script>\n<!-- \/ Yoast SEO Premium plugin. -->","yoast_head_json":{"title":"PINZA PELACABLE 10-20 AWG AISLADA A 1000V WIHA - 10250 - Herramientas Industriales - Equipos de Seguridad - Solumeca.com","robots":{"index":"index","follow":"follow","max-snippet":"max-snippet:-1","max-image-preview":"max-image-preview:large","max-video-preview":"max-video-preview:-1"},"canonical":"https:\/\/solumeca.com\/?product=pinza-pelacable-10-20-awg-aislada-a-1000v-wiha-10250","og_locale":"es_ES","og_type":"article","og_title":"PINZA PELACABLE 10-20 AWG AISLADA A 1000V WIHA - 10250","og_description":"Dise\u00f1o de mango de deslizan para mayor protecci\u00f3n  Doble aislaci\u00f3n enroculado rojo sobre amarillo  Estaciones de despojo de alambres 0.81 \/ 1.0 \/ 1.35 \/ 1.6 \/ 2.0 \/ 2.59mm, AWG 20 \/ 18 \/ 16 \/ 14 \/ 12 \/ 10  Arranca de cerillas de superficie de agarre y estaciones de despojo de alambre firmes  Negro anti-Glare termina, cortando desgarrando las orillas  Mango de moho directamente moldeado a acero de herramienta para un enlace permanente","og_url":"https:\/\/solumeca.com\/?product=pinza-pelacable-10-20-awg-aislada-a-1000v-wiha-10250","og_site_name":"Herramientas Industriales - Equipos de Seguridad - Solumeca.com","article_modified_time":"2026-03-17T19:51:35+00:00","twitter_card":"summary_large_image","schema":{"@context":"https:\/\/schema.org","@graph":[{"@type":"WebPage","@id":"https:\/\/solumeca.com\/?product=pinza-pelacable-10-20-awg-aislada-a-1000v-wiha-10250","url":"https:\/\/solumeca.com\/?product=pinza-pelacable-10-20-awg-aislada-a-1000v-wiha-10250","name":"PINZA PELACABLE 10-20 AWG AISLADA A 1000V WIHA - 10250 - Herramientas Industriales - Equipos de Seguridad - Solumeca.com","isPartOf":{"@id":"https:\/\/solumeca.com\/#website"},"primaryImageOfPage":{"@id":"https:\/\/solumeca.com\/?product=pinza-pelacable-10-20-awg-aislada-a-1000v-wiha-10250#primaryimage"},"image":{"@id":"https:\/\/solumeca.com\/?product=pinza-pelacable-10-20-awg-aislada-a-1000v-wiha-10250#primaryimage"},"thumbnailUrl":"https:\/\/solumeca.com\/wp-content\/uploads\/2026\/03\/57.webp","datePublished":"2026-03-17T19:51:30+00:00","dateModified":"2026-03-17T19:51:35+00:00","breadcrumb":{"@id":"https:\/\/solumeca.com\/?product=pinza-pelacable-10-20-awg-aislada-a-1000v-wiha-10250#breadcrumb"},"inLanguage":"es","potentialAction":[{"@type":"ReadAction","target":["https:\/\/solumeca.com\/?product=pinza-pelacable-10-20-awg-aislada-a-1000v-wiha-10250"]}]},{"@type":"ImageObject","inLanguage":"es","@id":"https:\/\/solumeca.com\/?product=pinza-pelacable-10-20-awg-aislada-a-1000v-wiha-10250#primaryimage","url":"https:\/\/solumeca.com\/wp-content\/uploads\/2026\/03\/57.webp","contentUrl":"https:\/\/solumeca.com\/wp-content\/uploads\/2026\/03\/57.webp","width":800,"height":800},{"@type":"BreadcrumbList","@id":"https:\/\/solumeca.com\/?product=pinza-pelacable-10-20-awg-aislada-a-1000v-wiha-10250#breadcrumb","itemListElement":[{"@type":"ListItem","position":1,"name":"Portada","item":"https:\/\/solumeca.com\/"},{"@type":"ListItem","position":2,"name":"Shop","item":"https:\/\/solumeca.com\/?page_id=10"},{"@type":"ListItem","position":3,"name":"PINZA PELACABLE 10-20 AWG AISLADA A 1000V WIHA &#8211; 10250"}]},{"@type":"WebSite","@id":"https:\/\/solumeca.com\/#website","url":"https:\/\/solumeca.com\/","name":"SOS Integral - Equipos de Seguridad - Herramientas Industriales","description":"Equipos de Seguridad, Santo Domingo, Republica Dominicana, Herramientas Industriales,Tel.: (809) 274-3888 \/ Info@solumeca.com","publisher":{"@id":"https:\/\/solumeca.com\/#organization"},"potentialAction":[{"@type":"SearchAction","target":{"@type":"EntryPoint","urlTemplate":"https:\/\/solumeca.com\/?s={search_term_string}"},"query-input":"required name=search_term_string"}],"inLanguage":"es"},{"@type":"Organization","@id":"https:\/\/solumeca.com\/#organization","name":"SOS Integral - Equipos de Seguridad - Herramientas Industriales","url":"https:\/\/solumeca.com\/","logo":{"@type":"ImageObject","inLanguage":"es","@id":"https:\/\/solumeca.com\/#\/schema\/logo\/image\/","url":"https:\/\/solumeca.com\/wp-content\/uploads\/2024\/04\/equipos-de-seguridad-sos-2.png","contentUrl":"https:\/\/solumeca.com\/wp-content\/uploads\/2024\/04\/equipos-de-seguridad-sos-2.png","width":600,"height":259,"caption":"SOS Integral - Equipos de Seguridad - Herramientas Industriales"},"image":{"@id":"https:\/\/solumeca.com\/#\/schema\/logo\/image\/"},"sameAs":["https:\/\/www.instagram.com\/sosintegralrd\/"]}]}},"_links":{"self":[{"href":"https:\/\/solumeca.com\/index.php?rest_route=\/wp\/v2\/product\/33320","targetHints":{"allow":["GET"]}}],"collection":[{"href":"https:\/\/solumeca.com\/index.php?rest_route=\/wp\/v2\/product"}],"about":[{"href":"https:\/\/solumeca.com\/index.php?rest_route=\/wp\/v2\/types\/product"}],"replies":[{"embeddable":true,"href":"https:\/\/solumeca.com\/index.php?rest_route=%2Fwp%2Fv2%2Fcomments&post=33320"}],"version-history":[{"count":1,"href":"https:\/\/solumeca.com\/index.php?rest_route=\/wp\/v2\/product\/33320\/revisions"}],"predecessor-version":[{"id":33350,"href":"https:\/\/solumeca.com\/index.php?rest_route=\/wp\/v2\/product\/33320\/revisions\/33350"}],"wp:featuredmedia":[{"embeddable":true,"href":"https:\/\/solumeca.com\/index.php?rest_route=\/wp\/v2\/media\/24884"}],"wp:attachment":[{"href":"https:\/\/solumeca.com\/index.php?rest_route=%2Fwp%2Fv2%2Fmedia&parent=33320"}],"wp:term":[{"taxonomy":"product_brand","embeddable":true,"href":"https:\/\/solumeca.com\/index.php?rest_route=%2Fwp%2Fv2%2Fproduct_brand&post=33320"},{"taxonomy":"product_cat","embeddable":true,"href":"https:\/\/solumeca.com\/index.php?rest_route=%2Fwp%2Fv2%2Fproduct_cat&post=33320"},{"taxonomy":"product_tag","embeddable":true,"href":"https:\/\/solumeca.com\/index.php?rest_route=%2Fwp%2Fv2%2Fproduct_tag&post=33320"}],"curies":[{"name":"wp","href":"https:\/\/api.w.org\/{rel}","templated":true}]}}