{"id":33318,"date":"2026-03-17T20:51:30","date_gmt":"2026-03-17T19:51:30","guid":{"rendered":"https:\/\/solumeca.com\/?post_type=product&#038;p=33318"},"modified":"2026-03-17T20:51:34","modified_gmt":"2026-03-17T19:51:34","slug":"camara-termografica-premium-fotric-p8-l25-p8-l25","status":"publish","type":"product","link":"https:\/\/solumeca.com\/?product=camara-termografica-premium-fotric-p8-l25-p8-l25","title":{"rendered":"CAMARA TERMOGRAFICA PREMIUM FOTRIC P8-L25. &#8211; P8-L25"},"content":{"rendered":"","protected":false},"excerpt":{"rendered":"<ul>\n<li>C\u00e1mara t\u00e9rmica premium de la serie P con resoluci\u00f3n t\u00e9rmica de 1024 x 768<\/li>\n<li>Norma 25o lente incluida &#8211; FOV: 25 x 19o<\/li>\n<li>30Hz velocidad de fotograma \/ 30mk (0.03oC) sensibilidad t\u00e9rmica (NETD)<\/li>\n<li>Ampliado digital: 1 &#8211; 32x<\/li>\n<li>Rango de temperatura: -20oC a 2000oC (-4o F a 3632o F)<\/li>\n<li>Medici\u00f3n asistida por l\u00e1ser de datos de \u00e1rea, altura y distancia<\/li>\n<li>C\u00e1mara digital de 13MP construida para calidad de imagen din\u00e1mica; c\u00e1mara digital de 5MP<\/li>\n<li>L\u00e1mparas LED brillantes iluminan espacios de trabajo oscuros<\/li>\n<li>Pantalla LCD HD de 5 pulgadas; buscador de vista OLED de 0.5 pulgadas<\/li>\n<li>Altavoz incorporado para la alarma de temperatura; Botones programables TurboFocus y IA<\/li>\n<\/ul>\n","protected":false},"featured_media":24878,"comment_status":"closed","ping_status":"closed","template":"","meta":[],"product_brand":[],"product_cat":[325],"product_tag":[],"class_list":{"0":"post-33318","1":"product","2":"type-product","3":"status-publish","4":"has-post-thumbnail","6":"product_cat-fotric","8":"first","9":"instock","10":"taxable","11":"shipping-taxable","12":"purchasable","13":"product-type-simple"},"yoast_head":"<!-- This site is optimized with the Yoast SEO Premium plugin v22.5 (Yoast SEO v22.6) - https:\/\/yoast.com\/wordpress\/plugins\/seo\/ -->\n<title>CAMARA TERMOGRAFICA PREMIUM FOTRIC P8-L25. - P8-L25 - Herramientas Industriales - Equipos de Seguridad - Solumeca.com<\/title>\n<meta name=\"robots\" content=\"index, follow, max-snippet:-1, max-image-preview:large, max-video-preview:-1\" \/>\n<link rel=\"canonical\" href=\"https:\/\/solumeca.com\/?product=camara-termografica-premium-fotric-p8-l25-p8-l25\" \/>\n<meta property=\"og:locale\" content=\"es_ES\" \/>\n<meta property=\"og:type\" content=\"article\" \/>\n<meta property=\"og:title\" content=\"CAMARA TERMOGRAFICA PREMIUM FOTRIC P8-L25. - P8-L25\" \/>\n<meta property=\"og:description\" content=\"C\u00e1mara t\u00e9rmica premium de la serie P con resoluci\u00f3n t\u00e9rmica de 1024 x 768  Norma 25o lente incluida - FOV: 25 x 19o  30Hz velocidad de fotograma \/ 30mk (0.03oC) sensibilidad t\u00e9rmica (NETD)  Ampliado digital: 1 - 32x  Rango de temperatura: -20oC a 2000oC (-4o F a 3632o F)  Medici\u00f3n asistida por l\u00e1ser de datos de \u00e1rea, altura y distancia  C\u00e1mara digital de 13MP construida para calidad de imagen din\u00e1mica; c\u00e1mara digital de 5MP  L\u00e1mparas LED brillantes iluminan espacios de trabajo oscuros  Pantalla LCD HD de 5 pulgadas; buscador de vista OLED de 0.5 pulgadas  Altavoz incorporado para la alarma de temperatura; Botones programables TurboFocus y IA\" \/>\n<meta property=\"og:url\" content=\"https:\/\/solumeca.com\/?product=camara-termografica-premium-fotric-p8-l25-p8-l25\" \/>\n<meta property=\"og:site_name\" content=\"Herramientas Industriales - Equipos de Seguridad - Solumeca.com\" \/>\n<meta property=\"article:modified_time\" content=\"2026-03-17T19:51:34+00:00\" \/>\n<meta name=\"twitter:card\" content=\"summary_large_image\" \/>\n<script type=\"application\/ld+json\" class=\"yoast-schema-graph\">{\"@context\":\"https:\/\/schema.org\",\"@graph\":[{\"@type\":\"WebPage\",\"@id\":\"https:\/\/solumeca.com\/?product=camara-termografica-premium-fotric-p8-l25-p8-l25\",\"url\":\"https:\/\/solumeca.com\/?product=camara-termografica-premium-fotric-p8-l25-p8-l25\",\"name\":\"CAMARA TERMOGRAFICA PREMIUM FOTRIC P8-L25. - P8-L25 - Herramientas Industriales - Equipos de Seguridad - Solumeca.com\",\"isPartOf\":{\"@id\":\"https:\/\/solumeca.com\/#website\"},\"primaryImageOfPage\":{\"@id\":\"https:\/\/solumeca.com\/?product=camara-termografica-premium-fotric-p8-l25-p8-l25#primaryimage\"},\"image\":{\"@id\":\"https:\/\/solumeca.com\/?product=camara-termografica-premium-fotric-p8-l25-p8-l25#primaryimage\"},\"thumbnailUrl\":\"https:\/\/solumeca.com\/wp-content\/uploads\/2026\/03\/pseries_b525.webp\",\"datePublished\":\"2026-03-17T19:51:30+00:00\",\"dateModified\":\"2026-03-17T19:51:34+00:00\",\"breadcrumb\":{\"@id\":\"https:\/\/solumeca.com\/?product=camara-termografica-premium-fotric-p8-l25-p8-l25#breadcrumb\"},\"inLanguage\":\"es\",\"potentialAction\":[{\"@type\":\"ReadAction\",\"target\":[\"https:\/\/solumeca.com\/?product=camara-termografica-premium-fotric-p8-l25-p8-l25\"]}]},{\"@type\":\"ImageObject\",\"inLanguage\":\"es\",\"@id\":\"https:\/\/solumeca.com\/?product=camara-termografica-premium-fotric-p8-l25-p8-l25#primaryimage\",\"url\":\"https:\/\/solumeca.com\/wp-content\/uploads\/2026\/03\/pseries_b525.webp\",\"contentUrl\":\"https:\/\/solumeca.com\/wp-content\/uploads\/2026\/03\/pseries_b525.webp\",\"width\":700,\"height\":700},{\"@type\":\"BreadcrumbList\",\"@id\":\"https:\/\/solumeca.com\/?product=camara-termografica-premium-fotric-p8-l25-p8-l25#breadcrumb\",\"itemListElement\":[{\"@type\":\"ListItem\",\"position\":1,\"name\":\"Portada\",\"item\":\"https:\/\/solumeca.com\/\"},{\"@type\":\"ListItem\",\"position\":2,\"name\":\"Shop\",\"item\":\"https:\/\/solumeca.com\/?page_id=10\"},{\"@type\":\"ListItem\",\"position\":3,\"name\":\"CAMARA TERMOGRAFICA PREMIUM FOTRIC P8-L25. &#8211; P8-L25\"}]},{\"@type\":\"WebSite\",\"@id\":\"https:\/\/solumeca.com\/#website\",\"url\":\"https:\/\/solumeca.com\/\",\"name\":\"SOS Integral - Equipos de Seguridad - Herramientas Industriales\",\"description\":\"Equipos de Seguridad, Santo Domingo, Republica Dominicana, Herramientas Industriales,Tel.: (809) 274-3888 \/ Info@solumeca.com\",\"publisher\":{\"@id\":\"https:\/\/solumeca.com\/#organization\"},\"potentialAction\":[{\"@type\":\"SearchAction\",\"target\":{\"@type\":\"EntryPoint\",\"urlTemplate\":\"https:\/\/solumeca.com\/?s={search_term_string}\"},\"query-input\":\"required name=search_term_string\"}],\"inLanguage\":\"es\"},{\"@type\":\"Organization\",\"@id\":\"https:\/\/solumeca.com\/#organization\",\"name\":\"SOS Integral - Equipos de Seguridad - Herramientas Industriales\",\"url\":\"https:\/\/solumeca.com\/\",\"logo\":{\"@type\":\"ImageObject\",\"inLanguage\":\"es\",\"@id\":\"https:\/\/solumeca.com\/#\/schema\/logo\/image\/\",\"url\":\"https:\/\/solumeca.com\/wp-content\/uploads\/2024\/04\/equipos-de-seguridad-sos-2.png\",\"contentUrl\":\"https:\/\/solumeca.com\/wp-content\/uploads\/2024\/04\/equipos-de-seguridad-sos-2.png\",\"width\":600,\"height\":259,\"caption\":\"SOS Integral - Equipos de Seguridad - Herramientas Industriales\"},\"image\":{\"@id\":\"https:\/\/solumeca.com\/#\/schema\/logo\/image\/\"},\"sameAs\":[\"https:\/\/www.instagram.com\/sosintegralrd\/\"]}]}<\/script>\n<!-- \/ Yoast SEO Premium plugin. -->","yoast_head_json":{"title":"CAMARA TERMOGRAFICA PREMIUM FOTRIC P8-L25. - P8-L25 - Herramientas Industriales - Equipos de Seguridad - Solumeca.com","robots":{"index":"index","follow":"follow","max-snippet":"max-snippet:-1","max-image-preview":"max-image-preview:large","max-video-preview":"max-video-preview:-1"},"canonical":"https:\/\/solumeca.com\/?product=camara-termografica-premium-fotric-p8-l25-p8-l25","og_locale":"es_ES","og_type":"article","og_title":"CAMARA TERMOGRAFICA PREMIUM FOTRIC P8-L25. - P8-L25","og_description":"C\u00e1mara t\u00e9rmica premium de la serie P con resoluci\u00f3n t\u00e9rmica de 1024 x 768  Norma 25o lente incluida - FOV: 25 x 19o  30Hz velocidad de fotograma \/ 30mk (0.03oC) sensibilidad t\u00e9rmica (NETD)  Ampliado digital: 1 - 32x  Rango de temperatura: -20oC a 2000oC (-4o F a 3632o F)  Medici\u00f3n asistida por l\u00e1ser de datos de \u00e1rea, altura y distancia  C\u00e1mara digital de 13MP construida para calidad de imagen din\u00e1mica; c\u00e1mara digital de 5MP  L\u00e1mparas LED brillantes iluminan espacios de trabajo oscuros  Pantalla LCD HD de 5 pulgadas; buscador de vista OLED de 0.5 pulgadas  Altavoz incorporado para la alarma de temperatura; Botones programables TurboFocus y IA","og_url":"https:\/\/solumeca.com\/?product=camara-termografica-premium-fotric-p8-l25-p8-l25","og_site_name":"Herramientas Industriales - Equipos de Seguridad - Solumeca.com","article_modified_time":"2026-03-17T19:51:34+00:00","twitter_card":"summary_large_image","schema":{"@context":"https:\/\/schema.org","@graph":[{"@type":"WebPage","@id":"https:\/\/solumeca.com\/?product=camara-termografica-premium-fotric-p8-l25-p8-l25","url":"https:\/\/solumeca.com\/?product=camara-termografica-premium-fotric-p8-l25-p8-l25","name":"CAMARA TERMOGRAFICA PREMIUM FOTRIC P8-L25. - P8-L25 - Herramientas Industriales - Equipos de Seguridad - Solumeca.com","isPartOf":{"@id":"https:\/\/solumeca.com\/#website"},"primaryImageOfPage":{"@id":"https:\/\/solumeca.com\/?product=camara-termografica-premium-fotric-p8-l25-p8-l25#primaryimage"},"image":{"@id":"https:\/\/solumeca.com\/?product=camara-termografica-premium-fotric-p8-l25-p8-l25#primaryimage"},"thumbnailUrl":"https:\/\/solumeca.com\/wp-content\/uploads\/2026\/03\/pseries_b525.webp","datePublished":"2026-03-17T19:51:30+00:00","dateModified":"2026-03-17T19:51:34+00:00","breadcrumb":{"@id":"https:\/\/solumeca.com\/?product=camara-termografica-premium-fotric-p8-l25-p8-l25#breadcrumb"},"inLanguage":"es","potentialAction":[{"@type":"ReadAction","target":["https:\/\/solumeca.com\/?product=camara-termografica-premium-fotric-p8-l25-p8-l25"]}]},{"@type":"ImageObject","inLanguage":"es","@id":"https:\/\/solumeca.com\/?product=camara-termografica-premium-fotric-p8-l25-p8-l25#primaryimage","url":"https:\/\/solumeca.com\/wp-content\/uploads\/2026\/03\/pseries_b525.webp","contentUrl":"https:\/\/solumeca.com\/wp-content\/uploads\/2026\/03\/pseries_b525.webp","width":700,"height":700},{"@type":"BreadcrumbList","@id":"https:\/\/solumeca.com\/?product=camara-termografica-premium-fotric-p8-l25-p8-l25#breadcrumb","itemListElement":[{"@type":"ListItem","position":1,"name":"Portada","item":"https:\/\/solumeca.com\/"},{"@type":"ListItem","position":2,"name":"Shop","item":"https:\/\/solumeca.com\/?page_id=10"},{"@type":"ListItem","position":3,"name":"CAMARA TERMOGRAFICA PREMIUM FOTRIC P8-L25. &#8211; P8-L25"}]},{"@type":"WebSite","@id":"https:\/\/solumeca.com\/#website","url":"https:\/\/solumeca.com\/","name":"SOS Integral - Equipos de Seguridad - Herramientas Industriales","description":"Equipos de Seguridad, Santo Domingo, Republica Dominicana, Herramientas Industriales,Tel.: (809) 274-3888 \/ Info@solumeca.com","publisher":{"@id":"https:\/\/solumeca.com\/#organization"},"potentialAction":[{"@type":"SearchAction","target":{"@type":"EntryPoint","urlTemplate":"https:\/\/solumeca.com\/?s={search_term_string}"},"query-input":"required name=search_term_string"}],"inLanguage":"es"},{"@type":"Organization","@id":"https:\/\/solumeca.com\/#organization","name":"SOS Integral - Equipos de Seguridad - Herramientas Industriales","url":"https:\/\/solumeca.com\/","logo":{"@type":"ImageObject","inLanguage":"es","@id":"https:\/\/solumeca.com\/#\/schema\/logo\/image\/","url":"https:\/\/solumeca.com\/wp-content\/uploads\/2024\/04\/equipos-de-seguridad-sos-2.png","contentUrl":"https:\/\/solumeca.com\/wp-content\/uploads\/2024\/04\/equipos-de-seguridad-sos-2.png","width":600,"height":259,"caption":"SOS Integral - Equipos de Seguridad - Herramientas Industriales"},"image":{"@id":"https:\/\/solumeca.com\/#\/schema\/logo\/image\/"},"sameAs":["https:\/\/www.instagram.com\/sosintegralrd\/"]}]}},"_links":{"self":[{"href":"https:\/\/solumeca.com\/index.php?rest_route=\/wp\/v2\/product\/33318","targetHints":{"allow":["GET"]}}],"collection":[{"href":"https:\/\/solumeca.com\/index.php?rest_route=\/wp\/v2\/product"}],"about":[{"href":"https:\/\/solumeca.com\/index.php?rest_route=\/wp\/v2\/types\/product"}],"replies":[{"embeddable":true,"href":"https:\/\/solumeca.com\/index.php?rest_route=%2Fwp%2Fv2%2Fcomments&post=33318"}],"version-history":[{"count":1,"href":"https:\/\/solumeca.com\/index.php?rest_route=\/wp\/v2\/product\/33318\/revisions"}],"predecessor-version":[{"id":33348,"href":"https:\/\/solumeca.com\/index.php?rest_route=\/wp\/v2\/product\/33318\/revisions\/33348"}],"wp:featuredmedia":[{"embeddable":true,"href":"https:\/\/solumeca.com\/index.php?rest_route=\/wp\/v2\/media\/24878"}],"wp:attachment":[{"href":"https:\/\/solumeca.com\/index.php?rest_route=%2Fwp%2Fv2%2Fmedia&parent=33318"}],"wp:term":[{"taxonomy":"product_brand","embeddable":true,"href":"https:\/\/solumeca.com\/index.php?rest_route=%2Fwp%2Fv2%2Fproduct_brand&post=33318"},{"taxonomy":"product_cat","embeddable":true,"href":"https:\/\/solumeca.com\/index.php?rest_route=%2Fwp%2Fv2%2Fproduct_cat&post=33318"},{"taxonomy":"product_tag","embeddable":true,"href":"https:\/\/solumeca.com\/index.php?rest_route=%2Fwp%2Fv2%2Fproduct_tag&post=33318"}],"curies":[{"name":"wp","href":"https:\/\/api.w.org\/{rel}","templated":true}]}}