{"id":33269,"date":"2026-03-17T20:51:17","date_gmt":"2026-03-17T19:51:17","guid":{"rendered":"https:\/\/solumeca.com\/?post_type=product&#038;p=33269"},"modified":"2026-03-17T20:51:24","modified_gmt":"2026-03-17T19:51:24","slug":"orejeras-peltor-31db-3m-x5a","status":"publish","type":"product","link":"https:\/\/solumeca.com\/?product=orejeras-peltor-31db-3m-x5a","title":{"rendered":"OREJERAS PELTOR 31DB 3M &#8211; X5A"},"content":{"rendered":"<p class=\"mds-font_paragraph MMM--gapBottom\">3M\u2122 Peltor\u2122 X5A son orejeras ligeras y de perfil bajo que ofrecen un alto nivel de protecci\u00f3n y visibilidad.<\/p>\n<div class=\"mds-font_paragraph\">Las orejeras de la serie X son el \u00faltimo avance de 3M en la conservaci\u00f3n de la audici\u00f3n. Las nuevas tecnolog\u00edas en comodidad, dise\u00f1o y protecci\u00f3n se unen en esta innovadora l\u00ednea de orejeras. Las orejeras X5A ofrecen el NRR m\u00e1s alto (31 dB) para una orejera en el mercado, lo que las hace ideales para situaciones de ruido muy alto. La alta atenuaci\u00f3n proporcionada por las orejeras X5A es posible como resultado de una combinaci\u00f3n de tecnolog\u00edas avanzadas que incluyen: espaciadores de nuevo dise\u00f1o, forros para auriculares especialmente formulados y espuma innovadora contenida en las almohadillas. Cuenta con una diadema de alambre con aislamiento el\u00e9ctrico, a menudo denominada \u00abdiel\u00e9ctrica\u00bb.<br \/>\n&#8211; La diadema de alambre ofrece una presi\u00f3n constante durante per\u00edodos de uso prolongados.<br \/>\n&#8211; Los puntos de pivote del auricular se inclinan para una comodidad y eficiencia \u00f3ptimas.<br \/>\n&#8211; Almohadillas reemplazables para los o\u00eddos y forros de espuma (kit de higiene HYX5).<br \/>\n&#8211; Clasificaci\u00f3n de reducci\u00f3n de ruido (NRR) b 31 dB. CSA Clase AL<\/p>\n<p>. NOTA: La versi\u00f3n con diadema de la serie X (sobre la cabeza) est\u00e1 aislada el\u00e9ctricamente, a veces denominada \u00abdiel\u00e9ctrica\u00bb. Los componentes met\u00e1licos de la diadema se han cubierto con material no conductor para su uso en un riesgo el\u00e9ctrico de baja tensi\u00f3n (menos de 440 V CA). Como no existen est\u00e1ndares aplicables para probar las orejeras con respecto a las propiedades de aislamiento el\u00e9ctrico, el producto ha sido evaluado en un laboratorio externo con un m\u00e9todo de prueba modificado basado en EN397: 1995. Durante la evaluaci\u00f3n, la corriente de fuga no super\u00f3 los 1,2 mA cuando la superficie externa del producto hizo contacto con una fuente el\u00e9ctrica. El usuario debe determinar la idoneidad general de este producto para la aplicaci\u00f3n prevista teniendo en cuenta cualquier peligro distinto del ruido para el que se prueba este producto.<\/p><\/div>\n","protected":false},"excerpt":{"rendered":"<div class=\"sps2-pdp_description--benefits\">\n<p class=\"mds-font_body sps2-pdp_description--benefit\">La diadema de alambre ofrece una presi\u00f3n constante durante per\u00edodos de uso prolongados<\/p>\n<p class=\"mds-font_body sps2-pdp_description--benefit\">Los puntos de pivote del auricular se inclinan para una comodidad y eficiencia \u00f3ptimas<\/p>\n<p class=\"mds-font_body sps2-pdp_description--benefit\">Almohadillas reemplazables para los o\u00eddos y forros de espuma (kit de higiene HYX5)<\/p>\n<\/div>\n","protected":false},"featured_media":24835,"comment_status":"closed","ping_status":"closed","template":"","meta":[],"product_brand":[],"product_cat":[311,317],"product_tag":[],"class_list":{"0":"post-33269","1":"product","2":"type-product","3":"status-publish","4":"has-post-thumbnail","6":"product_cat-3m","7":"product_cat-orejeras","9":"first","10":"outofstock","11":"taxable","12":"shipping-taxable","13":"purchasable","14":"product-type-simple"},"yoast_head":"<!-- This site is optimized with the Yoast SEO Premium plugin v22.5 (Yoast SEO v22.6) - https:\/\/yoast.com\/wordpress\/plugins\/seo\/ -->\n<title>OREJERAS PELTOR 31DB 3M - X5A - Herramientas Industriales - Equipos de Seguridad - Solumeca.com<\/title>\n<meta name=\"robots\" content=\"index, follow, max-snippet:-1, max-image-preview:large, max-video-preview:-1\" \/>\n<link rel=\"canonical\" href=\"https:\/\/solumeca.com\/?product=orejeras-peltor-31db-3m-x5a\" \/>\n<meta property=\"og:locale\" content=\"es_ES\" \/>\n<meta property=\"og:type\" content=\"article\" \/>\n<meta property=\"og:title\" content=\"OREJERAS PELTOR 31DB 3M - X5A\" \/>\n<meta property=\"og:description\" content=\"La diadema de alambre ofrece una presi\u00f3n constante durante per\u00edodos de uso prolongados Los puntos de pivote del auricular se inclinan para una comodidad y eficiencia \u00f3ptimas Almohadillas reemplazables para los o\u00eddos y forros de espuma (kit de higiene HYX5)\" \/>\n<meta property=\"og:url\" content=\"https:\/\/solumeca.com\/?product=orejeras-peltor-31db-3m-x5a\" \/>\n<meta property=\"og:site_name\" content=\"Herramientas Industriales - Equipos de Seguridad - Solumeca.com\" \/>\n<meta property=\"article:modified_time\" content=\"2026-03-17T19:51:24+00:00\" \/>\n<meta name=\"twitter:card\" content=\"summary_large_image\" \/>\n<meta name=\"twitter:label1\" content=\"Tiempo de lectura\" \/>\n\t<meta name=\"twitter:data1\" content=\"2 minutos\" \/>\n<script type=\"application\/ld+json\" class=\"yoast-schema-graph\">{\"@context\":\"https:\/\/schema.org\",\"@graph\":[{\"@type\":\"WebPage\",\"@id\":\"https:\/\/solumeca.com\/?product=orejeras-peltor-31db-3m-x5a\",\"url\":\"https:\/\/solumeca.com\/?product=orejeras-peltor-31db-3m-x5a\",\"name\":\"OREJERAS PELTOR 31DB 3M - X5A - Herramientas Industriales - Equipos de Seguridad - Solumeca.com\",\"isPartOf\":{\"@id\":\"https:\/\/solumeca.com\/#website\"},\"primaryImageOfPage\":{\"@id\":\"https:\/\/solumeca.com\/?product=orejeras-peltor-31db-3m-x5a#primaryimage\"},\"image\":{\"@id\":\"https:\/\/solumeca.com\/?product=orejeras-peltor-31db-3m-x5a#primaryimage\"},\"thumbnailUrl\":\"https:\/\/solumeca.com\/wp-content\/uploads\/2026\/03\/91ZDneGFy-L.jpg\",\"datePublished\":\"2026-03-17T19:51:17+00:00\",\"dateModified\":\"2026-03-17T19:51:24+00:00\",\"breadcrumb\":{\"@id\":\"https:\/\/solumeca.com\/?product=orejeras-peltor-31db-3m-x5a#breadcrumb\"},\"inLanguage\":\"es\",\"potentialAction\":[{\"@type\":\"ReadAction\",\"target\":[\"https:\/\/solumeca.com\/?product=orejeras-peltor-31db-3m-x5a\"]}]},{\"@type\":\"ImageObject\",\"inLanguage\":\"es\",\"@id\":\"https:\/\/solumeca.com\/?product=orejeras-peltor-31db-3m-x5a#primaryimage\",\"url\":\"https:\/\/solumeca.com\/wp-content\/uploads\/2026\/03\/91ZDneGFy-L.jpg\",\"contentUrl\":\"https:\/\/solumeca.com\/wp-content\/uploads\/2026\/03\/91ZDneGFy-L.jpg\",\"width\":1600,\"height\":1600},{\"@type\":\"BreadcrumbList\",\"@id\":\"https:\/\/solumeca.com\/?product=orejeras-peltor-31db-3m-x5a#breadcrumb\",\"itemListElement\":[{\"@type\":\"ListItem\",\"position\":1,\"name\":\"Portada\",\"item\":\"https:\/\/solumeca.com\/\"},{\"@type\":\"ListItem\",\"position\":2,\"name\":\"Shop\",\"item\":\"https:\/\/solumeca.com\/?page_id=10\"},{\"@type\":\"ListItem\",\"position\":3,\"name\":\"OREJERAS PELTOR 31DB 3M &#8211; X5A\"}]},{\"@type\":\"WebSite\",\"@id\":\"https:\/\/solumeca.com\/#website\",\"url\":\"https:\/\/solumeca.com\/\",\"name\":\"SOS Integral - Equipos de Seguridad - Herramientas Industriales\",\"description\":\"Equipos de Seguridad, Santo Domingo, Republica Dominicana, Herramientas Industriales,Tel.: (809) 274-3888 \/ Info@solumeca.com\",\"publisher\":{\"@id\":\"https:\/\/solumeca.com\/#organization\"},\"potentialAction\":[{\"@type\":\"SearchAction\",\"target\":{\"@type\":\"EntryPoint\",\"urlTemplate\":\"https:\/\/solumeca.com\/?s={search_term_string}\"},\"query-input\":\"required name=search_term_string\"}],\"inLanguage\":\"es\"},{\"@type\":\"Organization\",\"@id\":\"https:\/\/solumeca.com\/#organization\",\"name\":\"SOS Integral - Equipos de Seguridad - Herramientas Industriales\",\"url\":\"https:\/\/solumeca.com\/\",\"logo\":{\"@type\":\"ImageObject\",\"inLanguage\":\"es\",\"@id\":\"https:\/\/solumeca.com\/#\/schema\/logo\/image\/\",\"url\":\"https:\/\/solumeca.com\/wp-content\/uploads\/2024\/04\/equipos-de-seguridad-sos-2.png\",\"contentUrl\":\"https:\/\/solumeca.com\/wp-content\/uploads\/2024\/04\/equipos-de-seguridad-sos-2.png\",\"width\":600,\"height\":259,\"caption\":\"SOS Integral - Equipos de Seguridad - Herramientas Industriales\"},\"image\":{\"@id\":\"https:\/\/solumeca.com\/#\/schema\/logo\/image\/\"},\"sameAs\":[\"https:\/\/www.instagram.com\/sosintegralrd\/\"]}]}<\/script>\n<!-- \/ Yoast SEO Premium plugin. -->","yoast_head_json":{"title":"OREJERAS PELTOR 31DB 3M - X5A - Herramientas Industriales - Equipos de Seguridad - Solumeca.com","robots":{"index":"index","follow":"follow","max-snippet":"max-snippet:-1","max-image-preview":"max-image-preview:large","max-video-preview":"max-video-preview:-1"},"canonical":"https:\/\/solumeca.com\/?product=orejeras-peltor-31db-3m-x5a","og_locale":"es_ES","og_type":"article","og_title":"OREJERAS PELTOR 31DB 3M - X5A","og_description":"La diadema de alambre ofrece una presi\u00f3n constante durante per\u00edodos de uso prolongados Los puntos de pivote del auricular se inclinan para una comodidad y eficiencia \u00f3ptimas Almohadillas reemplazables para los o\u00eddos y forros de espuma (kit de higiene HYX5)","og_url":"https:\/\/solumeca.com\/?product=orejeras-peltor-31db-3m-x5a","og_site_name":"Herramientas Industriales - Equipos de Seguridad - Solumeca.com","article_modified_time":"2026-03-17T19:51:24+00:00","twitter_card":"summary_large_image","twitter_misc":{"Tiempo de lectura":"2 minutos"},"schema":{"@context":"https:\/\/schema.org","@graph":[{"@type":"WebPage","@id":"https:\/\/solumeca.com\/?product=orejeras-peltor-31db-3m-x5a","url":"https:\/\/solumeca.com\/?product=orejeras-peltor-31db-3m-x5a","name":"OREJERAS PELTOR 31DB 3M - X5A - Herramientas Industriales - Equipos de Seguridad - Solumeca.com","isPartOf":{"@id":"https:\/\/solumeca.com\/#website"},"primaryImageOfPage":{"@id":"https:\/\/solumeca.com\/?product=orejeras-peltor-31db-3m-x5a#primaryimage"},"image":{"@id":"https:\/\/solumeca.com\/?product=orejeras-peltor-31db-3m-x5a#primaryimage"},"thumbnailUrl":"https:\/\/solumeca.com\/wp-content\/uploads\/2026\/03\/91ZDneGFy-L.jpg","datePublished":"2026-03-17T19:51:17+00:00","dateModified":"2026-03-17T19:51:24+00:00","breadcrumb":{"@id":"https:\/\/solumeca.com\/?product=orejeras-peltor-31db-3m-x5a#breadcrumb"},"inLanguage":"es","potentialAction":[{"@type":"ReadAction","target":["https:\/\/solumeca.com\/?product=orejeras-peltor-31db-3m-x5a"]}]},{"@type":"ImageObject","inLanguage":"es","@id":"https:\/\/solumeca.com\/?product=orejeras-peltor-31db-3m-x5a#primaryimage","url":"https:\/\/solumeca.com\/wp-content\/uploads\/2026\/03\/91ZDneGFy-L.jpg","contentUrl":"https:\/\/solumeca.com\/wp-content\/uploads\/2026\/03\/91ZDneGFy-L.jpg","width":1600,"height":1600},{"@type":"BreadcrumbList","@id":"https:\/\/solumeca.com\/?product=orejeras-peltor-31db-3m-x5a#breadcrumb","itemListElement":[{"@type":"ListItem","position":1,"name":"Portada","item":"https:\/\/solumeca.com\/"},{"@type":"ListItem","position":2,"name":"Shop","item":"https:\/\/solumeca.com\/?page_id=10"},{"@type":"ListItem","position":3,"name":"OREJERAS PELTOR 31DB 3M &#8211; X5A"}]},{"@type":"WebSite","@id":"https:\/\/solumeca.com\/#website","url":"https:\/\/solumeca.com\/","name":"SOS Integral - Equipos de Seguridad - Herramientas Industriales","description":"Equipos de Seguridad, Santo Domingo, Republica Dominicana, Herramientas Industriales,Tel.: (809) 274-3888 \/ Info@solumeca.com","publisher":{"@id":"https:\/\/solumeca.com\/#organization"},"potentialAction":[{"@type":"SearchAction","target":{"@type":"EntryPoint","urlTemplate":"https:\/\/solumeca.com\/?s={search_term_string}"},"query-input":"required name=search_term_string"}],"inLanguage":"es"},{"@type":"Organization","@id":"https:\/\/solumeca.com\/#organization","name":"SOS Integral - Equipos de Seguridad - Herramientas Industriales","url":"https:\/\/solumeca.com\/","logo":{"@type":"ImageObject","inLanguage":"es","@id":"https:\/\/solumeca.com\/#\/schema\/logo\/image\/","url":"https:\/\/solumeca.com\/wp-content\/uploads\/2024\/04\/equipos-de-seguridad-sos-2.png","contentUrl":"https:\/\/solumeca.com\/wp-content\/uploads\/2024\/04\/equipos-de-seguridad-sos-2.png","width":600,"height":259,"caption":"SOS Integral - Equipos de Seguridad - Herramientas Industriales"},"image":{"@id":"https:\/\/solumeca.com\/#\/schema\/logo\/image\/"},"sameAs":["https:\/\/www.instagram.com\/sosintegralrd\/"]}]}},"_links":{"self":[{"href":"https:\/\/solumeca.com\/index.php?rest_route=\/wp\/v2\/product\/33269","targetHints":{"allow":["GET"]}}],"collection":[{"href":"https:\/\/solumeca.com\/index.php?rest_route=\/wp\/v2\/product"}],"about":[{"href":"https:\/\/solumeca.com\/index.php?rest_route=\/wp\/v2\/types\/product"}],"replies":[{"embeddable":true,"href":"https:\/\/solumeca.com\/index.php?rest_route=%2Fwp%2Fv2%2Fcomments&post=33269"}],"version-history":[{"count":1,"href":"https:\/\/solumeca.com\/index.php?rest_route=\/wp\/v2\/product\/33269\/revisions"}],"predecessor-version":[{"id":33299,"href":"https:\/\/solumeca.com\/index.php?rest_route=\/wp\/v2\/product\/33269\/revisions\/33299"}],"wp:featuredmedia":[{"embeddable":true,"href":"https:\/\/solumeca.com\/index.php?rest_route=\/wp\/v2\/media\/24835"}],"wp:attachment":[{"href":"https:\/\/solumeca.com\/index.php?rest_route=%2Fwp%2Fv2%2Fmedia&parent=33269"}],"wp:term":[{"taxonomy":"product_brand","embeddable":true,"href":"https:\/\/solumeca.com\/index.php?rest_route=%2Fwp%2Fv2%2Fproduct_brand&post=33269"},{"taxonomy":"product_cat","embeddable":true,"href":"https:\/\/solumeca.com\/index.php?rest_route=%2Fwp%2Fv2%2Fproduct_cat&post=33269"},{"taxonomy":"product_tag","embeddable":true,"href":"https:\/\/solumeca.com\/index.php?rest_route=%2Fwp%2Fv2%2Fproduct_tag&post=33269"}],"curies":[{"name":"wp","href":"https:\/\/api.w.org\/{rel}","templated":true}]}}