{"id":33262,"date":"2026-03-17T20:51:17","date_gmt":"2026-03-17T19:51:17","guid":{"rendered":"https:\/\/solumeca.com\/?post_type=product&#038;p=33262"},"modified":"2026-03-17T20:51:22","modified_gmt":"2026-03-17T19:51:22","slug":"lente-securefit-oscuro-anti-fog-sf202af","status":"publish","type":"product","link":"https:\/\/solumeca.com\/?product=lente-securefit-oscuro-anti-fog-sf202af","title":{"rendered":"LENTE SECUREFIT OSCURO ANTI FOG &#8211; SF202AF"},"content":{"rendered":"<div id=\"descripcion\" class=\"tab-pane active\">\n<p>Dise\u00f1ados para aliviar la presi\u00f3n sobre las orejas, los lentes se ajustan de forma autom\u00e1tica a la cabeza y a los rasgos faciales del usuario. Pesan menos de una onza y la naturaleza durable, c\u00f3moda y flexible de SecureFit ofrece un ajuste m\u00e1s c\u00f3modo y personal que los lentes anteriores de \u00abuna talla para todos\u00bb que son de dise\u00f1o r\u00edgido e inflexible. Estos lentes se adaptan al usuario y no lo contrario. El ajuste perfecto tambi\u00e9n fija los lentes de manera segura en su lugar cuando el usuario mira hacia arriba o hacia abajo, lo que elimina la necesidad de volver a posicionar los lentes cada vez que se mueve la cabeza. Estos vers\u00e1tiles lentes de seguridad se ajustan a diferentes tama\u00f1os de cabeza y ayudan as\u00ed a eliminar el gasto de almacenar varios tama\u00f1os de marcos en los lugares de trabajo. El recubrimiento que evita el empa\u00f1amiento reduce la posibilidad de que los lentes se empa\u00f1en en entornos h\u00famedos y calurosos. Las propiedades contra el empa\u00f1amiento mantienen la visibilidad y reducen la necesidad de quitarse los lentes para limpiar la humedad. Estos lentes vienen con importantes caracter\u00edsticas de seguridad para la protecci\u00f3n general de los ojos, como los lentes de policarbonato resistentes al impacto que absorben el 99.9\u00a0% de los rayos UVA y UVB hasta 380 nm. Los lentes tambi\u00e9n cumplen con los requerimientos de CSA Z94.3-2007 y ANSI Z87.1-2010. Estos lentes de seguridad pesan menos de una onza para una liviana comodidad. La protecci\u00f3n ocular es importante para salvaguardar tus ojos y mantener una visi\u00f3n saludable. De acuerdo con la Oficina de Estad\u00edsticas Laborales, aproximadamente tres de cada cinco trabajadores que sufrieron lesiones oculares no usaban protecci\u00f3n en sus ojos en el momento del accidente. Es importante usar los lentes de seguridad adecuados para la tarea y para las necesidades espec\u00edficas del trabajador. 3M reconoce la necesidad de dise\u00f1ar lentes c\u00f3modos y atractivos, y de aumentar el uso de los lentes de seguridad en el trabajo. Es por ello que los lentes de seguridad 3M\u2122 combinan caracter\u00edsticas de seguridad con mejoras de comodidad.<\/p>\n<\/div>\n","protected":false},"excerpt":{"rendered":"<div class=\"details-description\">\n<p>Anteojos de policarbonato que absorben 99.9% UVA y UVB. Los lentes de seguridad 3M\u2122 SecureFit\u2122 adaptan las patillas de manera natural a cada tama\u00f1o de cabeza para un ajuste a la medida de cada usuario. Esta caracter\u00edstica de ajuste autom\u00e1tico es posible gracias a la tecnolog\u00eda de patillas difusoras patentada por 3M, un nuevo dise\u00f1o sin partes movibles ni piezas que ajustar.<\/p>\n<\/div>\n","protected":false},"featured_media":24816,"comment_status":"closed","ping_status":"closed","template":"","meta":[],"product_brand":[],"product_cat":[311,299],"product_tag":[],"class_list":{"0":"post-33262","1":"product","2":"type-product","3":"status-publish","4":"has-post-thumbnail","6":"product_cat-3m","7":"product_cat-lentes","9":"first","10":"instock","11":"taxable","12":"shipping-taxable","13":"purchasable","14":"product-type-simple"},"yoast_head":"<!-- This site is optimized with the Yoast SEO Premium plugin v22.5 (Yoast SEO v22.6) - https:\/\/yoast.com\/wordpress\/plugins\/seo\/ -->\n<title>LENTE SECUREFIT OSCURO ANTI FOG - SF202AF - Herramientas Industriales - Equipos de Seguridad - Solumeca.com<\/title>\n<meta name=\"robots\" content=\"index, follow, max-snippet:-1, max-image-preview:large, max-video-preview:-1\" \/>\n<link rel=\"canonical\" href=\"https:\/\/solumeca.com\/?product=lente-securefit-oscuro-anti-fog-sf202af\" \/>\n<meta property=\"og:locale\" content=\"es_ES\" \/>\n<meta property=\"og:type\" content=\"article\" \/>\n<meta property=\"og:title\" content=\"LENTE SECUREFIT OSCURO ANTI FOG - SF202AF\" \/>\n<meta property=\"og:description\" content=\"Anteojos de policarbonato que absorben 99.9% UVA y UVB. Los lentes de seguridad 3M\u2122 SecureFit\u2122 adaptan las patillas de manera natural a cada tama\u00f1o de cabeza para un ajuste a la medida de cada usuario. Esta caracter\u00edstica de ajuste autom\u00e1tico es posible gracias a la tecnolog\u00eda de patillas difusoras patentada por 3M, un nuevo dise\u00f1o sin partes movibles ni piezas que ajustar.\" \/>\n<meta property=\"og:url\" content=\"https:\/\/solumeca.com\/?product=lente-securefit-oscuro-anti-fog-sf202af\" \/>\n<meta property=\"og:site_name\" content=\"Herramientas Industriales - Equipos de Seguridad - Solumeca.com\" \/>\n<meta property=\"article:modified_time\" content=\"2026-03-17T19:51:22+00:00\" \/>\n<meta name=\"twitter:card\" content=\"summary_large_image\" \/>\n<meta name=\"twitter:label1\" content=\"Tiempo de lectura\" \/>\n\t<meta name=\"twitter:data1\" content=\"2 minutos\" \/>\n<script type=\"application\/ld+json\" class=\"yoast-schema-graph\">{\"@context\":\"https:\/\/schema.org\",\"@graph\":[{\"@type\":\"WebPage\",\"@id\":\"https:\/\/solumeca.com\/?product=lente-securefit-oscuro-anti-fog-sf202af\",\"url\":\"https:\/\/solumeca.com\/?product=lente-securefit-oscuro-anti-fog-sf202af\",\"name\":\"LENTE SECUREFIT OSCURO ANTI FOG - SF202AF - Herramientas Industriales - Equipos de Seguridad - Solumeca.com\",\"isPartOf\":{\"@id\":\"https:\/\/solumeca.com\/#website\"},\"primaryImageOfPage\":{\"@id\":\"https:\/\/solumeca.com\/?product=lente-securefit-oscuro-anti-fog-sf202af#primaryimage\"},\"image\":{\"@id\":\"https:\/\/solumeca.com\/?product=lente-securefit-oscuro-anti-fog-sf202af#primaryimage\"},\"thumbnailUrl\":\"https:\/\/solumeca.com\/wp-content\/uploads\/2026\/03\/0000000000006902496243m-anteojos-securefit-sf202af-gris-64791-segutecnica.png\",\"datePublished\":\"2026-03-17T19:51:17+00:00\",\"dateModified\":\"2026-03-17T19:51:22+00:00\",\"breadcrumb\":{\"@id\":\"https:\/\/solumeca.com\/?product=lente-securefit-oscuro-anti-fog-sf202af#breadcrumb\"},\"inLanguage\":\"es\",\"potentialAction\":[{\"@type\":\"ReadAction\",\"target\":[\"https:\/\/solumeca.com\/?product=lente-securefit-oscuro-anti-fog-sf202af\"]}]},{\"@type\":\"ImageObject\",\"inLanguage\":\"es\",\"@id\":\"https:\/\/solumeca.com\/?product=lente-securefit-oscuro-anti-fog-sf202af#primaryimage\",\"url\":\"https:\/\/solumeca.com\/wp-content\/uploads\/2026\/03\/0000000000006902496243m-anteojos-securefit-sf202af-gris-64791-segutecnica.png\",\"contentUrl\":\"https:\/\/solumeca.com\/wp-content\/uploads\/2026\/03\/0000000000006902496243m-anteojos-securefit-sf202af-gris-64791-segutecnica.png\",\"width\":800,\"height\":800},{\"@type\":\"BreadcrumbList\",\"@id\":\"https:\/\/solumeca.com\/?product=lente-securefit-oscuro-anti-fog-sf202af#breadcrumb\",\"itemListElement\":[{\"@type\":\"ListItem\",\"position\":1,\"name\":\"Portada\",\"item\":\"https:\/\/solumeca.com\/\"},{\"@type\":\"ListItem\",\"position\":2,\"name\":\"Shop\",\"item\":\"https:\/\/solumeca.com\/?page_id=10\"},{\"@type\":\"ListItem\",\"position\":3,\"name\":\"LENTE SECUREFIT OSCURO ANTI FOG &#8211; SF202AF\"}]},{\"@type\":\"WebSite\",\"@id\":\"https:\/\/solumeca.com\/#website\",\"url\":\"https:\/\/solumeca.com\/\",\"name\":\"SOS Integral - Equipos de Seguridad - Herramientas Industriales\",\"description\":\"Equipos de Seguridad, Santo Domingo, Republica Dominicana, Herramientas Industriales,Tel.: (809) 274-3888 \/ Info@solumeca.com\",\"publisher\":{\"@id\":\"https:\/\/solumeca.com\/#organization\"},\"potentialAction\":[{\"@type\":\"SearchAction\",\"target\":{\"@type\":\"EntryPoint\",\"urlTemplate\":\"https:\/\/solumeca.com\/?s={search_term_string}\"},\"query-input\":\"required name=search_term_string\"}],\"inLanguage\":\"es\"},{\"@type\":\"Organization\",\"@id\":\"https:\/\/solumeca.com\/#organization\",\"name\":\"SOS Integral - Equipos de Seguridad - Herramientas Industriales\",\"url\":\"https:\/\/solumeca.com\/\",\"logo\":{\"@type\":\"ImageObject\",\"inLanguage\":\"es\",\"@id\":\"https:\/\/solumeca.com\/#\/schema\/logo\/image\/\",\"url\":\"https:\/\/solumeca.com\/wp-content\/uploads\/2024\/04\/equipos-de-seguridad-sos-2.png\",\"contentUrl\":\"https:\/\/solumeca.com\/wp-content\/uploads\/2024\/04\/equipos-de-seguridad-sos-2.png\",\"width\":600,\"height\":259,\"caption\":\"SOS Integral - Equipos de Seguridad - Herramientas Industriales\"},\"image\":{\"@id\":\"https:\/\/solumeca.com\/#\/schema\/logo\/image\/\"},\"sameAs\":[\"https:\/\/www.instagram.com\/sosintegralrd\/\"]}]}<\/script>\n<!-- \/ Yoast SEO Premium plugin. -->","yoast_head_json":{"title":"LENTE SECUREFIT OSCURO ANTI FOG - SF202AF - Herramientas Industriales - Equipos de Seguridad - Solumeca.com","robots":{"index":"index","follow":"follow","max-snippet":"max-snippet:-1","max-image-preview":"max-image-preview:large","max-video-preview":"max-video-preview:-1"},"canonical":"https:\/\/solumeca.com\/?product=lente-securefit-oscuro-anti-fog-sf202af","og_locale":"es_ES","og_type":"article","og_title":"LENTE SECUREFIT OSCURO ANTI FOG - SF202AF","og_description":"Anteojos de policarbonato que absorben 99.9% UVA y UVB. Los lentes de seguridad 3M\u2122 SecureFit\u2122 adaptan las patillas de manera natural a cada tama\u00f1o de cabeza para un ajuste a la medida de cada usuario. Esta caracter\u00edstica de ajuste autom\u00e1tico es posible gracias a la tecnolog\u00eda de patillas difusoras patentada por 3M, un nuevo dise\u00f1o sin partes movibles ni piezas que ajustar.","og_url":"https:\/\/solumeca.com\/?product=lente-securefit-oscuro-anti-fog-sf202af","og_site_name":"Herramientas Industriales - Equipos de Seguridad - Solumeca.com","article_modified_time":"2026-03-17T19:51:22+00:00","twitter_card":"summary_large_image","twitter_misc":{"Tiempo de lectura":"2 minutos"},"schema":{"@context":"https:\/\/schema.org","@graph":[{"@type":"WebPage","@id":"https:\/\/solumeca.com\/?product=lente-securefit-oscuro-anti-fog-sf202af","url":"https:\/\/solumeca.com\/?product=lente-securefit-oscuro-anti-fog-sf202af","name":"LENTE SECUREFIT OSCURO ANTI FOG - SF202AF - Herramientas Industriales - Equipos de Seguridad - Solumeca.com","isPartOf":{"@id":"https:\/\/solumeca.com\/#website"},"primaryImageOfPage":{"@id":"https:\/\/solumeca.com\/?product=lente-securefit-oscuro-anti-fog-sf202af#primaryimage"},"image":{"@id":"https:\/\/solumeca.com\/?product=lente-securefit-oscuro-anti-fog-sf202af#primaryimage"},"thumbnailUrl":"https:\/\/solumeca.com\/wp-content\/uploads\/2026\/03\/0000000000006902496243m-anteojos-securefit-sf202af-gris-64791-segutecnica.png","datePublished":"2026-03-17T19:51:17+00:00","dateModified":"2026-03-17T19:51:22+00:00","breadcrumb":{"@id":"https:\/\/solumeca.com\/?product=lente-securefit-oscuro-anti-fog-sf202af#breadcrumb"},"inLanguage":"es","potentialAction":[{"@type":"ReadAction","target":["https:\/\/solumeca.com\/?product=lente-securefit-oscuro-anti-fog-sf202af"]}]},{"@type":"ImageObject","inLanguage":"es","@id":"https:\/\/solumeca.com\/?product=lente-securefit-oscuro-anti-fog-sf202af#primaryimage","url":"https:\/\/solumeca.com\/wp-content\/uploads\/2026\/03\/0000000000006902496243m-anteojos-securefit-sf202af-gris-64791-segutecnica.png","contentUrl":"https:\/\/solumeca.com\/wp-content\/uploads\/2026\/03\/0000000000006902496243m-anteojos-securefit-sf202af-gris-64791-segutecnica.png","width":800,"height":800},{"@type":"BreadcrumbList","@id":"https:\/\/solumeca.com\/?product=lente-securefit-oscuro-anti-fog-sf202af#breadcrumb","itemListElement":[{"@type":"ListItem","position":1,"name":"Portada","item":"https:\/\/solumeca.com\/"},{"@type":"ListItem","position":2,"name":"Shop","item":"https:\/\/solumeca.com\/?page_id=10"},{"@type":"ListItem","position":3,"name":"LENTE SECUREFIT OSCURO ANTI FOG &#8211; SF202AF"}]},{"@type":"WebSite","@id":"https:\/\/solumeca.com\/#website","url":"https:\/\/solumeca.com\/","name":"SOS Integral - Equipos de Seguridad - Herramientas Industriales","description":"Equipos de Seguridad, Santo Domingo, Republica Dominicana, Herramientas Industriales,Tel.: (809) 274-3888 \/ Info@solumeca.com","publisher":{"@id":"https:\/\/solumeca.com\/#organization"},"potentialAction":[{"@type":"SearchAction","target":{"@type":"EntryPoint","urlTemplate":"https:\/\/solumeca.com\/?s={search_term_string}"},"query-input":"required name=search_term_string"}],"inLanguage":"es"},{"@type":"Organization","@id":"https:\/\/solumeca.com\/#organization","name":"SOS Integral - Equipos de Seguridad - Herramientas Industriales","url":"https:\/\/solumeca.com\/","logo":{"@type":"ImageObject","inLanguage":"es","@id":"https:\/\/solumeca.com\/#\/schema\/logo\/image\/","url":"https:\/\/solumeca.com\/wp-content\/uploads\/2024\/04\/equipos-de-seguridad-sos-2.png","contentUrl":"https:\/\/solumeca.com\/wp-content\/uploads\/2024\/04\/equipos-de-seguridad-sos-2.png","width":600,"height":259,"caption":"SOS Integral - Equipos de Seguridad - Herramientas Industriales"},"image":{"@id":"https:\/\/solumeca.com\/#\/schema\/logo\/image\/"},"sameAs":["https:\/\/www.instagram.com\/sosintegralrd\/"]}]}},"_links":{"self":[{"href":"https:\/\/solumeca.com\/index.php?rest_route=\/wp\/v2\/product\/33262","targetHints":{"allow":["GET"]}}],"collection":[{"href":"https:\/\/solumeca.com\/index.php?rest_route=\/wp\/v2\/product"}],"about":[{"href":"https:\/\/solumeca.com\/index.php?rest_route=\/wp\/v2\/types\/product"}],"replies":[{"embeddable":true,"href":"https:\/\/solumeca.com\/index.php?rest_route=%2Fwp%2Fv2%2Fcomments&post=33262"}],"version-history":[{"count":1,"href":"https:\/\/solumeca.com\/index.php?rest_route=\/wp\/v2\/product\/33262\/revisions"}],"predecessor-version":[{"id":33292,"href":"https:\/\/solumeca.com\/index.php?rest_route=\/wp\/v2\/product\/33262\/revisions\/33292"}],"wp:featuredmedia":[{"embeddable":true,"href":"https:\/\/solumeca.com\/index.php?rest_route=\/wp\/v2\/media\/24816"}],"wp:attachment":[{"href":"https:\/\/solumeca.com\/index.php?rest_route=%2Fwp%2Fv2%2Fmedia&parent=33262"}],"wp:term":[{"taxonomy":"product_brand","embeddable":true,"href":"https:\/\/solumeca.com\/index.php?rest_route=%2Fwp%2Fv2%2Fproduct_brand&post=33262"},{"taxonomy":"product_cat","embeddable":true,"href":"https:\/\/solumeca.com\/index.php?rest_route=%2Fwp%2Fv2%2Fproduct_cat&post=33262"},{"taxonomy":"product_tag","embeddable":true,"href":"https:\/\/solumeca.com\/index.php?rest_route=%2Fwp%2Fv2%2Fproduct_tag&post=33262"}],"curies":[{"name":"wp","href":"https:\/\/api.w.org\/{rel}","templated":true}]}}