{"id":33218,"date":"2026-03-17T20:51:06","date_gmt":"2026-03-17T19:51:06","guid":{"rendered":"https:\/\/solumeca.com\/?post_type=product&#038;p=33218"},"modified":"2026-03-17T20:51:13","modified_gmt":"2026-03-17T19:51:13","slug":"straptraumasuspension-capital-safety-9501403","status":"publish","type":"product","link":"https:\/\/solumeca.com\/?product=straptraumasuspension-capital-safety-9501403","title":{"rendered":"STRAP,TRAUMA,SUSPENSION CAPITAL SAFETY &#8211; 9501403"},"content":{"rendered":"<p>Las cintas antitrauma 3M DBI-SALA 9501403 fueron dise\u00f1adas para ayudar al trabajador a superar el posible impacto negativo para la salud, proveniente de traumatismo por suspensi\u00f3n (tambi\u00e9n conocido como intolerancia ortost\u00e1tica). Se puede dar esta condici\u00f3n cuando una persona queda suspendida en las alturas (despu\u00e9s de caerse) por un per\u00edodo de tiempo, aunque sea corto. Al suspenderse en un arn\u00e9s, existe la posibilidad de que el usuario quede inconsciente debido a la acumulaci\u00f3n de sangre en las venas de las piernas; si no se le rescata r\u00e1pidamente, pueden ocurrir lesiones graves o la muerte.<br \/>\nLas correas anti-trauma de 3M\u2122 DBI-SALA\u00ae est\u00e1n pensadas para evitar el traumatismo por suspensi\u00f3n mientras un trabajador espera el rescate, pues permiten que el usuario suspendido se pare en ellas y alivie la presi\u00f3n que se aplica a las arterias y venas alrededor de la parte superior de las piernas. El dise\u00f1o de trabilla continua permite que ambos lados del arn\u00e9s alivien la presi\u00f3n sangu\u00ednea ya sea colocando un solo pie o ambos dentro de las mismas. Estas cintas antitrauma 3M DBI-SALA 9501403 ofrecen mayor comodidad, proporcionan equilibrio y mejoran la circulaci\u00f3n en las piernas mientras el usuario espera por su rescate.<\/p>\n","protected":false},"excerpt":{"rendered":"<div class=\"woocommerce-product-details__short-description\">\n<ul>\n<li>Cintas de protecci\u00f3n contra traumatismo por suspensi\u00f3n.<\/li>\n<li>Permite que el usuario adopte una postura m\u00e1s c\u00f3moda despu\u00e9s de caerse.<\/li>\n<li>Se puede incorporar a casi todos los arneses.<\/li>\n<li>Instalaci\u00f3n r\u00e1pida y f\u00e1cil.<\/li>\n<li>Dise\u00f1o extremadamente compacto y liviano.<\/li>\n<li>Fundas con cremallera que permite un despliegue sencillo y r\u00e1pido.<\/li>\n<\/ul>\n<\/div>\n","protected":false},"featured_media":24770,"comment_status":"closed","ping_status":"closed","template":"","meta":[],"product_brand":[],"product_cat":[311],"product_tag":[],"class_list":{"0":"post-33218","1":"product","2":"type-product","3":"status-publish","4":"has-post-thumbnail","6":"product_cat-3m","8":"first","9":"instock","10":"taxable","11":"shipping-taxable","12":"purchasable","13":"product-type-simple"},"yoast_head":"<!-- This site is optimized with the Yoast SEO Premium plugin v22.5 (Yoast SEO v22.6) - https:\/\/yoast.com\/wordpress\/plugins\/seo\/ -->\n<title>STRAP,TRAUMA,SUSPENSION CAPITAL SAFETY - 9501403 - Herramientas Industriales - Equipos de Seguridad - Solumeca.com<\/title>\n<meta name=\"robots\" content=\"index, follow, max-snippet:-1, max-image-preview:large, max-video-preview:-1\" \/>\n<link rel=\"canonical\" href=\"https:\/\/solumeca.com\/?product=straptraumasuspension-capital-safety-9501403\" \/>\n<meta property=\"og:locale\" content=\"es_ES\" \/>\n<meta property=\"og:type\" content=\"article\" \/>\n<meta property=\"og:title\" content=\"STRAP,TRAUMA,SUSPENSION CAPITAL SAFETY - 9501403\" \/>\n<meta property=\"og:description\" content=\"Cintas de protecci\u00f3n contra traumatismo por suspensi\u00f3n.  Permite que el usuario adopte una postura m\u00e1s c\u00f3moda despu\u00e9s de caerse.  Se puede incorporar a casi todos los arneses.  Instalaci\u00f3n r\u00e1pida y f\u00e1cil.  Dise\u00f1o extremadamente compacto y liviano.  Fundas con cremallera que permite un despliegue sencillo y r\u00e1pido.\" \/>\n<meta property=\"og:url\" content=\"https:\/\/solumeca.com\/?product=straptraumasuspension-capital-safety-9501403\" \/>\n<meta property=\"og:site_name\" content=\"Herramientas Industriales - Equipos de Seguridad - Solumeca.com\" \/>\n<meta property=\"article:modified_time\" content=\"2026-03-17T19:51:13+00:00\" \/>\n<meta name=\"twitter:card\" content=\"summary_large_image\" \/>\n<meta name=\"twitter:label1\" content=\"Tiempo de lectura\" \/>\n\t<meta name=\"twitter:data1\" content=\"1 minuto\" \/>\n<script type=\"application\/ld+json\" class=\"yoast-schema-graph\">{\"@context\":\"https:\/\/schema.org\",\"@graph\":[{\"@type\":\"WebPage\",\"@id\":\"https:\/\/solumeca.com\/?product=straptraumasuspension-capital-safety-9501403\",\"url\":\"https:\/\/solumeca.com\/?product=straptraumasuspension-capital-safety-9501403\",\"name\":\"STRAP,TRAUMA,SUSPENSION CAPITAL SAFETY - 9501403 - Herramientas Industriales - Equipos de Seguridad - Solumeca.com\",\"isPartOf\":{\"@id\":\"https:\/\/solumeca.com\/#website\"},\"primaryImageOfPage\":{\"@id\":\"https:\/\/solumeca.com\/?product=straptraumasuspension-capital-safety-9501403#primaryimage\"},\"image\":{\"@id\":\"https:\/\/solumeca.com\/?product=straptraumasuspension-capital-safety-9501403#primaryimage\"},\"thumbnailUrl\":\"https:\/\/solumeca.com\/wp-content\/uploads\/2026\/03\/DBISala_9501403_a.webp\",\"datePublished\":\"2026-03-17T19:51:06+00:00\",\"dateModified\":\"2026-03-17T19:51:13+00:00\",\"breadcrumb\":{\"@id\":\"https:\/\/solumeca.com\/?product=straptraumasuspension-capital-safety-9501403#breadcrumb\"},\"inLanguage\":\"es\",\"potentialAction\":[{\"@type\":\"ReadAction\",\"target\":[\"https:\/\/solumeca.com\/?product=straptraumasuspension-capital-safety-9501403\"]}]},{\"@type\":\"ImageObject\",\"inLanguage\":\"es\",\"@id\":\"https:\/\/solumeca.com\/?product=straptraumasuspension-capital-safety-9501403#primaryimage\",\"url\":\"https:\/\/solumeca.com\/wp-content\/uploads\/2026\/03\/DBISala_9501403_a.webp\",\"contentUrl\":\"https:\/\/solumeca.com\/wp-content\/uploads\/2026\/03\/DBISala_9501403_a.webp\",\"width\":1200,\"height\":1200},{\"@type\":\"BreadcrumbList\",\"@id\":\"https:\/\/solumeca.com\/?product=straptraumasuspension-capital-safety-9501403#breadcrumb\",\"itemListElement\":[{\"@type\":\"ListItem\",\"position\":1,\"name\":\"Portada\",\"item\":\"https:\/\/solumeca.com\/\"},{\"@type\":\"ListItem\",\"position\":2,\"name\":\"Shop\",\"item\":\"https:\/\/solumeca.com\/?page_id=10\"},{\"@type\":\"ListItem\",\"position\":3,\"name\":\"STRAP,TRAUMA,SUSPENSION CAPITAL SAFETY &#8211; 9501403\"}]},{\"@type\":\"WebSite\",\"@id\":\"https:\/\/solumeca.com\/#website\",\"url\":\"https:\/\/solumeca.com\/\",\"name\":\"SOS Integral - Equipos de Seguridad - Herramientas Industriales\",\"description\":\"Equipos de Seguridad, Santo Domingo, Republica Dominicana, Herramientas Industriales,Tel.: (809) 274-3888 \/ Info@solumeca.com\",\"publisher\":{\"@id\":\"https:\/\/solumeca.com\/#organization\"},\"potentialAction\":[{\"@type\":\"SearchAction\",\"target\":{\"@type\":\"EntryPoint\",\"urlTemplate\":\"https:\/\/solumeca.com\/?s={search_term_string}\"},\"query-input\":\"required name=search_term_string\"}],\"inLanguage\":\"es\"},{\"@type\":\"Organization\",\"@id\":\"https:\/\/solumeca.com\/#organization\",\"name\":\"SOS Integral - Equipos de Seguridad - Herramientas Industriales\",\"url\":\"https:\/\/solumeca.com\/\",\"logo\":{\"@type\":\"ImageObject\",\"inLanguage\":\"es\",\"@id\":\"https:\/\/solumeca.com\/#\/schema\/logo\/image\/\",\"url\":\"https:\/\/solumeca.com\/wp-content\/uploads\/2024\/04\/equipos-de-seguridad-sos-2.png\",\"contentUrl\":\"https:\/\/solumeca.com\/wp-content\/uploads\/2024\/04\/equipos-de-seguridad-sos-2.png\",\"width\":600,\"height\":259,\"caption\":\"SOS Integral - Equipos de Seguridad - Herramientas Industriales\"},\"image\":{\"@id\":\"https:\/\/solumeca.com\/#\/schema\/logo\/image\/\"},\"sameAs\":[\"https:\/\/www.instagram.com\/sosintegralrd\/\"]}]}<\/script>\n<!-- \/ Yoast SEO Premium plugin. -->","yoast_head_json":{"title":"STRAP,TRAUMA,SUSPENSION CAPITAL SAFETY - 9501403 - Herramientas Industriales - Equipos de Seguridad - Solumeca.com","robots":{"index":"index","follow":"follow","max-snippet":"max-snippet:-1","max-image-preview":"max-image-preview:large","max-video-preview":"max-video-preview:-1"},"canonical":"https:\/\/solumeca.com\/?product=straptraumasuspension-capital-safety-9501403","og_locale":"es_ES","og_type":"article","og_title":"STRAP,TRAUMA,SUSPENSION CAPITAL SAFETY - 9501403","og_description":"Cintas de protecci\u00f3n contra traumatismo por suspensi\u00f3n.  Permite que el usuario adopte una postura m\u00e1s c\u00f3moda despu\u00e9s de caerse.  Se puede incorporar a casi todos los arneses.  Instalaci\u00f3n r\u00e1pida y f\u00e1cil.  Dise\u00f1o extremadamente compacto y liviano.  Fundas con cremallera que permite un despliegue sencillo y r\u00e1pido.","og_url":"https:\/\/solumeca.com\/?product=straptraumasuspension-capital-safety-9501403","og_site_name":"Herramientas Industriales - Equipos de Seguridad - Solumeca.com","article_modified_time":"2026-03-17T19:51:13+00:00","twitter_card":"summary_large_image","twitter_misc":{"Tiempo de lectura":"1 minuto"},"schema":{"@context":"https:\/\/schema.org","@graph":[{"@type":"WebPage","@id":"https:\/\/solumeca.com\/?product=straptraumasuspension-capital-safety-9501403","url":"https:\/\/solumeca.com\/?product=straptraumasuspension-capital-safety-9501403","name":"STRAP,TRAUMA,SUSPENSION CAPITAL SAFETY - 9501403 - Herramientas Industriales - Equipos de Seguridad - Solumeca.com","isPartOf":{"@id":"https:\/\/solumeca.com\/#website"},"primaryImageOfPage":{"@id":"https:\/\/solumeca.com\/?product=straptraumasuspension-capital-safety-9501403#primaryimage"},"image":{"@id":"https:\/\/solumeca.com\/?product=straptraumasuspension-capital-safety-9501403#primaryimage"},"thumbnailUrl":"https:\/\/solumeca.com\/wp-content\/uploads\/2026\/03\/DBISala_9501403_a.webp","datePublished":"2026-03-17T19:51:06+00:00","dateModified":"2026-03-17T19:51:13+00:00","breadcrumb":{"@id":"https:\/\/solumeca.com\/?product=straptraumasuspension-capital-safety-9501403#breadcrumb"},"inLanguage":"es","potentialAction":[{"@type":"ReadAction","target":["https:\/\/solumeca.com\/?product=straptraumasuspension-capital-safety-9501403"]}]},{"@type":"ImageObject","inLanguage":"es","@id":"https:\/\/solumeca.com\/?product=straptraumasuspension-capital-safety-9501403#primaryimage","url":"https:\/\/solumeca.com\/wp-content\/uploads\/2026\/03\/DBISala_9501403_a.webp","contentUrl":"https:\/\/solumeca.com\/wp-content\/uploads\/2026\/03\/DBISala_9501403_a.webp","width":1200,"height":1200},{"@type":"BreadcrumbList","@id":"https:\/\/solumeca.com\/?product=straptraumasuspension-capital-safety-9501403#breadcrumb","itemListElement":[{"@type":"ListItem","position":1,"name":"Portada","item":"https:\/\/solumeca.com\/"},{"@type":"ListItem","position":2,"name":"Shop","item":"https:\/\/solumeca.com\/?page_id=10"},{"@type":"ListItem","position":3,"name":"STRAP,TRAUMA,SUSPENSION CAPITAL SAFETY &#8211; 9501403"}]},{"@type":"WebSite","@id":"https:\/\/solumeca.com\/#website","url":"https:\/\/solumeca.com\/","name":"SOS Integral - Equipos de Seguridad - Herramientas Industriales","description":"Equipos de Seguridad, Santo Domingo, Republica Dominicana, Herramientas Industriales,Tel.: (809) 274-3888 \/ Info@solumeca.com","publisher":{"@id":"https:\/\/solumeca.com\/#organization"},"potentialAction":[{"@type":"SearchAction","target":{"@type":"EntryPoint","urlTemplate":"https:\/\/solumeca.com\/?s={search_term_string}"},"query-input":"required name=search_term_string"}],"inLanguage":"es"},{"@type":"Organization","@id":"https:\/\/solumeca.com\/#organization","name":"SOS Integral - Equipos de Seguridad - Herramientas Industriales","url":"https:\/\/solumeca.com\/","logo":{"@type":"ImageObject","inLanguage":"es","@id":"https:\/\/solumeca.com\/#\/schema\/logo\/image\/","url":"https:\/\/solumeca.com\/wp-content\/uploads\/2024\/04\/equipos-de-seguridad-sos-2.png","contentUrl":"https:\/\/solumeca.com\/wp-content\/uploads\/2024\/04\/equipos-de-seguridad-sos-2.png","width":600,"height":259,"caption":"SOS Integral - Equipos de Seguridad - Herramientas Industriales"},"image":{"@id":"https:\/\/solumeca.com\/#\/schema\/logo\/image\/"},"sameAs":["https:\/\/www.instagram.com\/sosintegralrd\/"]}]}},"_links":{"self":[{"href":"https:\/\/solumeca.com\/index.php?rest_route=\/wp\/v2\/product\/33218","targetHints":{"allow":["GET"]}}],"collection":[{"href":"https:\/\/solumeca.com\/index.php?rest_route=\/wp\/v2\/product"}],"about":[{"href":"https:\/\/solumeca.com\/index.php?rest_route=\/wp\/v2\/types\/product"}],"replies":[{"embeddable":true,"href":"https:\/\/solumeca.com\/index.php?rest_route=%2Fwp%2Fv2%2Fcomments&post=33218"}],"version-history":[{"count":1,"href":"https:\/\/solumeca.com\/index.php?rest_route=\/wp\/v2\/product\/33218\/revisions"}],"predecessor-version":[{"id":33248,"href":"https:\/\/solumeca.com\/index.php?rest_route=\/wp\/v2\/product\/33218\/revisions\/33248"}],"wp:featuredmedia":[{"embeddable":true,"href":"https:\/\/solumeca.com\/index.php?rest_route=\/wp\/v2\/media\/24770"}],"wp:attachment":[{"href":"https:\/\/solumeca.com\/index.php?rest_route=%2Fwp%2Fv2%2Fmedia&parent=33218"}],"wp:term":[{"taxonomy":"product_brand","embeddable":true,"href":"https:\/\/solumeca.com\/index.php?rest_route=%2Fwp%2Fv2%2Fproduct_brand&post=33218"},{"taxonomy":"product_cat","embeddable":true,"href":"https:\/\/solumeca.com\/index.php?rest_route=%2Fwp%2Fv2%2Fproduct_cat&post=33218"},{"taxonomy":"product_tag","embeddable":true,"href":"https:\/\/solumeca.com\/index.php?rest_route=%2Fwp%2Fv2%2Fproduct_tag&post=33218"}],"curies":[{"name":"wp","href":"https:\/\/api.w.org\/{rel}","templated":true}]}}