{"id":33202,"date":"2026-03-17T20:51:05","date_gmt":"2026-03-17T19:51:05","guid":{"rendered":"https:\/\/solumeca.com\/?post_type=product&#038;p=33202"},"modified":"2026-03-17T20:51:09","modified_gmt":"2026-03-17T19:51:09","slug":"copa-nasal-repuesto-respirador-3m-6894","status":"publish","type":"product","link":"https:\/\/solumeca.com\/?product=copa-nasal-repuesto-respirador-3m-6894","title":{"rendered":"COPA NASAL. REPUESTO RESPIRADOR 3M &#8211; 6894"},"content":{"rendered":"","protected":false},"excerpt":{"rendered":"<p>Incluye v\u00e1lvulas de inhalaci\u00f3n y es un repuesto dise\u00f1ado para utilizarse con los Respiradores 6700, 6800 y 6900 de 3M.<\/p>\n","protected":false},"featured_media":24727,"comment_status":"closed","ping_status":"closed","template":"","meta":[],"product_brand":[],"product_cat":[311,314],"product_tag":[],"class_list":{"0":"post-33202","1":"product","2":"type-product","3":"status-publish","4":"has-post-thumbnail","6":"product_cat-3m","7":"product_cat-respiradores","9":"first","10":"instock","11":"taxable","12":"shipping-taxable","13":"purchasable","14":"product-type-simple"},"yoast_head":"<!-- This site is optimized with the Yoast SEO Premium plugin v22.5 (Yoast SEO v22.6) - https:\/\/yoast.com\/wordpress\/plugins\/seo\/ -->\n<title>COPA NASAL. REPUESTO RESPIRADOR 3M - 6894 - Herramientas Industriales - Equipos de Seguridad - Solumeca.com<\/title>\n<meta name=\"robots\" content=\"index, follow, max-snippet:-1, max-image-preview:large, max-video-preview:-1\" \/>\n<link rel=\"canonical\" href=\"https:\/\/solumeca.com\/?product=copa-nasal-repuesto-respirador-3m-6894\" \/>\n<meta property=\"og:locale\" content=\"es_ES\" \/>\n<meta property=\"og:type\" content=\"article\" \/>\n<meta property=\"og:title\" content=\"COPA NASAL. REPUESTO RESPIRADOR 3M - 6894\" \/>\n<meta property=\"og:description\" content=\"Incluye v\u00e1lvulas de inhalaci\u00f3n y es un repuesto dise\u00f1ado para utilizarse con los Respiradores 6700, 6800 y 6900 de 3M.\" \/>\n<meta property=\"og:url\" content=\"https:\/\/solumeca.com\/?product=copa-nasal-repuesto-respirador-3m-6894\" \/>\n<meta property=\"og:site_name\" content=\"Herramientas Industriales - Equipos de Seguridad - Solumeca.com\" \/>\n<meta property=\"article:modified_time\" content=\"2026-03-17T19:51:09+00:00\" \/>\n<meta name=\"twitter:card\" content=\"summary_large_image\" \/>\n<script type=\"application\/ld+json\" class=\"yoast-schema-graph\">{\"@context\":\"https:\/\/schema.org\",\"@graph\":[{\"@type\":\"WebPage\",\"@id\":\"https:\/\/solumeca.com\/?product=copa-nasal-repuesto-respirador-3m-6894\",\"url\":\"https:\/\/solumeca.com\/?product=copa-nasal-repuesto-respirador-3m-6894\",\"name\":\"COPA NASAL. REPUESTO RESPIRADOR 3M - 6894 - Herramientas Industriales - Equipos de Seguridad - Solumeca.com\",\"isPartOf\":{\"@id\":\"https:\/\/solumeca.com\/#website\"},\"primaryImageOfPage\":{\"@id\":\"https:\/\/solumeca.com\/?product=copa-nasal-repuesto-respirador-3m-6894#primaryimage\"},\"image\":{\"@id\":\"https:\/\/solumeca.com\/?product=copa-nasal-repuesto-respirador-3m-6894#primaryimage\"},\"thumbnailUrl\":\"https:\/\/solumeca.com\/wp-content\/uploads\/2026\/03\/6894.png\",\"datePublished\":\"2026-03-17T19:51:05+00:00\",\"dateModified\":\"2026-03-17T19:51:09+00:00\",\"breadcrumb\":{\"@id\":\"https:\/\/solumeca.com\/?product=copa-nasal-repuesto-respirador-3m-6894#breadcrumb\"},\"inLanguage\":\"es\",\"potentialAction\":[{\"@type\":\"ReadAction\",\"target\":[\"https:\/\/solumeca.com\/?product=copa-nasal-repuesto-respirador-3m-6894\"]}]},{\"@type\":\"ImageObject\",\"inLanguage\":\"es\",\"@id\":\"https:\/\/solumeca.com\/?product=copa-nasal-repuesto-respirador-3m-6894#primaryimage\",\"url\":\"https:\/\/solumeca.com\/wp-content\/uploads\/2026\/03\/6894.png\",\"contentUrl\":\"https:\/\/solumeca.com\/wp-content\/uploads\/2026\/03\/6894.png\",\"width\":1000,\"height\":1000},{\"@type\":\"BreadcrumbList\",\"@id\":\"https:\/\/solumeca.com\/?product=copa-nasal-repuesto-respirador-3m-6894#breadcrumb\",\"itemListElement\":[{\"@type\":\"ListItem\",\"position\":1,\"name\":\"Portada\",\"item\":\"https:\/\/solumeca.com\/\"},{\"@type\":\"ListItem\",\"position\":2,\"name\":\"Shop\",\"item\":\"https:\/\/solumeca.com\/?page_id=10\"},{\"@type\":\"ListItem\",\"position\":3,\"name\":\"COPA NASAL. REPUESTO RESPIRADOR 3M &#8211; 6894\"}]},{\"@type\":\"WebSite\",\"@id\":\"https:\/\/solumeca.com\/#website\",\"url\":\"https:\/\/solumeca.com\/\",\"name\":\"SOS Integral - Equipos de Seguridad - Herramientas Industriales\",\"description\":\"Equipos de Seguridad, Santo Domingo, Republica Dominicana, Herramientas Industriales,Tel.: (809) 274-3888 \/ Info@solumeca.com\",\"publisher\":{\"@id\":\"https:\/\/solumeca.com\/#organization\"},\"potentialAction\":[{\"@type\":\"SearchAction\",\"target\":{\"@type\":\"EntryPoint\",\"urlTemplate\":\"https:\/\/solumeca.com\/?s={search_term_string}\"},\"query-input\":\"required name=search_term_string\"}],\"inLanguage\":\"es\"},{\"@type\":\"Organization\",\"@id\":\"https:\/\/solumeca.com\/#organization\",\"name\":\"SOS Integral - Equipos de Seguridad - Herramientas Industriales\",\"url\":\"https:\/\/solumeca.com\/\",\"logo\":{\"@type\":\"ImageObject\",\"inLanguage\":\"es\",\"@id\":\"https:\/\/solumeca.com\/#\/schema\/logo\/image\/\",\"url\":\"https:\/\/solumeca.com\/wp-content\/uploads\/2024\/04\/equipos-de-seguridad-sos-2.png\",\"contentUrl\":\"https:\/\/solumeca.com\/wp-content\/uploads\/2024\/04\/equipos-de-seguridad-sos-2.png\",\"width\":600,\"height\":259,\"caption\":\"SOS Integral - Equipos de Seguridad - Herramientas Industriales\"},\"image\":{\"@id\":\"https:\/\/solumeca.com\/#\/schema\/logo\/image\/\"},\"sameAs\":[\"https:\/\/www.instagram.com\/sosintegralrd\/\"]}]}<\/script>\n<!-- \/ Yoast SEO Premium plugin. -->","yoast_head_json":{"title":"COPA NASAL. REPUESTO RESPIRADOR 3M - 6894 - Herramientas Industriales - Equipos de Seguridad - Solumeca.com","robots":{"index":"index","follow":"follow","max-snippet":"max-snippet:-1","max-image-preview":"max-image-preview:large","max-video-preview":"max-video-preview:-1"},"canonical":"https:\/\/solumeca.com\/?product=copa-nasal-repuesto-respirador-3m-6894","og_locale":"es_ES","og_type":"article","og_title":"COPA NASAL. REPUESTO RESPIRADOR 3M - 6894","og_description":"Incluye v\u00e1lvulas de inhalaci\u00f3n y es un repuesto dise\u00f1ado para utilizarse con los Respiradores 6700, 6800 y 6900 de 3M.","og_url":"https:\/\/solumeca.com\/?product=copa-nasal-repuesto-respirador-3m-6894","og_site_name":"Herramientas Industriales - Equipos de Seguridad - Solumeca.com","article_modified_time":"2026-03-17T19:51:09+00:00","twitter_card":"summary_large_image","schema":{"@context":"https:\/\/schema.org","@graph":[{"@type":"WebPage","@id":"https:\/\/solumeca.com\/?product=copa-nasal-repuesto-respirador-3m-6894","url":"https:\/\/solumeca.com\/?product=copa-nasal-repuesto-respirador-3m-6894","name":"COPA NASAL. REPUESTO RESPIRADOR 3M - 6894 - Herramientas Industriales - Equipos de Seguridad - Solumeca.com","isPartOf":{"@id":"https:\/\/solumeca.com\/#website"},"primaryImageOfPage":{"@id":"https:\/\/solumeca.com\/?product=copa-nasal-repuesto-respirador-3m-6894#primaryimage"},"image":{"@id":"https:\/\/solumeca.com\/?product=copa-nasal-repuesto-respirador-3m-6894#primaryimage"},"thumbnailUrl":"https:\/\/solumeca.com\/wp-content\/uploads\/2026\/03\/6894.png","datePublished":"2026-03-17T19:51:05+00:00","dateModified":"2026-03-17T19:51:09+00:00","breadcrumb":{"@id":"https:\/\/solumeca.com\/?product=copa-nasal-repuesto-respirador-3m-6894#breadcrumb"},"inLanguage":"es","potentialAction":[{"@type":"ReadAction","target":["https:\/\/solumeca.com\/?product=copa-nasal-repuesto-respirador-3m-6894"]}]},{"@type":"ImageObject","inLanguage":"es","@id":"https:\/\/solumeca.com\/?product=copa-nasal-repuesto-respirador-3m-6894#primaryimage","url":"https:\/\/solumeca.com\/wp-content\/uploads\/2026\/03\/6894.png","contentUrl":"https:\/\/solumeca.com\/wp-content\/uploads\/2026\/03\/6894.png","width":1000,"height":1000},{"@type":"BreadcrumbList","@id":"https:\/\/solumeca.com\/?product=copa-nasal-repuesto-respirador-3m-6894#breadcrumb","itemListElement":[{"@type":"ListItem","position":1,"name":"Portada","item":"https:\/\/solumeca.com\/"},{"@type":"ListItem","position":2,"name":"Shop","item":"https:\/\/solumeca.com\/?page_id=10"},{"@type":"ListItem","position":3,"name":"COPA NASAL. REPUESTO RESPIRADOR 3M &#8211; 6894"}]},{"@type":"WebSite","@id":"https:\/\/solumeca.com\/#website","url":"https:\/\/solumeca.com\/","name":"SOS Integral - Equipos de Seguridad - Herramientas Industriales","description":"Equipos de Seguridad, Santo Domingo, Republica Dominicana, Herramientas Industriales,Tel.: (809) 274-3888 \/ Info@solumeca.com","publisher":{"@id":"https:\/\/solumeca.com\/#organization"},"potentialAction":[{"@type":"SearchAction","target":{"@type":"EntryPoint","urlTemplate":"https:\/\/solumeca.com\/?s={search_term_string}"},"query-input":"required name=search_term_string"}],"inLanguage":"es"},{"@type":"Organization","@id":"https:\/\/solumeca.com\/#organization","name":"SOS Integral - Equipos de Seguridad - Herramientas Industriales","url":"https:\/\/solumeca.com\/","logo":{"@type":"ImageObject","inLanguage":"es","@id":"https:\/\/solumeca.com\/#\/schema\/logo\/image\/","url":"https:\/\/solumeca.com\/wp-content\/uploads\/2024\/04\/equipos-de-seguridad-sos-2.png","contentUrl":"https:\/\/solumeca.com\/wp-content\/uploads\/2024\/04\/equipos-de-seguridad-sos-2.png","width":600,"height":259,"caption":"SOS Integral - Equipos de Seguridad - Herramientas Industriales"},"image":{"@id":"https:\/\/solumeca.com\/#\/schema\/logo\/image\/"},"sameAs":["https:\/\/www.instagram.com\/sosintegralrd\/"]}]}},"_links":{"self":[{"href":"https:\/\/solumeca.com\/index.php?rest_route=\/wp\/v2\/product\/33202","targetHints":{"allow":["GET"]}}],"collection":[{"href":"https:\/\/solumeca.com\/index.php?rest_route=\/wp\/v2\/product"}],"about":[{"href":"https:\/\/solumeca.com\/index.php?rest_route=\/wp\/v2\/types\/product"}],"replies":[{"embeddable":true,"href":"https:\/\/solumeca.com\/index.php?rest_route=%2Fwp%2Fv2%2Fcomments&post=33202"}],"version-history":[{"count":1,"href":"https:\/\/solumeca.com\/index.php?rest_route=\/wp\/v2\/product\/33202\/revisions"}],"predecessor-version":[{"id":33232,"href":"https:\/\/solumeca.com\/index.php?rest_route=\/wp\/v2\/product\/33202\/revisions\/33232"}],"wp:featuredmedia":[{"embeddable":true,"href":"https:\/\/solumeca.com\/index.php?rest_route=\/wp\/v2\/media\/24727"}],"wp:attachment":[{"href":"https:\/\/solumeca.com\/index.php?rest_route=%2Fwp%2Fv2%2Fmedia&parent=33202"}],"wp:term":[{"taxonomy":"product_brand","embeddable":true,"href":"https:\/\/solumeca.com\/index.php?rest_route=%2Fwp%2Fv2%2Fproduct_brand&post=33202"},{"taxonomy":"product_cat","embeddable":true,"href":"https:\/\/solumeca.com\/index.php?rest_route=%2Fwp%2Fv2%2Fproduct_cat&post=33202"},{"taxonomy":"product_tag","embeddable":true,"href":"https:\/\/solumeca.com\/index.php?rest_route=%2Fwp%2Fv2%2Fproduct_tag&post=33202"}],"curies":[{"name":"wp","href":"https:\/\/api.w.org\/{rel}","templated":true}]}}