{"id":33091,"date":"2026-03-17T20:50:35","date_gmt":"2026-03-17T19:50:35","guid":{"rendered":"https:\/\/solumeca.com\/?post_type=product&#038;p=33091"},"modified":"2026-03-17T20:50:42","modified_gmt":"2026-03-17T19:50:42","slug":"tapon-de-oido-desechable-sin-cordon-marca-3m-modelo-1100-1100-3m","status":"publish","type":"product","link":"https:\/\/solumeca.com\/?product=tapon-de-oido-desechable-sin-cordon-marca-3m-modelo-1100-1100-3m","title":{"rendered":"TAPON DE OIDO DESECHABLE SIN CORDON MARCA 3M MODELO 1100 &#8211; 1100-3M"},"content":{"rendered":"","protected":false},"excerpt":{"rendered":"<p>Protege tu audici\u00f3n con los Tapones Auditivos 3M. Dise\u00f1ados con materiales hipoalerg\u00e9nicos, ofrecen una efectiva protecci\u00f3n en entornos ruidosos.<\/p>\n","protected":false},"featured_media":24611,"comment_status":"closed","ping_status":"closed","template":"","meta":[],"product_brand":[],"product_cat":[311],"product_tag":[],"class_list":{"0":"post-33091","1":"product","2":"type-product","3":"status-publish","4":"has-post-thumbnail","6":"product_cat-3m","8":"first","9":"instock","10":"taxable","11":"shipping-taxable","12":"purchasable","13":"product-type-simple"},"yoast_head":"<!-- This site is optimized with the Yoast SEO Premium plugin v22.5 (Yoast SEO v22.6) - https:\/\/yoast.com\/wordpress\/plugins\/seo\/ -->\n<title>TAPON DE OIDO DESECHABLE SIN CORDON MARCA 3M MODELO 1100 - 1100-3M - Herramientas Industriales - Equipos de Seguridad - Solumeca.com<\/title>\n<meta name=\"robots\" content=\"index, follow, max-snippet:-1, max-image-preview:large, max-video-preview:-1\" \/>\n<link rel=\"canonical\" href=\"https:\/\/solumeca.com\/?product=tapon-de-oido-desechable-sin-cordon-marca-3m-modelo-1100-1100-3m\" \/>\n<meta property=\"og:locale\" content=\"es_ES\" \/>\n<meta property=\"og:type\" content=\"article\" \/>\n<meta property=\"og:title\" content=\"TAPON DE OIDO DESECHABLE SIN CORDON MARCA 3M MODELO 1100 - 1100-3M\" \/>\n<meta property=\"og:description\" content=\"Protege tu audici\u00f3n con los Tapones Auditivos 3M. Dise\u00f1ados con materiales hipoalerg\u00e9nicos, ofrecen una efectiva protecci\u00f3n en entornos ruidosos.\" \/>\n<meta property=\"og:url\" content=\"https:\/\/solumeca.com\/?product=tapon-de-oido-desechable-sin-cordon-marca-3m-modelo-1100-1100-3m\" \/>\n<meta property=\"og:site_name\" content=\"Herramientas Industriales - Equipos de Seguridad - Solumeca.com\" \/>\n<meta property=\"article:modified_time\" content=\"2026-03-17T19:50:42+00:00\" \/>\n<meta name=\"twitter:card\" content=\"summary_large_image\" \/>\n<script type=\"application\/ld+json\" class=\"yoast-schema-graph\">{\"@context\":\"https:\/\/schema.org\",\"@graph\":[{\"@type\":\"WebPage\",\"@id\":\"https:\/\/solumeca.com\/?product=tapon-de-oido-desechable-sin-cordon-marca-3m-modelo-1100-1100-3m\",\"url\":\"https:\/\/solumeca.com\/?product=tapon-de-oido-desechable-sin-cordon-marca-3m-modelo-1100-1100-3m\",\"name\":\"TAPON DE OIDO DESECHABLE SIN CORDON MARCA 3M MODELO 1100 - 1100-3M - Herramientas Industriales - Equipos de Seguridad - Solumeca.com\",\"isPartOf\":{\"@id\":\"https:\/\/solumeca.com\/#website\"},\"primaryImageOfPage\":{\"@id\":\"https:\/\/solumeca.com\/?product=tapon-de-oido-desechable-sin-cordon-marca-3m-modelo-1100-1100-3m#primaryimage\"},\"image\":{\"@id\":\"https:\/\/solumeca.com\/?product=tapon-de-oido-desechable-sin-cordon-marca-3m-modelo-1100-1100-3m#primaryimage\"},\"thumbnailUrl\":\"https:\/\/solumeca.com\/wp-content\/uploads\/2026\/03\/0-01-621_00-01-621-F2_1689690170730-1300.webp\",\"datePublished\":\"2026-03-17T19:50:35+00:00\",\"dateModified\":\"2026-03-17T19:50:42+00:00\",\"breadcrumb\":{\"@id\":\"https:\/\/solumeca.com\/?product=tapon-de-oido-desechable-sin-cordon-marca-3m-modelo-1100-1100-3m#breadcrumb\"},\"inLanguage\":\"es\",\"potentialAction\":[{\"@type\":\"ReadAction\",\"target\":[\"https:\/\/solumeca.com\/?product=tapon-de-oido-desechable-sin-cordon-marca-3m-modelo-1100-1100-3m\"]}]},{\"@type\":\"ImageObject\",\"inLanguage\":\"es\",\"@id\":\"https:\/\/solumeca.com\/?product=tapon-de-oido-desechable-sin-cordon-marca-3m-modelo-1100-1100-3m#primaryimage\",\"url\":\"https:\/\/solumeca.com\/wp-content\/uploads\/2026\/03\/0-01-621_00-01-621-F2_1689690170730-1300.webp\",\"contentUrl\":\"https:\/\/solumeca.com\/wp-content\/uploads\/2026\/03\/0-01-621_00-01-621-F2_1689690170730-1300.webp\",\"width\":1300,\"height\":1300},{\"@type\":\"BreadcrumbList\",\"@id\":\"https:\/\/solumeca.com\/?product=tapon-de-oido-desechable-sin-cordon-marca-3m-modelo-1100-1100-3m#breadcrumb\",\"itemListElement\":[{\"@type\":\"ListItem\",\"position\":1,\"name\":\"Portada\",\"item\":\"https:\/\/solumeca.com\/\"},{\"@type\":\"ListItem\",\"position\":2,\"name\":\"Shop\",\"item\":\"https:\/\/solumeca.com\/?page_id=10\"},{\"@type\":\"ListItem\",\"position\":3,\"name\":\"TAPON DE OIDO DESECHABLE SIN CORDON MARCA 3M MODELO 1100 &#8211; 1100-3M\"}]},{\"@type\":\"WebSite\",\"@id\":\"https:\/\/solumeca.com\/#website\",\"url\":\"https:\/\/solumeca.com\/\",\"name\":\"SOS Integral - Equipos de Seguridad - Herramientas Industriales\",\"description\":\"Equipos de Seguridad, Santo Domingo, Republica Dominicana, Herramientas Industriales,Tel.: (809) 274-3888 \/ Info@solumeca.com\",\"publisher\":{\"@id\":\"https:\/\/solumeca.com\/#organization\"},\"potentialAction\":[{\"@type\":\"SearchAction\",\"target\":{\"@type\":\"EntryPoint\",\"urlTemplate\":\"https:\/\/solumeca.com\/?s={search_term_string}\"},\"query-input\":\"required name=search_term_string\"}],\"inLanguage\":\"es\"},{\"@type\":\"Organization\",\"@id\":\"https:\/\/solumeca.com\/#organization\",\"name\":\"SOS Integral - Equipos de Seguridad - Herramientas Industriales\",\"url\":\"https:\/\/solumeca.com\/\",\"logo\":{\"@type\":\"ImageObject\",\"inLanguage\":\"es\",\"@id\":\"https:\/\/solumeca.com\/#\/schema\/logo\/image\/\",\"url\":\"https:\/\/solumeca.com\/wp-content\/uploads\/2024\/04\/equipos-de-seguridad-sos-2.png\",\"contentUrl\":\"https:\/\/solumeca.com\/wp-content\/uploads\/2024\/04\/equipos-de-seguridad-sos-2.png\",\"width\":600,\"height\":259,\"caption\":\"SOS Integral - Equipos de Seguridad - Herramientas Industriales\"},\"image\":{\"@id\":\"https:\/\/solumeca.com\/#\/schema\/logo\/image\/\"},\"sameAs\":[\"https:\/\/www.instagram.com\/sosintegralrd\/\"]}]}<\/script>\n<!-- \/ Yoast SEO Premium plugin. -->","yoast_head_json":{"title":"TAPON DE OIDO DESECHABLE SIN CORDON MARCA 3M MODELO 1100 - 1100-3M - Herramientas Industriales - Equipos de Seguridad - Solumeca.com","robots":{"index":"index","follow":"follow","max-snippet":"max-snippet:-1","max-image-preview":"max-image-preview:large","max-video-preview":"max-video-preview:-1"},"canonical":"https:\/\/solumeca.com\/?product=tapon-de-oido-desechable-sin-cordon-marca-3m-modelo-1100-1100-3m","og_locale":"es_ES","og_type":"article","og_title":"TAPON DE OIDO DESECHABLE SIN CORDON MARCA 3M MODELO 1100 - 1100-3M","og_description":"Protege tu audici\u00f3n con los Tapones Auditivos 3M. Dise\u00f1ados con materiales hipoalerg\u00e9nicos, ofrecen una efectiva protecci\u00f3n en entornos ruidosos.","og_url":"https:\/\/solumeca.com\/?product=tapon-de-oido-desechable-sin-cordon-marca-3m-modelo-1100-1100-3m","og_site_name":"Herramientas Industriales - Equipos de Seguridad - Solumeca.com","article_modified_time":"2026-03-17T19:50:42+00:00","twitter_card":"summary_large_image","schema":{"@context":"https:\/\/schema.org","@graph":[{"@type":"WebPage","@id":"https:\/\/solumeca.com\/?product=tapon-de-oido-desechable-sin-cordon-marca-3m-modelo-1100-1100-3m","url":"https:\/\/solumeca.com\/?product=tapon-de-oido-desechable-sin-cordon-marca-3m-modelo-1100-1100-3m","name":"TAPON DE OIDO DESECHABLE SIN CORDON MARCA 3M MODELO 1100 - 1100-3M - Herramientas Industriales - Equipos de Seguridad - Solumeca.com","isPartOf":{"@id":"https:\/\/solumeca.com\/#website"},"primaryImageOfPage":{"@id":"https:\/\/solumeca.com\/?product=tapon-de-oido-desechable-sin-cordon-marca-3m-modelo-1100-1100-3m#primaryimage"},"image":{"@id":"https:\/\/solumeca.com\/?product=tapon-de-oido-desechable-sin-cordon-marca-3m-modelo-1100-1100-3m#primaryimage"},"thumbnailUrl":"https:\/\/solumeca.com\/wp-content\/uploads\/2026\/03\/0-01-621_00-01-621-F2_1689690170730-1300.webp","datePublished":"2026-03-17T19:50:35+00:00","dateModified":"2026-03-17T19:50:42+00:00","breadcrumb":{"@id":"https:\/\/solumeca.com\/?product=tapon-de-oido-desechable-sin-cordon-marca-3m-modelo-1100-1100-3m#breadcrumb"},"inLanguage":"es","potentialAction":[{"@type":"ReadAction","target":["https:\/\/solumeca.com\/?product=tapon-de-oido-desechable-sin-cordon-marca-3m-modelo-1100-1100-3m"]}]},{"@type":"ImageObject","inLanguage":"es","@id":"https:\/\/solumeca.com\/?product=tapon-de-oido-desechable-sin-cordon-marca-3m-modelo-1100-1100-3m#primaryimage","url":"https:\/\/solumeca.com\/wp-content\/uploads\/2026\/03\/0-01-621_00-01-621-F2_1689690170730-1300.webp","contentUrl":"https:\/\/solumeca.com\/wp-content\/uploads\/2026\/03\/0-01-621_00-01-621-F2_1689690170730-1300.webp","width":1300,"height":1300},{"@type":"BreadcrumbList","@id":"https:\/\/solumeca.com\/?product=tapon-de-oido-desechable-sin-cordon-marca-3m-modelo-1100-1100-3m#breadcrumb","itemListElement":[{"@type":"ListItem","position":1,"name":"Portada","item":"https:\/\/solumeca.com\/"},{"@type":"ListItem","position":2,"name":"Shop","item":"https:\/\/solumeca.com\/?page_id=10"},{"@type":"ListItem","position":3,"name":"TAPON DE OIDO DESECHABLE SIN CORDON MARCA 3M MODELO 1100 &#8211; 1100-3M"}]},{"@type":"WebSite","@id":"https:\/\/solumeca.com\/#website","url":"https:\/\/solumeca.com\/","name":"SOS Integral - Equipos de Seguridad - Herramientas Industriales","description":"Equipos de Seguridad, Santo Domingo, Republica Dominicana, Herramientas Industriales,Tel.: (809) 274-3888 \/ Info@solumeca.com","publisher":{"@id":"https:\/\/solumeca.com\/#organization"},"potentialAction":[{"@type":"SearchAction","target":{"@type":"EntryPoint","urlTemplate":"https:\/\/solumeca.com\/?s={search_term_string}"},"query-input":"required name=search_term_string"}],"inLanguage":"es"},{"@type":"Organization","@id":"https:\/\/solumeca.com\/#organization","name":"SOS Integral - Equipos de Seguridad - Herramientas Industriales","url":"https:\/\/solumeca.com\/","logo":{"@type":"ImageObject","inLanguage":"es","@id":"https:\/\/solumeca.com\/#\/schema\/logo\/image\/","url":"https:\/\/solumeca.com\/wp-content\/uploads\/2024\/04\/equipos-de-seguridad-sos-2.png","contentUrl":"https:\/\/solumeca.com\/wp-content\/uploads\/2024\/04\/equipos-de-seguridad-sos-2.png","width":600,"height":259,"caption":"SOS Integral - Equipos de Seguridad - Herramientas Industriales"},"image":{"@id":"https:\/\/solumeca.com\/#\/schema\/logo\/image\/"},"sameAs":["https:\/\/www.instagram.com\/sosintegralrd\/"]}]}},"_links":{"self":[{"href":"https:\/\/solumeca.com\/index.php?rest_route=\/wp\/v2\/product\/33091","targetHints":{"allow":["GET"]}}],"collection":[{"href":"https:\/\/solumeca.com\/index.php?rest_route=\/wp\/v2\/product"}],"about":[{"href":"https:\/\/solumeca.com\/index.php?rest_route=\/wp\/v2\/types\/product"}],"replies":[{"embeddable":true,"href":"https:\/\/solumeca.com\/index.php?rest_route=%2Fwp%2Fv2%2Fcomments&post=33091"}],"version-history":[{"count":1,"href":"https:\/\/solumeca.com\/index.php?rest_route=\/wp\/v2\/product\/33091\/revisions"}],"predecessor-version":[{"id":33121,"href":"https:\/\/solumeca.com\/index.php?rest_route=\/wp\/v2\/product\/33091\/revisions\/33121"}],"wp:featuredmedia":[{"embeddable":true,"href":"https:\/\/solumeca.com\/index.php?rest_route=\/wp\/v2\/media\/24611"}],"wp:attachment":[{"href":"https:\/\/solumeca.com\/index.php?rest_route=%2Fwp%2Fv2%2Fmedia&parent=33091"}],"wp:term":[{"taxonomy":"product_brand","embeddable":true,"href":"https:\/\/solumeca.com\/index.php?rest_route=%2Fwp%2Fv2%2Fproduct_brand&post=33091"},{"taxonomy":"product_cat","embeddable":true,"href":"https:\/\/solumeca.com\/index.php?rest_route=%2Fwp%2Fv2%2Fproduct_cat&post=33091"},{"taxonomy":"product_tag","embeddable":true,"href":"https:\/\/solumeca.com\/index.php?rest_route=%2Fwp%2Fv2%2Fproduct_tag&post=33091"}],"curies":[{"name":"wp","href":"https:\/\/api.w.org\/{rel}","templated":true}]}}