{"id":28187,"date":"2026-03-17T18:51:21","date_gmt":"2026-03-17T17:51:21","guid":{"rendered":"https:\/\/solumeca.com\/?post_type=product&#038;p=28187"},"modified":"2026-03-17T21:14:03","modified_gmt":"2026-03-17T20:14:03","slug":"llave-estructural-de-1-1-2-12pt-urrea-ref-2624","status":"publish","type":"product","link":"https:\/\/solumeca.com\/?product=llave-estructural-de-1-1-2-12pt-urrea-ref-2624","title":{"rendered":"LLAVE ESTRUCTURAL DE 1-1\/2&#8243;, 12PT URREA &#8211; Ref.2624"},"content":{"rendered":"","protected":false},"excerpt":{"rendered":"<ul>\n<li>La aplicaci\u00f3n t\u00edpica de estas llaves es la conexi\u00f3n de equipos brindados donde las bridas son conexiones de plana s\u00f3lida soldadas en los puntos de los tubos con varios barrenos ubicados en forma radial alrededor del tubo<\/li>\n<li>\u00a0La cabeza de estr\u00edas se utiliza para apretar tuercas o cabezas de tornillo con un torque mayor<\/li>\n<\/ul>\n","protected":false},"featured_media":36701,"comment_status":"closed","ping_status":"closed","template":"","meta":[],"product_brand":[],"product_cat":[371],"product_tag":[],"class_list":{"0":"post-28187","1":"product","2":"type-product","3":"status-publish","4":"has-post-thumbnail","6":"product_cat-urrea","8":"first","9":"instock","10":"taxable","11":"shipping-taxable","12":"purchasable","13":"product-type-simple"},"yoast_head":"<!-- This site is optimized with the Yoast SEO Premium plugin v22.5 (Yoast SEO v22.6) - https:\/\/yoast.com\/wordpress\/plugins\/seo\/ -->\n<title>LLAVE ESTRUCTURAL DE 1-1\/2&quot;, 12PT URREA - Ref.2624 - Herramientas Industriales - Equipos de Seguridad - Solumeca.com<\/title>\n<meta name=\"robots\" content=\"index, follow, max-snippet:-1, max-image-preview:large, max-video-preview:-1\" \/>\n<link rel=\"canonical\" href=\"https:\/\/solumeca.com\/?product=llave-estructural-de-1-1-2-12pt-urrea-ref-2624\" \/>\n<meta property=\"og:locale\" content=\"es_ES\" \/>\n<meta property=\"og:type\" content=\"article\" \/>\n<meta property=\"og:title\" content=\"LLAVE ESTRUCTURAL DE 1-1\/2&quot;, 12PT URREA - Ref.2624\" \/>\n<meta property=\"og:description\" content=\"La aplicaci\u00f3n t\u00edpica de estas llaves es la conexi\u00f3n de equipos brindados donde las bridas son conexiones de plana s\u00f3lida soldadas en los puntos de los tubos con varios barrenos ubicados en forma radial alrededor del tubo  \u00a0La cabeza de estr\u00edas se utiliza para apretar tuercas o cabezas de tornillo con un torque mayor\" \/>\n<meta property=\"og:url\" content=\"https:\/\/solumeca.com\/?product=llave-estructural-de-1-1-2-12pt-urrea-ref-2624\" \/>\n<meta property=\"og:site_name\" content=\"Herramientas Industriales - Equipos de Seguridad - Solumeca.com\" \/>\n<meta property=\"article:modified_time\" content=\"2026-03-17T20:14:03+00:00\" \/>\n<meta name=\"twitter:card\" content=\"summary_large_image\" \/>\n<script type=\"application\/ld+json\" class=\"yoast-schema-graph\">{\"@context\":\"https:\/\/schema.org\",\"@graph\":[{\"@type\":\"WebPage\",\"@id\":\"https:\/\/solumeca.com\/?product=llave-estructural-de-1-1-2-12pt-urrea-ref-2624\",\"url\":\"https:\/\/solumeca.com\/?product=llave-estructural-de-1-1-2-12pt-urrea-ref-2624\",\"name\":\"LLAVE ESTRUCTURAL DE 1-1\/2\\\", 12PT URREA - Ref.2624 - Herramientas Industriales - Equipos de Seguridad - Solumeca.com\",\"isPartOf\":{\"@id\":\"https:\/\/solumeca.com\/#website\"},\"primaryImageOfPage\":{\"@id\":\"https:\/\/solumeca.com\/?product=llave-estructural-de-1-1-2-12pt-urrea-ref-2624#primaryimage\"},\"image\":{\"@id\":\"https:\/\/solumeca.com\/?product=llave-estructural-de-1-1-2-12pt-urrea-ref-2624#primaryimage\"},\"thumbnailUrl\":\"https:\/\/solumeca.com\/wp-content\/uploads\/2026\/03\/2624.webp\",\"datePublished\":\"2026-03-17T17:51:21+00:00\",\"dateModified\":\"2026-03-17T20:14:03+00:00\",\"breadcrumb\":{\"@id\":\"https:\/\/solumeca.com\/?product=llave-estructural-de-1-1-2-12pt-urrea-ref-2624#breadcrumb\"},\"inLanguage\":\"es\",\"potentialAction\":[{\"@type\":\"ReadAction\",\"target\":[\"https:\/\/solumeca.com\/?product=llave-estructural-de-1-1-2-12pt-urrea-ref-2624\"]}]},{\"@type\":\"ImageObject\",\"inLanguage\":\"es\",\"@id\":\"https:\/\/solumeca.com\/?product=llave-estructural-de-1-1-2-12pt-urrea-ref-2624#primaryimage\",\"url\":\"https:\/\/solumeca.com\/wp-content\/uploads\/2026\/03\/2624.webp\",\"contentUrl\":\"https:\/\/solumeca.com\/wp-content\/uploads\/2026\/03\/2624.webp\",\"width\":1000,\"height\":1000},{\"@type\":\"BreadcrumbList\",\"@id\":\"https:\/\/solumeca.com\/?product=llave-estructural-de-1-1-2-12pt-urrea-ref-2624#breadcrumb\",\"itemListElement\":[{\"@type\":\"ListItem\",\"position\":1,\"name\":\"Portada\",\"item\":\"https:\/\/solumeca.com\/\"},{\"@type\":\"ListItem\",\"position\":2,\"name\":\"Shop\",\"item\":\"https:\/\/solumeca.com\/?page_id=10\"},{\"@type\":\"ListItem\",\"position\":3,\"name\":\"LLAVE ESTRUCTURAL DE 1-1\/2&#8243;, 12PT URREA &#8211; Ref.2624\"}]},{\"@type\":\"WebSite\",\"@id\":\"https:\/\/solumeca.com\/#website\",\"url\":\"https:\/\/solumeca.com\/\",\"name\":\"SOS Integral - Equipos de Seguridad - Herramientas Industriales\",\"description\":\"Equipos de Seguridad, Santo Domingo, Republica Dominicana, Herramientas Industriales,Tel.: (809) 274-3888 \/ Info@solumeca.com\",\"publisher\":{\"@id\":\"https:\/\/solumeca.com\/#organization\"},\"potentialAction\":[{\"@type\":\"SearchAction\",\"target\":{\"@type\":\"EntryPoint\",\"urlTemplate\":\"https:\/\/solumeca.com\/?s={search_term_string}\"},\"query-input\":\"required name=search_term_string\"}],\"inLanguage\":\"es\"},{\"@type\":\"Organization\",\"@id\":\"https:\/\/solumeca.com\/#organization\",\"name\":\"SOS Integral - Equipos de Seguridad - Herramientas Industriales\",\"url\":\"https:\/\/solumeca.com\/\",\"logo\":{\"@type\":\"ImageObject\",\"inLanguage\":\"es\",\"@id\":\"https:\/\/solumeca.com\/#\/schema\/logo\/image\/\",\"url\":\"https:\/\/solumeca.com\/wp-content\/uploads\/2024\/04\/equipos-de-seguridad-sos-2.png\",\"contentUrl\":\"https:\/\/solumeca.com\/wp-content\/uploads\/2024\/04\/equipos-de-seguridad-sos-2.png\",\"width\":600,\"height\":259,\"caption\":\"SOS Integral - Equipos de Seguridad - Herramientas Industriales\"},\"image\":{\"@id\":\"https:\/\/solumeca.com\/#\/schema\/logo\/image\/\"},\"sameAs\":[\"https:\/\/www.instagram.com\/sosintegralrd\/\"]}]}<\/script>\n<!-- \/ Yoast SEO Premium plugin. -->","yoast_head_json":{"title":"LLAVE ESTRUCTURAL DE 1-1\/2\", 12PT URREA - Ref.2624 - Herramientas Industriales - Equipos de Seguridad - Solumeca.com","robots":{"index":"index","follow":"follow","max-snippet":"max-snippet:-1","max-image-preview":"max-image-preview:large","max-video-preview":"max-video-preview:-1"},"canonical":"https:\/\/solumeca.com\/?product=llave-estructural-de-1-1-2-12pt-urrea-ref-2624","og_locale":"es_ES","og_type":"article","og_title":"LLAVE ESTRUCTURAL DE 1-1\/2\", 12PT URREA - Ref.2624","og_description":"La aplicaci\u00f3n t\u00edpica de estas llaves es la conexi\u00f3n de equipos brindados donde las bridas son conexiones de plana s\u00f3lida soldadas en los puntos de los tubos con varios barrenos ubicados en forma radial alrededor del tubo  \u00a0La cabeza de estr\u00edas se utiliza para apretar tuercas o cabezas de tornillo con un torque mayor","og_url":"https:\/\/solumeca.com\/?product=llave-estructural-de-1-1-2-12pt-urrea-ref-2624","og_site_name":"Herramientas Industriales - Equipos de Seguridad - Solumeca.com","article_modified_time":"2026-03-17T20:14:03+00:00","twitter_card":"summary_large_image","schema":{"@context":"https:\/\/schema.org","@graph":[{"@type":"WebPage","@id":"https:\/\/solumeca.com\/?product=llave-estructural-de-1-1-2-12pt-urrea-ref-2624","url":"https:\/\/solumeca.com\/?product=llave-estructural-de-1-1-2-12pt-urrea-ref-2624","name":"LLAVE ESTRUCTURAL DE 1-1\/2\", 12PT URREA - Ref.2624 - Herramientas Industriales - Equipos de Seguridad - Solumeca.com","isPartOf":{"@id":"https:\/\/solumeca.com\/#website"},"primaryImageOfPage":{"@id":"https:\/\/solumeca.com\/?product=llave-estructural-de-1-1-2-12pt-urrea-ref-2624#primaryimage"},"image":{"@id":"https:\/\/solumeca.com\/?product=llave-estructural-de-1-1-2-12pt-urrea-ref-2624#primaryimage"},"thumbnailUrl":"https:\/\/solumeca.com\/wp-content\/uploads\/2026\/03\/2624.webp","datePublished":"2026-03-17T17:51:21+00:00","dateModified":"2026-03-17T20:14:03+00:00","breadcrumb":{"@id":"https:\/\/solumeca.com\/?product=llave-estructural-de-1-1-2-12pt-urrea-ref-2624#breadcrumb"},"inLanguage":"es","potentialAction":[{"@type":"ReadAction","target":["https:\/\/solumeca.com\/?product=llave-estructural-de-1-1-2-12pt-urrea-ref-2624"]}]},{"@type":"ImageObject","inLanguage":"es","@id":"https:\/\/solumeca.com\/?product=llave-estructural-de-1-1-2-12pt-urrea-ref-2624#primaryimage","url":"https:\/\/solumeca.com\/wp-content\/uploads\/2026\/03\/2624.webp","contentUrl":"https:\/\/solumeca.com\/wp-content\/uploads\/2026\/03\/2624.webp","width":1000,"height":1000},{"@type":"BreadcrumbList","@id":"https:\/\/solumeca.com\/?product=llave-estructural-de-1-1-2-12pt-urrea-ref-2624#breadcrumb","itemListElement":[{"@type":"ListItem","position":1,"name":"Portada","item":"https:\/\/solumeca.com\/"},{"@type":"ListItem","position":2,"name":"Shop","item":"https:\/\/solumeca.com\/?page_id=10"},{"@type":"ListItem","position":3,"name":"LLAVE ESTRUCTURAL DE 1-1\/2&#8243;, 12PT URREA &#8211; Ref.2624"}]},{"@type":"WebSite","@id":"https:\/\/solumeca.com\/#website","url":"https:\/\/solumeca.com\/","name":"SOS Integral - Equipos de Seguridad - Herramientas Industriales","description":"Equipos de Seguridad, Santo Domingo, Republica Dominicana, Herramientas Industriales,Tel.: (809) 274-3888 \/ Info@solumeca.com","publisher":{"@id":"https:\/\/solumeca.com\/#organization"},"potentialAction":[{"@type":"SearchAction","target":{"@type":"EntryPoint","urlTemplate":"https:\/\/solumeca.com\/?s={search_term_string}"},"query-input":"required name=search_term_string"}],"inLanguage":"es"},{"@type":"Organization","@id":"https:\/\/solumeca.com\/#organization","name":"SOS Integral - Equipos de Seguridad - Herramientas Industriales","url":"https:\/\/solumeca.com\/","logo":{"@type":"ImageObject","inLanguage":"es","@id":"https:\/\/solumeca.com\/#\/schema\/logo\/image\/","url":"https:\/\/solumeca.com\/wp-content\/uploads\/2024\/04\/equipos-de-seguridad-sos-2.png","contentUrl":"https:\/\/solumeca.com\/wp-content\/uploads\/2024\/04\/equipos-de-seguridad-sos-2.png","width":600,"height":259,"caption":"SOS Integral - Equipos de Seguridad - Herramientas Industriales"},"image":{"@id":"https:\/\/solumeca.com\/#\/schema\/logo\/image\/"},"sameAs":["https:\/\/www.instagram.com\/sosintegralrd\/"]}]}},"_links":{"self":[{"href":"https:\/\/solumeca.com\/index.php?rest_route=\/wp\/v2\/product\/28187","targetHints":{"allow":["GET"]}}],"collection":[{"href":"https:\/\/solumeca.com\/index.php?rest_route=\/wp\/v2\/product"}],"about":[{"href":"https:\/\/solumeca.com\/index.php?rest_route=\/wp\/v2\/types\/product"}],"replies":[{"embeddable":true,"href":"https:\/\/solumeca.com\/index.php?rest_route=%2Fwp%2Fv2%2Fcomments&post=28187"}],"version-history":[{"count":1,"href":"https:\/\/solumeca.com\/index.php?rest_route=\/wp\/v2\/product\/28187\/revisions"}],"predecessor-version":[{"id":36702,"href":"https:\/\/solumeca.com\/index.php?rest_route=\/wp\/v2\/product\/28187\/revisions\/36702"}],"wp:featuredmedia":[{"embeddable":true,"href":"https:\/\/solumeca.com\/index.php?rest_route=\/wp\/v2\/media\/36701"}],"wp:attachment":[{"href":"https:\/\/solumeca.com\/index.php?rest_route=%2Fwp%2Fv2%2Fmedia&parent=28187"}],"wp:term":[{"taxonomy":"product_brand","embeddable":true,"href":"https:\/\/solumeca.com\/index.php?rest_route=%2Fwp%2Fv2%2Fproduct_brand&post=28187"},{"taxonomy":"product_cat","embeddable":true,"href":"https:\/\/solumeca.com\/index.php?rest_route=%2Fwp%2Fv2%2Fproduct_cat&post=28187"},{"taxonomy":"product_tag","embeddable":true,"href":"https:\/\/solumeca.com\/index.php?rest_route=%2Fwp%2Fv2%2Fproduct_tag&post=28187"}],"curies":[{"name":"wp","href":"https:\/\/api.w.org\/{rel}","templated":true}]}}