{"id":28171,"date":"2026-03-17T18:51:20","date_gmt":"2026-03-17T17:51:20","guid":{"rendered":"https:\/\/solumeca.com\/?post_type=product&#038;p=28171"},"modified":"2026-03-17T21:13:42","modified_gmt":"2026-03-17T20:13:42","slug":"prensa-hidraulica-20-toneladas-con-calibrador-urrea-ref-24702","status":"publish","type":"product","link":"https:\/\/solumeca.com\/?product=prensa-hidraulica-20-toneladas-con-calibrador-urrea-ref-24702","title":{"rendered":"PRENSA HIDRAULICA 20 TONELADAS CON CALIBRADOR, URREA. &#8211; Ref.24702"},"content":{"rendered":"","protected":false},"excerpt":{"rendered":"<ul>\n<li>Principalmente su funci\u00f3n es la compresi\u00f3n vertical de piezas que var\u00edan en su tama\u00f1o<\/li>\n<li>\u00a0Normalmente son piezas dif\u00edciles de trabajar, por lo mismo que es necesario realizar un ajuste m\u00e1s fuerte<\/li>\n<li>\u00a0Resiste golpes y vibraciones<\/li>\n<li>\u00a0Cuenta con propiedades resistentes a la corrosi\u00f3n<\/li>\n<li>\u00a0Cabrestante para una manipulaci\u00f3n f\u00e1cil y r\u00e1pida de la mesa de trabajo<\/li>\n<\/ul>\n","protected":false},"featured_media":36669,"comment_status":"closed","ping_status":"closed","template":"","meta":[],"product_brand":[],"product_cat":[371],"product_tag":[],"class_list":{"0":"post-28171","1":"product","2":"type-product","3":"status-publish","4":"has-post-thumbnail","6":"product_cat-urrea","8":"first","9":"instock","10":"taxable","11":"shipping-taxable","12":"purchasable","13":"product-type-simple"},"yoast_head":"<!-- This site is optimized with the Yoast SEO Premium plugin v22.5 (Yoast SEO v22.6) - https:\/\/yoast.com\/wordpress\/plugins\/seo\/ -->\n<title>PRENSA HIDRAULICA 20 TONELADAS CON CALIBRADOR, URREA. - Ref.24702 - Herramientas Industriales - Equipos de Seguridad - Solumeca.com<\/title>\n<meta name=\"robots\" content=\"index, follow, max-snippet:-1, max-image-preview:large, max-video-preview:-1\" \/>\n<link rel=\"canonical\" href=\"https:\/\/solumeca.com\/?product=prensa-hidraulica-20-toneladas-con-calibrador-urrea-ref-24702\" \/>\n<meta property=\"og:locale\" content=\"es_ES\" \/>\n<meta property=\"og:type\" content=\"article\" \/>\n<meta property=\"og:title\" content=\"PRENSA HIDRAULICA 20 TONELADAS CON CALIBRADOR, URREA. - Ref.24702\" \/>\n<meta property=\"og:description\" content=\"Principalmente su funci\u00f3n es la compresi\u00f3n vertical de piezas que var\u00edan en su tama\u00f1o  \u00a0Normalmente son piezas dif\u00edciles de trabajar, por lo mismo que es necesario realizar un ajuste m\u00e1s fuerte  \u00a0Resiste golpes y vibraciones  \u00a0Cuenta con propiedades resistentes a la corrosi\u00f3n  \u00a0Cabrestante para una manipulaci\u00f3n f\u00e1cil y r\u00e1pida de la mesa de trabajo\" \/>\n<meta property=\"og:url\" content=\"https:\/\/solumeca.com\/?product=prensa-hidraulica-20-toneladas-con-calibrador-urrea-ref-24702\" \/>\n<meta property=\"og:site_name\" content=\"Herramientas Industriales - Equipos de Seguridad - Solumeca.com\" \/>\n<meta property=\"article:modified_time\" content=\"2026-03-17T20:13:42+00:00\" \/>\n<meta name=\"twitter:card\" content=\"summary_large_image\" \/>\n<script type=\"application\/ld+json\" class=\"yoast-schema-graph\">{\"@context\":\"https:\/\/schema.org\",\"@graph\":[{\"@type\":\"WebPage\",\"@id\":\"https:\/\/solumeca.com\/?product=prensa-hidraulica-20-toneladas-con-calibrador-urrea-ref-24702\",\"url\":\"https:\/\/solumeca.com\/?product=prensa-hidraulica-20-toneladas-con-calibrador-urrea-ref-24702\",\"name\":\"PRENSA HIDRAULICA 20 TONELADAS CON CALIBRADOR, URREA. - Ref.24702 - Herramientas Industriales - Equipos de Seguridad - Solumeca.com\",\"isPartOf\":{\"@id\":\"https:\/\/solumeca.com\/#website\"},\"primaryImageOfPage\":{\"@id\":\"https:\/\/solumeca.com\/?product=prensa-hidraulica-20-toneladas-con-calibrador-urrea-ref-24702#primaryimage\"},\"image\":{\"@id\":\"https:\/\/solumeca.com\/?product=prensa-hidraulica-20-toneladas-con-calibrador-urrea-ref-24702#primaryimage\"},\"thumbnailUrl\":\"https:\/\/solumeca.com\/wp-content\/uploads\/2026\/03\/24702.webp\",\"datePublished\":\"2026-03-17T17:51:20+00:00\",\"dateModified\":\"2026-03-17T20:13:42+00:00\",\"breadcrumb\":{\"@id\":\"https:\/\/solumeca.com\/?product=prensa-hidraulica-20-toneladas-con-calibrador-urrea-ref-24702#breadcrumb\"},\"inLanguage\":\"es\",\"potentialAction\":[{\"@type\":\"ReadAction\",\"target\":[\"https:\/\/solumeca.com\/?product=prensa-hidraulica-20-toneladas-con-calibrador-urrea-ref-24702\"]}]},{\"@type\":\"ImageObject\",\"inLanguage\":\"es\",\"@id\":\"https:\/\/solumeca.com\/?product=prensa-hidraulica-20-toneladas-con-calibrador-urrea-ref-24702#primaryimage\",\"url\":\"https:\/\/solumeca.com\/wp-content\/uploads\/2026\/03\/24702.webp\",\"contentUrl\":\"https:\/\/solumeca.com\/wp-content\/uploads\/2026\/03\/24702.webp\",\"width\":1000,\"height\":1000},{\"@type\":\"BreadcrumbList\",\"@id\":\"https:\/\/solumeca.com\/?product=prensa-hidraulica-20-toneladas-con-calibrador-urrea-ref-24702#breadcrumb\",\"itemListElement\":[{\"@type\":\"ListItem\",\"position\":1,\"name\":\"Portada\",\"item\":\"https:\/\/solumeca.com\/\"},{\"@type\":\"ListItem\",\"position\":2,\"name\":\"Shop\",\"item\":\"https:\/\/solumeca.com\/?page_id=10\"},{\"@type\":\"ListItem\",\"position\":3,\"name\":\"PRENSA HIDRAULICA 20 TONELADAS CON CALIBRADOR, URREA. &#8211; Ref.24702\"}]},{\"@type\":\"WebSite\",\"@id\":\"https:\/\/solumeca.com\/#website\",\"url\":\"https:\/\/solumeca.com\/\",\"name\":\"SOS Integral - Equipos de Seguridad - Herramientas Industriales\",\"description\":\"Equipos de Seguridad, Santo Domingo, Republica Dominicana, Herramientas Industriales,Tel.: (809) 274-3888 \/ Info@solumeca.com\",\"publisher\":{\"@id\":\"https:\/\/solumeca.com\/#organization\"},\"potentialAction\":[{\"@type\":\"SearchAction\",\"target\":{\"@type\":\"EntryPoint\",\"urlTemplate\":\"https:\/\/solumeca.com\/?s={search_term_string}\"},\"query-input\":\"required name=search_term_string\"}],\"inLanguage\":\"es\"},{\"@type\":\"Organization\",\"@id\":\"https:\/\/solumeca.com\/#organization\",\"name\":\"SOS Integral - Equipos de Seguridad - Herramientas Industriales\",\"url\":\"https:\/\/solumeca.com\/\",\"logo\":{\"@type\":\"ImageObject\",\"inLanguage\":\"es\",\"@id\":\"https:\/\/solumeca.com\/#\/schema\/logo\/image\/\",\"url\":\"https:\/\/solumeca.com\/wp-content\/uploads\/2024\/04\/equipos-de-seguridad-sos-2.png\",\"contentUrl\":\"https:\/\/solumeca.com\/wp-content\/uploads\/2024\/04\/equipos-de-seguridad-sos-2.png\",\"width\":600,\"height\":259,\"caption\":\"SOS Integral - Equipos de Seguridad - Herramientas Industriales\"},\"image\":{\"@id\":\"https:\/\/solumeca.com\/#\/schema\/logo\/image\/\"},\"sameAs\":[\"https:\/\/www.instagram.com\/sosintegralrd\/\"]}]}<\/script>\n<!-- \/ Yoast SEO Premium plugin. -->","yoast_head_json":{"title":"PRENSA HIDRAULICA 20 TONELADAS CON CALIBRADOR, URREA. - Ref.24702 - Herramientas Industriales - Equipos de Seguridad - Solumeca.com","robots":{"index":"index","follow":"follow","max-snippet":"max-snippet:-1","max-image-preview":"max-image-preview:large","max-video-preview":"max-video-preview:-1"},"canonical":"https:\/\/solumeca.com\/?product=prensa-hidraulica-20-toneladas-con-calibrador-urrea-ref-24702","og_locale":"es_ES","og_type":"article","og_title":"PRENSA HIDRAULICA 20 TONELADAS CON CALIBRADOR, URREA. - Ref.24702","og_description":"Principalmente su funci\u00f3n es la compresi\u00f3n vertical de piezas que var\u00edan en su tama\u00f1o  \u00a0Normalmente son piezas dif\u00edciles de trabajar, por lo mismo que es necesario realizar un ajuste m\u00e1s fuerte  \u00a0Resiste golpes y vibraciones  \u00a0Cuenta con propiedades resistentes a la corrosi\u00f3n  \u00a0Cabrestante para una manipulaci\u00f3n f\u00e1cil y r\u00e1pida de la mesa de trabajo","og_url":"https:\/\/solumeca.com\/?product=prensa-hidraulica-20-toneladas-con-calibrador-urrea-ref-24702","og_site_name":"Herramientas Industriales - Equipos de Seguridad - Solumeca.com","article_modified_time":"2026-03-17T20:13:42+00:00","twitter_card":"summary_large_image","schema":{"@context":"https:\/\/schema.org","@graph":[{"@type":"WebPage","@id":"https:\/\/solumeca.com\/?product=prensa-hidraulica-20-toneladas-con-calibrador-urrea-ref-24702","url":"https:\/\/solumeca.com\/?product=prensa-hidraulica-20-toneladas-con-calibrador-urrea-ref-24702","name":"PRENSA HIDRAULICA 20 TONELADAS CON CALIBRADOR, URREA. - Ref.24702 - Herramientas Industriales - Equipos de Seguridad - Solumeca.com","isPartOf":{"@id":"https:\/\/solumeca.com\/#website"},"primaryImageOfPage":{"@id":"https:\/\/solumeca.com\/?product=prensa-hidraulica-20-toneladas-con-calibrador-urrea-ref-24702#primaryimage"},"image":{"@id":"https:\/\/solumeca.com\/?product=prensa-hidraulica-20-toneladas-con-calibrador-urrea-ref-24702#primaryimage"},"thumbnailUrl":"https:\/\/solumeca.com\/wp-content\/uploads\/2026\/03\/24702.webp","datePublished":"2026-03-17T17:51:20+00:00","dateModified":"2026-03-17T20:13:42+00:00","breadcrumb":{"@id":"https:\/\/solumeca.com\/?product=prensa-hidraulica-20-toneladas-con-calibrador-urrea-ref-24702#breadcrumb"},"inLanguage":"es","potentialAction":[{"@type":"ReadAction","target":["https:\/\/solumeca.com\/?product=prensa-hidraulica-20-toneladas-con-calibrador-urrea-ref-24702"]}]},{"@type":"ImageObject","inLanguage":"es","@id":"https:\/\/solumeca.com\/?product=prensa-hidraulica-20-toneladas-con-calibrador-urrea-ref-24702#primaryimage","url":"https:\/\/solumeca.com\/wp-content\/uploads\/2026\/03\/24702.webp","contentUrl":"https:\/\/solumeca.com\/wp-content\/uploads\/2026\/03\/24702.webp","width":1000,"height":1000},{"@type":"BreadcrumbList","@id":"https:\/\/solumeca.com\/?product=prensa-hidraulica-20-toneladas-con-calibrador-urrea-ref-24702#breadcrumb","itemListElement":[{"@type":"ListItem","position":1,"name":"Portada","item":"https:\/\/solumeca.com\/"},{"@type":"ListItem","position":2,"name":"Shop","item":"https:\/\/solumeca.com\/?page_id=10"},{"@type":"ListItem","position":3,"name":"PRENSA HIDRAULICA 20 TONELADAS CON CALIBRADOR, URREA. &#8211; Ref.24702"}]},{"@type":"WebSite","@id":"https:\/\/solumeca.com\/#website","url":"https:\/\/solumeca.com\/","name":"SOS Integral - Equipos de Seguridad - Herramientas Industriales","description":"Equipos de Seguridad, Santo Domingo, Republica Dominicana, Herramientas Industriales,Tel.: (809) 274-3888 \/ Info@solumeca.com","publisher":{"@id":"https:\/\/solumeca.com\/#organization"},"potentialAction":[{"@type":"SearchAction","target":{"@type":"EntryPoint","urlTemplate":"https:\/\/solumeca.com\/?s={search_term_string}"},"query-input":"required name=search_term_string"}],"inLanguage":"es"},{"@type":"Organization","@id":"https:\/\/solumeca.com\/#organization","name":"SOS Integral - Equipos de Seguridad - Herramientas Industriales","url":"https:\/\/solumeca.com\/","logo":{"@type":"ImageObject","inLanguage":"es","@id":"https:\/\/solumeca.com\/#\/schema\/logo\/image\/","url":"https:\/\/solumeca.com\/wp-content\/uploads\/2024\/04\/equipos-de-seguridad-sos-2.png","contentUrl":"https:\/\/solumeca.com\/wp-content\/uploads\/2024\/04\/equipos-de-seguridad-sos-2.png","width":600,"height":259,"caption":"SOS Integral - Equipos de Seguridad - Herramientas Industriales"},"image":{"@id":"https:\/\/solumeca.com\/#\/schema\/logo\/image\/"},"sameAs":["https:\/\/www.instagram.com\/sosintegralrd\/"]}]}},"_links":{"self":[{"href":"https:\/\/solumeca.com\/index.php?rest_route=\/wp\/v2\/product\/28171","targetHints":{"allow":["GET"]}}],"collection":[{"href":"https:\/\/solumeca.com\/index.php?rest_route=\/wp\/v2\/product"}],"about":[{"href":"https:\/\/solumeca.com\/index.php?rest_route=\/wp\/v2\/types\/product"}],"replies":[{"embeddable":true,"href":"https:\/\/solumeca.com\/index.php?rest_route=%2Fwp%2Fv2%2Fcomments&post=28171"}],"version-history":[{"count":1,"href":"https:\/\/solumeca.com\/index.php?rest_route=\/wp\/v2\/product\/28171\/revisions"}],"predecessor-version":[{"id":36670,"href":"https:\/\/solumeca.com\/index.php?rest_route=\/wp\/v2\/product\/28171\/revisions\/36670"}],"wp:featuredmedia":[{"embeddable":true,"href":"https:\/\/solumeca.com\/index.php?rest_route=\/wp\/v2\/media\/36669"}],"wp:attachment":[{"href":"https:\/\/solumeca.com\/index.php?rest_route=%2Fwp%2Fv2%2Fmedia&parent=28171"}],"wp:term":[{"taxonomy":"product_brand","embeddable":true,"href":"https:\/\/solumeca.com\/index.php?rest_route=%2Fwp%2Fv2%2Fproduct_brand&post=28171"},{"taxonomy":"product_cat","embeddable":true,"href":"https:\/\/solumeca.com\/index.php?rest_route=%2Fwp%2Fv2%2Fproduct_cat&post=28171"},{"taxonomy":"product_tag","embeddable":true,"href":"https:\/\/solumeca.com\/index.php?rest_route=%2Fwp%2Fv2%2Fproduct_tag&post=28171"}],"curies":[{"name":"wp","href":"https:\/\/api.w.org\/{rel}","templated":true}]}}