{"id":28112,"date":"2026-03-17T18:51:02","date_gmt":"2026-03-17T17:51:02","guid":{"rendered":"https:\/\/solumeca.com\/?post_type=product&#038;p=28112"},"modified":"2026-03-17T21:12:17","modified_gmt":"2026-03-17T20:12:17","slug":"llave-combinada-cromada-de-4-modelo12128-urrea-ref-12128","status":"publish","type":"product","link":"https:\/\/solumeca.com\/?product=llave-combinada-cromada-de-4-modelo12128-urrea-ref-12128","title":{"rendered":"LLAVE COMBINADA CROMADA DE 4&#8243; MODELO:12128 URREA &#8211; Ref.12128"},"content":{"rendered":"","protected":false},"excerpt":{"rendered":"<ul>\n<li>El \u00e1ngulo de la boca permite tener dos posiciones de accionamiento, reduciendo el \u00e1ngulo de recuperaci\u00f3n a 15\u00b0<\/li>\n<li>\u00a0Bocas maquinadas a precisi\u00f3n para un perfecto acoplamiento con la tuerca o tornillo<\/li>\n<li>\u00a0Bocas delgadas para un mejor acceso a \u00e1reas estrechas<\/li>\n<li>\u00a0Sus 12 puntas permiten tener un \u00e1ngulo de recuperaci\u00f3n de 30\u00b0 para agilizar el trabajo<\/li>\n<li>\u00a0Mango redondo que permite un mejor agarre ya que por sus grandes dimensiones la geometr\u00eda circular se acopla mejor a la forma de la mano, al no contar con esquinas el agarre es mucho m\u00e1s c\u00f3modo<\/li>\n<\/ul>\n","protected":false},"featured_media":36551,"comment_status":"closed","ping_status":"closed","template":"","meta":[],"product_brand":[],"product_cat":[371],"product_tag":[],"class_list":{"0":"post-28112","1":"product","2":"type-product","3":"status-publish","4":"has-post-thumbnail","6":"product_cat-urrea","8":"first","9":"instock","10":"taxable","11":"shipping-taxable","12":"purchasable","13":"product-type-simple"},"yoast_head":"<!-- This site is optimized with the Yoast SEO Premium plugin v22.5 (Yoast SEO v22.6) - https:\/\/yoast.com\/wordpress\/plugins\/seo\/ -->\n<title>LLAVE COMBINADA CROMADA DE 4&quot; MODELO:12128 URREA - Ref.12128 - Herramientas Industriales - Equipos de Seguridad - Solumeca.com<\/title>\n<meta name=\"robots\" content=\"index, follow, max-snippet:-1, max-image-preview:large, max-video-preview:-1\" \/>\n<link rel=\"canonical\" href=\"https:\/\/solumeca.com\/?product=llave-combinada-cromada-de-4-modelo12128-urrea-ref-12128\" \/>\n<meta property=\"og:locale\" content=\"es_ES\" \/>\n<meta property=\"og:type\" content=\"article\" \/>\n<meta property=\"og:title\" content=\"LLAVE COMBINADA CROMADA DE 4&quot; MODELO:12128 URREA - Ref.12128\" \/>\n<meta property=\"og:description\" content=\"El \u00e1ngulo de la boca permite tener dos posiciones de accionamiento, reduciendo el \u00e1ngulo de recuperaci\u00f3n a 15\u00b0  \u00a0Bocas maquinadas a precisi\u00f3n para un perfecto acoplamiento con la tuerca o tornillo  \u00a0Bocas delgadas para un mejor acceso a \u00e1reas estrechas  \u00a0Sus 12 puntas permiten tener un \u00e1ngulo de recuperaci\u00f3n de 30\u00b0 para agilizar el trabajo  \u00a0Mango redondo que permite un mejor agarre ya que por sus grandes dimensiones la geometr\u00eda circular se acopla mejor a la forma de la mano, al no contar con esquinas el agarre es mucho m\u00e1s c\u00f3modo\" \/>\n<meta property=\"og:url\" content=\"https:\/\/solumeca.com\/?product=llave-combinada-cromada-de-4-modelo12128-urrea-ref-12128\" \/>\n<meta property=\"og:site_name\" content=\"Herramientas Industriales - Equipos de Seguridad - Solumeca.com\" \/>\n<meta property=\"article:modified_time\" content=\"2026-03-17T20:12:17+00:00\" \/>\n<meta name=\"twitter:card\" content=\"summary_large_image\" \/>\n<script type=\"application\/ld+json\" class=\"yoast-schema-graph\">{\"@context\":\"https:\/\/schema.org\",\"@graph\":[{\"@type\":\"WebPage\",\"@id\":\"https:\/\/solumeca.com\/?product=llave-combinada-cromada-de-4-modelo12128-urrea-ref-12128\",\"url\":\"https:\/\/solumeca.com\/?product=llave-combinada-cromada-de-4-modelo12128-urrea-ref-12128\",\"name\":\"LLAVE COMBINADA CROMADA DE 4\\\" MODELO:12128 URREA - Ref.12128 - Herramientas Industriales - Equipos de Seguridad - Solumeca.com\",\"isPartOf\":{\"@id\":\"https:\/\/solumeca.com\/#website\"},\"primaryImageOfPage\":{\"@id\":\"https:\/\/solumeca.com\/?product=llave-combinada-cromada-de-4-modelo12128-urrea-ref-12128#primaryimage\"},\"image\":{\"@id\":\"https:\/\/solumeca.com\/?product=llave-combinada-cromada-de-4-modelo12128-urrea-ref-12128#primaryimage\"},\"thumbnailUrl\":\"https:\/\/solumeca.com\/wp-content\/uploads\/2026\/03\/12128.webp\",\"datePublished\":\"2026-03-17T17:51:02+00:00\",\"dateModified\":\"2026-03-17T20:12:17+00:00\",\"breadcrumb\":{\"@id\":\"https:\/\/solumeca.com\/?product=llave-combinada-cromada-de-4-modelo12128-urrea-ref-12128#breadcrumb\"},\"inLanguage\":\"es\",\"potentialAction\":[{\"@type\":\"ReadAction\",\"target\":[\"https:\/\/solumeca.com\/?product=llave-combinada-cromada-de-4-modelo12128-urrea-ref-12128\"]}]},{\"@type\":\"ImageObject\",\"inLanguage\":\"es\",\"@id\":\"https:\/\/solumeca.com\/?product=llave-combinada-cromada-de-4-modelo12128-urrea-ref-12128#primaryimage\",\"url\":\"https:\/\/solumeca.com\/wp-content\/uploads\/2026\/03\/12128.webp\",\"contentUrl\":\"https:\/\/solumeca.com\/wp-content\/uploads\/2026\/03\/12128.webp\",\"width\":1000,\"height\":1000},{\"@type\":\"BreadcrumbList\",\"@id\":\"https:\/\/solumeca.com\/?product=llave-combinada-cromada-de-4-modelo12128-urrea-ref-12128#breadcrumb\",\"itemListElement\":[{\"@type\":\"ListItem\",\"position\":1,\"name\":\"Portada\",\"item\":\"https:\/\/solumeca.com\/\"},{\"@type\":\"ListItem\",\"position\":2,\"name\":\"Shop\",\"item\":\"https:\/\/solumeca.com\/?page_id=10\"},{\"@type\":\"ListItem\",\"position\":3,\"name\":\"LLAVE COMBINADA CROMADA DE 4&#8243; MODELO:12128 URREA &#8211; Ref.12128\"}]},{\"@type\":\"WebSite\",\"@id\":\"https:\/\/solumeca.com\/#website\",\"url\":\"https:\/\/solumeca.com\/\",\"name\":\"SOS Integral - Equipos de Seguridad - Herramientas Industriales\",\"description\":\"Equipos de Seguridad, Santo Domingo, Republica Dominicana, Herramientas Industriales,Tel.: (809) 274-3888 \/ Info@solumeca.com\",\"publisher\":{\"@id\":\"https:\/\/solumeca.com\/#organization\"},\"potentialAction\":[{\"@type\":\"SearchAction\",\"target\":{\"@type\":\"EntryPoint\",\"urlTemplate\":\"https:\/\/solumeca.com\/?s={search_term_string}\"},\"query-input\":\"required name=search_term_string\"}],\"inLanguage\":\"es\"},{\"@type\":\"Organization\",\"@id\":\"https:\/\/solumeca.com\/#organization\",\"name\":\"SOS Integral - Equipos de Seguridad - Herramientas Industriales\",\"url\":\"https:\/\/solumeca.com\/\",\"logo\":{\"@type\":\"ImageObject\",\"inLanguage\":\"es\",\"@id\":\"https:\/\/solumeca.com\/#\/schema\/logo\/image\/\",\"url\":\"https:\/\/solumeca.com\/wp-content\/uploads\/2024\/04\/equipos-de-seguridad-sos-2.png\",\"contentUrl\":\"https:\/\/solumeca.com\/wp-content\/uploads\/2024\/04\/equipos-de-seguridad-sos-2.png\",\"width\":600,\"height\":259,\"caption\":\"SOS Integral - Equipos de Seguridad - Herramientas Industriales\"},\"image\":{\"@id\":\"https:\/\/solumeca.com\/#\/schema\/logo\/image\/\"},\"sameAs\":[\"https:\/\/www.instagram.com\/sosintegralrd\/\"]}]}<\/script>\n<!-- \/ Yoast SEO Premium plugin. -->","yoast_head_json":{"title":"LLAVE COMBINADA CROMADA DE 4\" MODELO:12128 URREA - Ref.12128 - Herramientas Industriales - Equipos de Seguridad - Solumeca.com","robots":{"index":"index","follow":"follow","max-snippet":"max-snippet:-1","max-image-preview":"max-image-preview:large","max-video-preview":"max-video-preview:-1"},"canonical":"https:\/\/solumeca.com\/?product=llave-combinada-cromada-de-4-modelo12128-urrea-ref-12128","og_locale":"es_ES","og_type":"article","og_title":"LLAVE COMBINADA CROMADA DE 4\" MODELO:12128 URREA - Ref.12128","og_description":"El \u00e1ngulo de la boca permite tener dos posiciones de accionamiento, reduciendo el \u00e1ngulo de recuperaci\u00f3n a 15\u00b0  \u00a0Bocas maquinadas a precisi\u00f3n para un perfecto acoplamiento con la tuerca o tornillo  \u00a0Bocas delgadas para un mejor acceso a \u00e1reas estrechas  \u00a0Sus 12 puntas permiten tener un \u00e1ngulo de recuperaci\u00f3n de 30\u00b0 para agilizar el trabajo  \u00a0Mango redondo que permite un mejor agarre ya que por sus grandes dimensiones la geometr\u00eda circular se acopla mejor a la forma de la mano, al no contar con esquinas el agarre es mucho m\u00e1s c\u00f3modo","og_url":"https:\/\/solumeca.com\/?product=llave-combinada-cromada-de-4-modelo12128-urrea-ref-12128","og_site_name":"Herramientas Industriales - Equipos de Seguridad - Solumeca.com","article_modified_time":"2026-03-17T20:12:17+00:00","twitter_card":"summary_large_image","schema":{"@context":"https:\/\/schema.org","@graph":[{"@type":"WebPage","@id":"https:\/\/solumeca.com\/?product=llave-combinada-cromada-de-4-modelo12128-urrea-ref-12128","url":"https:\/\/solumeca.com\/?product=llave-combinada-cromada-de-4-modelo12128-urrea-ref-12128","name":"LLAVE COMBINADA CROMADA DE 4\" MODELO:12128 URREA - Ref.12128 - Herramientas Industriales - Equipos de Seguridad - Solumeca.com","isPartOf":{"@id":"https:\/\/solumeca.com\/#website"},"primaryImageOfPage":{"@id":"https:\/\/solumeca.com\/?product=llave-combinada-cromada-de-4-modelo12128-urrea-ref-12128#primaryimage"},"image":{"@id":"https:\/\/solumeca.com\/?product=llave-combinada-cromada-de-4-modelo12128-urrea-ref-12128#primaryimage"},"thumbnailUrl":"https:\/\/solumeca.com\/wp-content\/uploads\/2026\/03\/12128.webp","datePublished":"2026-03-17T17:51:02+00:00","dateModified":"2026-03-17T20:12:17+00:00","breadcrumb":{"@id":"https:\/\/solumeca.com\/?product=llave-combinada-cromada-de-4-modelo12128-urrea-ref-12128#breadcrumb"},"inLanguage":"es","potentialAction":[{"@type":"ReadAction","target":["https:\/\/solumeca.com\/?product=llave-combinada-cromada-de-4-modelo12128-urrea-ref-12128"]}]},{"@type":"ImageObject","inLanguage":"es","@id":"https:\/\/solumeca.com\/?product=llave-combinada-cromada-de-4-modelo12128-urrea-ref-12128#primaryimage","url":"https:\/\/solumeca.com\/wp-content\/uploads\/2026\/03\/12128.webp","contentUrl":"https:\/\/solumeca.com\/wp-content\/uploads\/2026\/03\/12128.webp","width":1000,"height":1000},{"@type":"BreadcrumbList","@id":"https:\/\/solumeca.com\/?product=llave-combinada-cromada-de-4-modelo12128-urrea-ref-12128#breadcrumb","itemListElement":[{"@type":"ListItem","position":1,"name":"Portada","item":"https:\/\/solumeca.com\/"},{"@type":"ListItem","position":2,"name":"Shop","item":"https:\/\/solumeca.com\/?page_id=10"},{"@type":"ListItem","position":3,"name":"LLAVE COMBINADA CROMADA DE 4&#8243; MODELO:12128 URREA &#8211; Ref.12128"}]},{"@type":"WebSite","@id":"https:\/\/solumeca.com\/#website","url":"https:\/\/solumeca.com\/","name":"SOS Integral - Equipos de Seguridad - Herramientas Industriales","description":"Equipos de Seguridad, Santo Domingo, Republica Dominicana, Herramientas Industriales,Tel.: (809) 274-3888 \/ Info@solumeca.com","publisher":{"@id":"https:\/\/solumeca.com\/#organization"},"potentialAction":[{"@type":"SearchAction","target":{"@type":"EntryPoint","urlTemplate":"https:\/\/solumeca.com\/?s={search_term_string}"},"query-input":"required name=search_term_string"}],"inLanguage":"es"},{"@type":"Organization","@id":"https:\/\/solumeca.com\/#organization","name":"SOS Integral - Equipos de Seguridad - Herramientas Industriales","url":"https:\/\/solumeca.com\/","logo":{"@type":"ImageObject","inLanguage":"es","@id":"https:\/\/solumeca.com\/#\/schema\/logo\/image\/","url":"https:\/\/solumeca.com\/wp-content\/uploads\/2024\/04\/equipos-de-seguridad-sos-2.png","contentUrl":"https:\/\/solumeca.com\/wp-content\/uploads\/2024\/04\/equipos-de-seguridad-sos-2.png","width":600,"height":259,"caption":"SOS Integral - Equipos de Seguridad - Herramientas Industriales"},"image":{"@id":"https:\/\/solumeca.com\/#\/schema\/logo\/image\/"},"sameAs":["https:\/\/www.instagram.com\/sosintegralrd\/"]}]}},"_links":{"self":[{"href":"https:\/\/solumeca.com\/index.php?rest_route=\/wp\/v2\/product\/28112","targetHints":{"allow":["GET"]}}],"collection":[{"href":"https:\/\/solumeca.com\/index.php?rest_route=\/wp\/v2\/product"}],"about":[{"href":"https:\/\/solumeca.com\/index.php?rest_route=\/wp\/v2\/types\/product"}],"replies":[{"embeddable":true,"href":"https:\/\/solumeca.com\/index.php?rest_route=%2Fwp%2Fv2%2Fcomments&post=28112"}],"version-history":[{"count":1,"href":"https:\/\/solumeca.com\/index.php?rest_route=\/wp\/v2\/product\/28112\/revisions"}],"predecessor-version":[{"id":36552,"href":"https:\/\/solumeca.com\/index.php?rest_route=\/wp\/v2\/product\/28112\/revisions\/36552"}],"wp:featuredmedia":[{"embeddable":true,"href":"https:\/\/solumeca.com\/index.php?rest_route=\/wp\/v2\/media\/36551"}],"wp:attachment":[{"href":"https:\/\/solumeca.com\/index.php?rest_route=%2Fwp%2Fv2%2Fmedia&parent=28112"}],"wp:term":[{"taxonomy":"product_brand","embeddable":true,"href":"https:\/\/solumeca.com\/index.php?rest_route=%2Fwp%2Fv2%2Fproduct_brand&post=28112"},{"taxonomy":"product_cat","embeddable":true,"href":"https:\/\/solumeca.com\/index.php?rest_route=%2Fwp%2Fv2%2Fproduct_cat&post=28112"},{"taxonomy":"product_tag","embeddable":true,"href":"https:\/\/solumeca.com\/index.php?rest_route=%2Fwp%2Fv2%2Fproduct_tag&post=28112"}],"curies":[{"name":"wp","href":"https:\/\/api.w.org\/{rel}","templated":true}]}}