{"id":27473,"date":"2026-03-17T18:46:55","date_gmt":"2026-03-17T17:46:55","guid":{"rendered":"https:\/\/solumeca.com\/?post_type=product&#038;p=27473"},"modified":"2026-03-17T21:06:40","modified_gmt":"2026-03-17T20:06:40","slug":"nivel-de-aluminio-18-modelo42-073-stanley-ref-42-073","status":"publish","type":"product","link":"https:\/\/solumeca.com\/?product=nivel-de-aluminio-18-modelo42-073-stanley-ref-42-073","title":{"rendered":"NIVEL DE ALUMINIO 18&#8243; MODELO:42-073 STANLEY &#8211; Ref.42-073"},"content":{"rendered":"<ul>\n<li class=\"a-spacing-mini\"><span class=\"a-list-item\"> Un nivel de aluminio de grado profesional y ligero ideal para uso en construcci\u00f3n <\/span><\/li>\n<li class=\"a-spacing-mini\"><span class=\"a-list-item\"> Frasco central de lectura superior dise\u00f1ado para una f\u00e1cil legibilidad <\/span><\/li>\n<li class=\"a-spacing-mini\"><span class=\"a-list-item\"> Las tapas de los extremos que absorben los golpes soportan un uso intensivo <\/span><\/li>\n<li class=\"a-spacing-mini\"><span class=\"a-list-item\"> El agujero para colgar simplifica el almacenamiento <\/span><\/li>\n<\/ul>\n","protected":false},"excerpt":{"rendered":"<p>Un nivel de aluminio de grado profesional y ligero ideal para uso en construcci\u00f3n Frasco central de lectura superior dise\u00f1ado para una f\u00e1cil legibilidad Las tapas de los extremos que absorben los golpes soportan un uso intensivo El agujero para colgar simplifica el almacenamiento<\/p>\n","protected":false},"featured_media":35894,"comment_status":"closed","ping_status":"closed","template":"","meta":[],"product_brand":[],"product_cat":[370],"product_tag":[],"class_list":{"0":"post-27473","1":"product","2":"type-product","3":"status-publish","4":"has-post-thumbnail","6":"product_cat-stanley","8":"first","9":"instock","10":"taxable","11":"shipping-taxable","12":"purchasable","13":"product-type-simple"},"yoast_head":"<!-- This site is optimized with the Yoast SEO Premium plugin v22.5 (Yoast SEO v22.6) - https:\/\/yoast.com\/wordpress\/plugins\/seo\/ -->\n<title>NIVEL DE ALUMINIO 18&quot; MODELO:42-073 STANLEY - Ref.42-073 - Herramientas Industriales - Equipos de Seguridad - Solumeca.com<\/title>\n<meta name=\"robots\" content=\"index, follow, max-snippet:-1, max-image-preview:large, max-video-preview:-1\" \/>\n<link rel=\"canonical\" href=\"https:\/\/solumeca.com\/?product=nivel-de-aluminio-18-modelo42-073-stanley-ref-42-073\" \/>\n<meta property=\"og:locale\" content=\"es_ES\" \/>\n<meta property=\"og:type\" content=\"article\" \/>\n<meta property=\"og:title\" content=\"NIVEL DE ALUMINIO 18&quot; MODELO:42-073 STANLEY - Ref.42-073\" \/>\n<meta property=\"og:description\" content=\"Un nivel de aluminio de grado profesional y ligero ideal para uso en construcci\u00f3n Frasco central de lectura superior dise\u00f1ado para una f\u00e1cil legibilidad Las tapas de los extremos que absorben los golpes soportan un uso intensivo El agujero para colgar simplifica el almacenamiento\" \/>\n<meta property=\"og:url\" content=\"https:\/\/solumeca.com\/?product=nivel-de-aluminio-18-modelo42-073-stanley-ref-42-073\" \/>\n<meta property=\"og:site_name\" content=\"Herramientas Industriales - Equipos de Seguridad - Solumeca.com\" \/>\n<meta property=\"article:modified_time\" content=\"2026-03-17T20:06:40+00:00\" \/>\n<meta name=\"twitter:card\" content=\"summary_large_image\" \/>\n<script type=\"application\/ld+json\" class=\"yoast-schema-graph\">{\"@context\":\"https:\/\/schema.org\",\"@graph\":[{\"@type\":\"WebPage\",\"@id\":\"https:\/\/solumeca.com\/?product=nivel-de-aluminio-18-modelo42-073-stanley-ref-42-073\",\"url\":\"https:\/\/solumeca.com\/?product=nivel-de-aluminio-18-modelo42-073-stanley-ref-42-073\",\"name\":\"NIVEL DE ALUMINIO 18\\\" MODELO:42-073 STANLEY - Ref.42-073 - Herramientas Industriales - Equipos de Seguridad - Solumeca.com\",\"isPartOf\":{\"@id\":\"https:\/\/solumeca.com\/#website\"},\"primaryImageOfPage\":{\"@id\":\"https:\/\/solumeca.com\/?product=nivel-de-aluminio-18-modelo42-073-stanley-ref-42-073#primaryimage\"},\"image\":{\"@id\":\"https:\/\/solumeca.com\/?product=nivel-de-aluminio-18-modelo42-073-stanley-ref-42-073#primaryimage\"},\"thumbnailUrl\":\"https:\/\/solumeca.com\/wp-content\/uploads\/2026\/03\/Sin-titulo-1jjijiji.png\",\"datePublished\":\"2026-03-17T17:46:55+00:00\",\"dateModified\":\"2026-03-17T20:06:40+00:00\",\"breadcrumb\":{\"@id\":\"https:\/\/solumeca.com\/?product=nivel-de-aluminio-18-modelo42-073-stanley-ref-42-073#breadcrumb\"},\"inLanguage\":\"es\",\"potentialAction\":[{\"@type\":\"ReadAction\",\"target\":[\"https:\/\/solumeca.com\/?product=nivel-de-aluminio-18-modelo42-073-stanley-ref-42-073\"]}]},{\"@type\":\"ImageObject\",\"inLanguage\":\"es\",\"@id\":\"https:\/\/solumeca.com\/?product=nivel-de-aluminio-18-modelo42-073-stanley-ref-42-073#primaryimage\",\"url\":\"https:\/\/solumeca.com\/wp-content\/uploads\/2026\/03\/Sin-titulo-1jjijiji.png\",\"contentUrl\":\"https:\/\/solumeca.com\/wp-content\/uploads\/2026\/03\/Sin-titulo-1jjijiji.png\",\"width\":1500,\"height\":1500},{\"@type\":\"BreadcrumbList\",\"@id\":\"https:\/\/solumeca.com\/?product=nivel-de-aluminio-18-modelo42-073-stanley-ref-42-073#breadcrumb\",\"itemListElement\":[{\"@type\":\"ListItem\",\"position\":1,\"name\":\"Portada\",\"item\":\"https:\/\/solumeca.com\/\"},{\"@type\":\"ListItem\",\"position\":2,\"name\":\"Shop\",\"item\":\"https:\/\/solumeca.com\/?page_id=10\"},{\"@type\":\"ListItem\",\"position\":3,\"name\":\"NIVEL DE ALUMINIO 18&#8243; MODELO:42-073 STANLEY &#8211; Ref.42-073\"}]},{\"@type\":\"WebSite\",\"@id\":\"https:\/\/solumeca.com\/#website\",\"url\":\"https:\/\/solumeca.com\/\",\"name\":\"SOS Integral - Equipos de Seguridad - Herramientas Industriales\",\"description\":\"Equipos de Seguridad, Santo Domingo, Republica Dominicana, Herramientas Industriales,Tel.: (809) 274-3888 \/ Info@solumeca.com\",\"publisher\":{\"@id\":\"https:\/\/solumeca.com\/#organization\"},\"potentialAction\":[{\"@type\":\"SearchAction\",\"target\":{\"@type\":\"EntryPoint\",\"urlTemplate\":\"https:\/\/solumeca.com\/?s={search_term_string}\"},\"query-input\":\"required name=search_term_string\"}],\"inLanguage\":\"es\"},{\"@type\":\"Organization\",\"@id\":\"https:\/\/solumeca.com\/#organization\",\"name\":\"SOS Integral - Equipos de Seguridad - Herramientas Industriales\",\"url\":\"https:\/\/solumeca.com\/\",\"logo\":{\"@type\":\"ImageObject\",\"inLanguage\":\"es\",\"@id\":\"https:\/\/solumeca.com\/#\/schema\/logo\/image\/\",\"url\":\"https:\/\/solumeca.com\/wp-content\/uploads\/2024\/04\/equipos-de-seguridad-sos-2.png\",\"contentUrl\":\"https:\/\/solumeca.com\/wp-content\/uploads\/2024\/04\/equipos-de-seguridad-sos-2.png\",\"width\":600,\"height\":259,\"caption\":\"SOS Integral - Equipos de Seguridad - Herramientas Industriales\"},\"image\":{\"@id\":\"https:\/\/solumeca.com\/#\/schema\/logo\/image\/\"},\"sameAs\":[\"https:\/\/www.instagram.com\/sosintegralrd\/\"]}]}<\/script>\n<!-- \/ Yoast SEO Premium plugin. -->","yoast_head_json":{"title":"NIVEL DE ALUMINIO 18\" MODELO:42-073 STANLEY - Ref.42-073 - Herramientas Industriales - Equipos de Seguridad - Solumeca.com","robots":{"index":"index","follow":"follow","max-snippet":"max-snippet:-1","max-image-preview":"max-image-preview:large","max-video-preview":"max-video-preview:-1"},"canonical":"https:\/\/solumeca.com\/?product=nivel-de-aluminio-18-modelo42-073-stanley-ref-42-073","og_locale":"es_ES","og_type":"article","og_title":"NIVEL DE ALUMINIO 18\" MODELO:42-073 STANLEY - Ref.42-073","og_description":"Un nivel de aluminio de grado profesional y ligero ideal para uso en construcci\u00f3n Frasco central de lectura superior dise\u00f1ado para una f\u00e1cil legibilidad Las tapas de los extremos que absorben los golpes soportan un uso intensivo El agujero para colgar simplifica el almacenamiento","og_url":"https:\/\/solumeca.com\/?product=nivel-de-aluminio-18-modelo42-073-stanley-ref-42-073","og_site_name":"Herramientas Industriales - Equipos de Seguridad - Solumeca.com","article_modified_time":"2026-03-17T20:06:40+00:00","twitter_card":"summary_large_image","schema":{"@context":"https:\/\/schema.org","@graph":[{"@type":"WebPage","@id":"https:\/\/solumeca.com\/?product=nivel-de-aluminio-18-modelo42-073-stanley-ref-42-073","url":"https:\/\/solumeca.com\/?product=nivel-de-aluminio-18-modelo42-073-stanley-ref-42-073","name":"NIVEL DE ALUMINIO 18\" MODELO:42-073 STANLEY - Ref.42-073 - Herramientas Industriales - Equipos de Seguridad - Solumeca.com","isPartOf":{"@id":"https:\/\/solumeca.com\/#website"},"primaryImageOfPage":{"@id":"https:\/\/solumeca.com\/?product=nivel-de-aluminio-18-modelo42-073-stanley-ref-42-073#primaryimage"},"image":{"@id":"https:\/\/solumeca.com\/?product=nivel-de-aluminio-18-modelo42-073-stanley-ref-42-073#primaryimage"},"thumbnailUrl":"https:\/\/solumeca.com\/wp-content\/uploads\/2026\/03\/Sin-titulo-1jjijiji.png","datePublished":"2026-03-17T17:46:55+00:00","dateModified":"2026-03-17T20:06:40+00:00","breadcrumb":{"@id":"https:\/\/solumeca.com\/?product=nivel-de-aluminio-18-modelo42-073-stanley-ref-42-073#breadcrumb"},"inLanguage":"es","potentialAction":[{"@type":"ReadAction","target":["https:\/\/solumeca.com\/?product=nivel-de-aluminio-18-modelo42-073-stanley-ref-42-073"]}]},{"@type":"ImageObject","inLanguage":"es","@id":"https:\/\/solumeca.com\/?product=nivel-de-aluminio-18-modelo42-073-stanley-ref-42-073#primaryimage","url":"https:\/\/solumeca.com\/wp-content\/uploads\/2026\/03\/Sin-titulo-1jjijiji.png","contentUrl":"https:\/\/solumeca.com\/wp-content\/uploads\/2026\/03\/Sin-titulo-1jjijiji.png","width":1500,"height":1500},{"@type":"BreadcrumbList","@id":"https:\/\/solumeca.com\/?product=nivel-de-aluminio-18-modelo42-073-stanley-ref-42-073#breadcrumb","itemListElement":[{"@type":"ListItem","position":1,"name":"Portada","item":"https:\/\/solumeca.com\/"},{"@type":"ListItem","position":2,"name":"Shop","item":"https:\/\/solumeca.com\/?page_id=10"},{"@type":"ListItem","position":3,"name":"NIVEL DE ALUMINIO 18&#8243; MODELO:42-073 STANLEY &#8211; Ref.42-073"}]},{"@type":"WebSite","@id":"https:\/\/solumeca.com\/#website","url":"https:\/\/solumeca.com\/","name":"SOS Integral - Equipos de Seguridad - Herramientas Industriales","description":"Equipos de Seguridad, Santo Domingo, Republica Dominicana, Herramientas Industriales,Tel.: (809) 274-3888 \/ Info@solumeca.com","publisher":{"@id":"https:\/\/solumeca.com\/#organization"},"potentialAction":[{"@type":"SearchAction","target":{"@type":"EntryPoint","urlTemplate":"https:\/\/solumeca.com\/?s={search_term_string}"},"query-input":"required name=search_term_string"}],"inLanguage":"es"},{"@type":"Organization","@id":"https:\/\/solumeca.com\/#organization","name":"SOS Integral - Equipos de Seguridad - Herramientas Industriales","url":"https:\/\/solumeca.com\/","logo":{"@type":"ImageObject","inLanguage":"es","@id":"https:\/\/solumeca.com\/#\/schema\/logo\/image\/","url":"https:\/\/solumeca.com\/wp-content\/uploads\/2024\/04\/equipos-de-seguridad-sos-2.png","contentUrl":"https:\/\/solumeca.com\/wp-content\/uploads\/2024\/04\/equipos-de-seguridad-sos-2.png","width":600,"height":259,"caption":"SOS Integral - Equipos de Seguridad - Herramientas Industriales"},"image":{"@id":"https:\/\/solumeca.com\/#\/schema\/logo\/image\/"},"sameAs":["https:\/\/www.instagram.com\/sosintegralrd\/"]}]}},"_links":{"self":[{"href":"https:\/\/solumeca.com\/index.php?rest_route=\/wp\/v2\/product\/27473","targetHints":{"allow":["GET"]}}],"collection":[{"href":"https:\/\/solumeca.com\/index.php?rest_route=\/wp\/v2\/product"}],"about":[{"href":"https:\/\/solumeca.com\/index.php?rest_route=\/wp\/v2\/types\/product"}],"replies":[{"embeddable":true,"href":"https:\/\/solumeca.com\/index.php?rest_route=%2Fwp%2Fv2%2Fcomments&post=27473"}],"version-history":[{"count":1,"href":"https:\/\/solumeca.com\/index.php?rest_route=\/wp\/v2\/product\/27473\/revisions"}],"predecessor-version":[{"id":35895,"href":"https:\/\/solumeca.com\/index.php?rest_route=\/wp\/v2\/product\/27473\/revisions\/35895"}],"wp:featuredmedia":[{"embeddable":true,"href":"https:\/\/solumeca.com\/index.php?rest_route=\/wp\/v2\/media\/35894"}],"wp:attachment":[{"href":"https:\/\/solumeca.com\/index.php?rest_route=%2Fwp%2Fv2%2Fmedia&parent=27473"}],"wp:term":[{"taxonomy":"product_brand","embeddable":true,"href":"https:\/\/solumeca.com\/index.php?rest_route=%2Fwp%2Fv2%2Fproduct_brand&post=27473"},{"taxonomy":"product_cat","embeddable":true,"href":"https:\/\/solumeca.com\/index.php?rest_route=%2Fwp%2Fv2%2Fproduct_cat&post=27473"},{"taxonomy":"product_tag","embeddable":true,"href":"https:\/\/solumeca.com\/index.php?rest_route=%2Fwp%2Fv2%2Fproduct_tag&post=27473"}],"curies":[{"name":"wp","href":"https:\/\/api.w.org\/{rel}","templated":true}]}}