{"id":27458,"date":"2026-03-17T18:46:48","date_gmt":"2026-03-17T17:46:48","guid":{"rendered":"https:\/\/solumeca.com\/?post_type=product&#038;p=27458"},"modified":"2026-03-17T21:06:26","modified_gmt":"2026-03-17T20:06:26","slug":"lima-triangular-de-6-extra-extra-delgada-de-corte-simple-ref22-313-stanley-ref-22-313","status":"publish","type":"product","link":"https:\/\/solumeca.com\/?product=lima-triangular-de-6-extra-extra-delgada-de-corte-simple-ref22-313-stanley-ref-22-313","title":{"rendered":"LIMA TRIANGULAR DE 6&#8243; EXTRA-EXTRA DELGADA DE CORTE SIMPLE REF:22-313 STANLEY &#8211; Ref.22-313"},"content":{"rendered":"<div class=\"coh-container coh-style-product-features-benefits\">\n<div class=\"outer-features-item\">\n<ul class=\"feature-ul\">\n<li class=\"feature-list-li\">Archivo en forma de tri\u00e1ngulo c\u00f3nico gradualmente en anchura y espesor para \u00e1ngulos de corte de menos de 90 grados<\/li>\n<li class=\"feature-list-li\">Patr\u00f3n de molino de corte para la extracci\u00f3n de luz de material<\/li>\n<li class=\"feature-list-li\">Espaciado de dientes de Bastardo para afilado de herramientas de uso general y suavizaci\u00f3n de materiales Incluye 6 archivos<\/li>\n<\/ul>\n<\/div>\n<\/div>\n","protected":false},"excerpt":{"rendered":"<p>Archivo en forma de tri\u00e1ngulo c\u00f3nico gradualmente en anchura y espesor para \u00e1ngulos de corte de menos de 90 grados Patr\u00f3n de molino de corte para la extracci\u00f3n de luz de material Espaciado de dientes de Bastardo para afilado de herramientas de uso general y suavizaci\u00f3n de materiales Incluye 6 archivos<\/p>\n","protected":false},"featured_media":35861,"comment_status":"closed","ping_status":"closed","template":"","meta":[],"product_brand":[],"product_cat":[370],"product_tag":[],"class_list":{"0":"post-27458","1":"product","2":"type-product","3":"status-publish","4":"has-post-thumbnail","6":"product_cat-stanley","8":"first","9":"instock","10":"taxable","11":"shipping-taxable","12":"purchasable","13":"product-type-simple"},"yoast_head":"<!-- This site is optimized with the Yoast SEO Premium plugin v22.5 (Yoast SEO v22.6) - https:\/\/yoast.com\/wordpress\/plugins\/seo\/ -->\n<title>LIMA TRIANGULAR DE 6&quot; EXTRA-EXTRA DELGADA DE CORTE SIMPLE REF:22-313 STANLEY - Ref.22-313 - Herramientas Industriales - Equipos de Seguridad - Solumeca.com<\/title>\n<meta name=\"robots\" content=\"index, follow, max-snippet:-1, max-image-preview:large, max-video-preview:-1\" \/>\n<link rel=\"canonical\" href=\"https:\/\/solumeca.com\/?product=lima-triangular-de-6-extra-extra-delgada-de-corte-simple-ref22-313-stanley-ref-22-313\" \/>\n<meta property=\"og:locale\" content=\"es_ES\" \/>\n<meta property=\"og:type\" content=\"article\" \/>\n<meta property=\"og:title\" content=\"LIMA TRIANGULAR DE 6&quot; EXTRA-EXTRA DELGADA DE CORTE SIMPLE REF:22-313 STANLEY - Ref.22-313\" \/>\n<meta property=\"og:description\" content=\"Archivo en forma de tri\u00e1ngulo c\u00f3nico gradualmente en anchura y espesor para \u00e1ngulos de corte de menos de 90 grados Patr\u00f3n de molino de corte para la extracci\u00f3n de luz de material Espaciado de dientes de Bastardo para afilado de herramientas de uso general y suavizaci\u00f3n de materiales Incluye 6 archivos\" \/>\n<meta property=\"og:url\" content=\"https:\/\/solumeca.com\/?product=lima-triangular-de-6-extra-extra-delgada-de-corte-simple-ref22-313-stanley-ref-22-313\" \/>\n<meta property=\"og:site_name\" content=\"Herramientas Industriales - Equipos de Seguridad - Solumeca.com\" \/>\n<meta property=\"article:modified_time\" content=\"2026-03-17T20:06:26+00:00\" \/>\n<meta name=\"twitter:card\" content=\"summary_large_image\" \/>\n<script type=\"application\/ld+json\" class=\"yoast-schema-graph\">{\"@context\":\"https:\/\/schema.org\",\"@graph\":[{\"@type\":\"WebPage\",\"@id\":\"https:\/\/solumeca.com\/?product=lima-triangular-de-6-extra-extra-delgada-de-corte-simple-ref22-313-stanley-ref-22-313\",\"url\":\"https:\/\/solumeca.com\/?product=lima-triangular-de-6-extra-extra-delgada-de-corte-simple-ref22-313-stanley-ref-22-313\",\"name\":\"LIMA TRIANGULAR DE 6\\\" EXTRA-EXTRA DELGADA DE CORTE SIMPLE REF:22-313 STANLEY - Ref.22-313 - Herramientas Industriales - Equipos de Seguridad - Solumeca.com\",\"isPartOf\":{\"@id\":\"https:\/\/solumeca.com\/#website\"},\"primaryImageOfPage\":{\"@id\":\"https:\/\/solumeca.com\/?product=lima-triangular-de-6-extra-extra-delgada-de-corte-simple-ref22-313-stanley-ref-22-313#primaryimage\"},\"image\":{\"@id\":\"https:\/\/solumeca.com\/?product=lima-triangular-de-6-extra-extra-delgada-de-corte-simple-ref22-313-stanley-ref-22-313#primaryimage\"},\"thumbnailUrl\":\"https:\/\/solumeca.com\/wp-content\/uploads\/2026\/03\/22-313_1.jpg\",\"datePublished\":\"2026-03-17T17:46:48+00:00\",\"dateModified\":\"2026-03-17T20:06:26+00:00\",\"breadcrumb\":{\"@id\":\"https:\/\/solumeca.com\/?product=lima-triangular-de-6-extra-extra-delgada-de-corte-simple-ref22-313-stanley-ref-22-313#breadcrumb\"},\"inLanguage\":\"es\",\"potentialAction\":[{\"@type\":\"ReadAction\",\"target\":[\"https:\/\/solumeca.com\/?product=lima-triangular-de-6-extra-extra-delgada-de-corte-simple-ref22-313-stanley-ref-22-313\"]}]},{\"@type\":\"ImageObject\",\"inLanguage\":\"es\",\"@id\":\"https:\/\/solumeca.com\/?product=lima-triangular-de-6-extra-extra-delgada-de-corte-simple-ref22-313-stanley-ref-22-313#primaryimage\",\"url\":\"https:\/\/solumeca.com\/wp-content\/uploads\/2026\/03\/22-313_1.jpg\",\"contentUrl\":\"https:\/\/solumeca.com\/wp-content\/uploads\/2026\/03\/22-313_1.jpg\",\"width\":530,\"height\":530},{\"@type\":\"BreadcrumbList\",\"@id\":\"https:\/\/solumeca.com\/?product=lima-triangular-de-6-extra-extra-delgada-de-corte-simple-ref22-313-stanley-ref-22-313#breadcrumb\",\"itemListElement\":[{\"@type\":\"ListItem\",\"position\":1,\"name\":\"Portada\",\"item\":\"https:\/\/solumeca.com\/\"},{\"@type\":\"ListItem\",\"position\":2,\"name\":\"Shop\",\"item\":\"https:\/\/solumeca.com\/?page_id=10\"},{\"@type\":\"ListItem\",\"position\":3,\"name\":\"LIMA TRIANGULAR DE 6&#8243; EXTRA-EXTRA DELGADA DE CORTE SIMPLE REF:22-313 STANLEY &#8211; Ref.22-313\"}]},{\"@type\":\"WebSite\",\"@id\":\"https:\/\/solumeca.com\/#website\",\"url\":\"https:\/\/solumeca.com\/\",\"name\":\"SOS Integral - Equipos de Seguridad - Herramientas Industriales\",\"description\":\"Equipos de Seguridad, Santo Domingo, Republica Dominicana, Herramientas Industriales,Tel.: (809) 274-3888 \/ Info@solumeca.com\",\"publisher\":{\"@id\":\"https:\/\/solumeca.com\/#organization\"},\"potentialAction\":[{\"@type\":\"SearchAction\",\"target\":{\"@type\":\"EntryPoint\",\"urlTemplate\":\"https:\/\/solumeca.com\/?s={search_term_string}\"},\"query-input\":\"required name=search_term_string\"}],\"inLanguage\":\"es\"},{\"@type\":\"Organization\",\"@id\":\"https:\/\/solumeca.com\/#organization\",\"name\":\"SOS Integral - Equipos de Seguridad - Herramientas Industriales\",\"url\":\"https:\/\/solumeca.com\/\",\"logo\":{\"@type\":\"ImageObject\",\"inLanguage\":\"es\",\"@id\":\"https:\/\/solumeca.com\/#\/schema\/logo\/image\/\",\"url\":\"https:\/\/solumeca.com\/wp-content\/uploads\/2024\/04\/equipos-de-seguridad-sos-2.png\",\"contentUrl\":\"https:\/\/solumeca.com\/wp-content\/uploads\/2024\/04\/equipos-de-seguridad-sos-2.png\",\"width\":600,\"height\":259,\"caption\":\"SOS Integral - Equipos de Seguridad - Herramientas Industriales\"},\"image\":{\"@id\":\"https:\/\/solumeca.com\/#\/schema\/logo\/image\/\"},\"sameAs\":[\"https:\/\/www.instagram.com\/sosintegralrd\/\"]}]}<\/script>\n<!-- \/ Yoast SEO Premium plugin. -->","yoast_head_json":{"title":"LIMA TRIANGULAR DE 6\" EXTRA-EXTRA DELGADA DE CORTE SIMPLE REF:22-313 STANLEY - Ref.22-313 - Herramientas Industriales - Equipos de Seguridad - Solumeca.com","robots":{"index":"index","follow":"follow","max-snippet":"max-snippet:-1","max-image-preview":"max-image-preview:large","max-video-preview":"max-video-preview:-1"},"canonical":"https:\/\/solumeca.com\/?product=lima-triangular-de-6-extra-extra-delgada-de-corte-simple-ref22-313-stanley-ref-22-313","og_locale":"es_ES","og_type":"article","og_title":"LIMA TRIANGULAR DE 6\" EXTRA-EXTRA DELGADA DE CORTE SIMPLE REF:22-313 STANLEY - Ref.22-313","og_description":"Archivo en forma de tri\u00e1ngulo c\u00f3nico gradualmente en anchura y espesor para \u00e1ngulos de corte de menos de 90 grados Patr\u00f3n de molino de corte para la extracci\u00f3n de luz de material Espaciado de dientes de Bastardo para afilado de herramientas de uso general y suavizaci\u00f3n de materiales Incluye 6 archivos","og_url":"https:\/\/solumeca.com\/?product=lima-triangular-de-6-extra-extra-delgada-de-corte-simple-ref22-313-stanley-ref-22-313","og_site_name":"Herramientas Industriales - Equipos de Seguridad - Solumeca.com","article_modified_time":"2026-03-17T20:06:26+00:00","twitter_card":"summary_large_image","schema":{"@context":"https:\/\/schema.org","@graph":[{"@type":"WebPage","@id":"https:\/\/solumeca.com\/?product=lima-triangular-de-6-extra-extra-delgada-de-corte-simple-ref22-313-stanley-ref-22-313","url":"https:\/\/solumeca.com\/?product=lima-triangular-de-6-extra-extra-delgada-de-corte-simple-ref22-313-stanley-ref-22-313","name":"LIMA TRIANGULAR DE 6\" EXTRA-EXTRA DELGADA DE CORTE SIMPLE REF:22-313 STANLEY - Ref.22-313 - Herramientas Industriales - Equipos de Seguridad - Solumeca.com","isPartOf":{"@id":"https:\/\/solumeca.com\/#website"},"primaryImageOfPage":{"@id":"https:\/\/solumeca.com\/?product=lima-triangular-de-6-extra-extra-delgada-de-corte-simple-ref22-313-stanley-ref-22-313#primaryimage"},"image":{"@id":"https:\/\/solumeca.com\/?product=lima-triangular-de-6-extra-extra-delgada-de-corte-simple-ref22-313-stanley-ref-22-313#primaryimage"},"thumbnailUrl":"https:\/\/solumeca.com\/wp-content\/uploads\/2026\/03\/22-313_1.jpg","datePublished":"2026-03-17T17:46:48+00:00","dateModified":"2026-03-17T20:06:26+00:00","breadcrumb":{"@id":"https:\/\/solumeca.com\/?product=lima-triangular-de-6-extra-extra-delgada-de-corte-simple-ref22-313-stanley-ref-22-313#breadcrumb"},"inLanguage":"es","potentialAction":[{"@type":"ReadAction","target":["https:\/\/solumeca.com\/?product=lima-triangular-de-6-extra-extra-delgada-de-corte-simple-ref22-313-stanley-ref-22-313"]}]},{"@type":"ImageObject","inLanguage":"es","@id":"https:\/\/solumeca.com\/?product=lima-triangular-de-6-extra-extra-delgada-de-corte-simple-ref22-313-stanley-ref-22-313#primaryimage","url":"https:\/\/solumeca.com\/wp-content\/uploads\/2026\/03\/22-313_1.jpg","contentUrl":"https:\/\/solumeca.com\/wp-content\/uploads\/2026\/03\/22-313_1.jpg","width":530,"height":530},{"@type":"BreadcrumbList","@id":"https:\/\/solumeca.com\/?product=lima-triangular-de-6-extra-extra-delgada-de-corte-simple-ref22-313-stanley-ref-22-313#breadcrumb","itemListElement":[{"@type":"ListItem","position":1,"name":"Portada","item":"https:\/\/solumeca.com\/"},{"@type":"ListItem","position":2,"name":"Shop","item":"https:\/\/solumeca.com\/?page_id=10"},{"@type":"ListItem","position":3,"name":"LIMA TRIANGULAR DE 6&#8243; EXTRA-EXTRA DELGADA DE CORTE SIMPLE REF:22-313 STANLEY &#8211; Ref.22-313"}]},{"@type":"WebSite","@id":"https:\/\/solumeca.com\/#website","url":"https:\/\/solumeca.com\/","name":"SOS Integral - Equipos de Seguridad - Herramientas Industriales","description":"Equipos de Seguridad, Santo Domingo, Republica Dominicana, Herramientas Industriales,Tel.: (809) 274-3888 \/ Info@solumeca.com","publisher":{"@id":"https:\/\/solumeca.com\/#organization"},"potentialAction":[{"@type":"SearchAction","target":{"@type":"EntryPoint","urlTemplate":"https:\/\/solumeca.com\/?s={search_term_string}"},"query-input":"required name=search_term_string"}],"inLanguage":"es"},{"@type":"Organization","@id":"https:\/\/solumeca.com\/#organization","name":"SOS Integral - Equipos de Seguridad - Herramientas Industriales","url":"https:\/\/solumeca.com\/","logo":{"@type":"ImageObject","inLanguage":"es","@id":"https:\/\/solumeca.com\/#\/schema\/logo\/image\/","url":"https:\/\/solumeca.com\/wp-content\/uploads\/2024\/04\/equipos-de-seguridad-sos-2.png","contentUrl":"https:\/\/solumeca.com\/wp-content\/uploads\/2024\/04\/equipos-de-seguridad-sos-2.png","width":600,"height":259,"caption":"SOS Integral - Equipos de Seguridad - Herramientas Industriales"},"image":{"@id":"https:\/\/solumeca.com\/#\/schema\/logo\/image\/"},"sameAs":["https:\/\/www.instagram.com\/sosintegralrd\/"]}]}},"_links":{"self":[{"href":"https:\/\/solumeca.com\/index.php?rest_route=\/wp\/v2\/product\/27458","targetHints":{"allow":["GET"]}}],"collection":[{"href":"https:\/\/solumeca.com\/index.php?rest_route=\/wp\/v2\/product"}],"about":[{"href":"https:\/\/solumeca.com\/index.php?rest_route=\/wp\/v2\/types\/product"}],"replies":[{"embeddable":true,"href":"https:\/\/solumeca.com\/index.php?rest_route=%2Fwp%2Fv2%2Fcomments&post=27458"}],"version-history":[{"count":1,"href":"https:\/\/solumeca.com\/index.php?rest_route=\/wp\/v2\/product\/27458\/revisions"}],"predecessor-version":[{"id":35862,"href":"https:\/\/solumeca.com\/index.php?rest_route=\/wp\/v2\/product\/27458\/revisions\/35862"}],"wp:featuredmedia":[{"embeddable":true,"href":"https:\/\/solumeca.com\/index.php?rest_route=\/wp\/v2\/media\/35861"}],"wp:attachment":[{"href":"https:\/\/solumeca.com\/index.php?rest_route=%2Fwp%2Fv2%2Fmedia&parent=27458"}],"wp:term":[{"taxonomy":"product_brand","embeddable":true,"href":"https:\/\/solumeca.com\/index.php?rest_route=%2Fwp%2Fv2%2Fproduct_brand&post=27458"},{"taxonomy":"product_cat","embeddable":true,"href":"https:\/\/solumeca.com\/index.php?rest_route=%2Fwp%2Fv2%2Fproduct_cat&post=27458"},{"taxonomy":"product_tag","embeddable":true,"href":"https:\/\/solumeca.com\/index.php?rest_route=%2Fwp%2Fv2%2Fproduct_tag&post=27458"}],"curies":[{"name":"wp","href":"https:\/\/api.w.org\/{rel}","templated":true}]}}