{"id":27457,"date":"2026-03-17T18:46:48","date_gmt":"2026-03-17T17:46:48","guid":{"rendered":"https:\/\/solumeca.com\/?post_type=product&#038;p=27457"},"modified":"2026-03-17T21:06:25","modified_gmt":"2026-03-17T20:06:25","slug":"lima-triangular-de-6-extra-delgada-de-corte-simple-sin-mango-ref22-312-stanley-ref-22-312","status":"publish","type":"product","link":"https:\/\/solumeca.com\/?product=lima-triangular-de-6-extra-delgada-de-corte-simple-sin-mango-ref22-312-stanley-ref-22-312","title":{"rendered":"LIMA TRIANGULAR DE 6&#8243;  EXTRA DELGADA DE CORTE SIMPLE SIN MANGO REF:22-312 STANLEY &#8211; Ref.22-312"},"content":{"rendered":"<ul class=\"feature-ul\">\n<li class=\"feature-list-li\">Excelente herramienta para usar como raspador en madera, pl\u00e1stico, metales blandos y muchos otros materiales<\/li>\n<li class=\"feature-list-li\">Fabricado con un cuerpo de aleaci\u00f3n fundido a presi\u00f3n de color gris met\u00e1lico.<\/li>\n<li class=\"feature-list-li\">Mango de pol\u00edmero de alto impacto soporta el uso pesado<\/li>\n<\/ul>\n","protected":false},"excerpt":{"rendered":"<p>Excelente herramienta para usar como raspador en madera, pl\u00e1stico, metales blandos y muchos otros materiales Fabricado con un cuerpo de aleaci\u00f3n fundido a presi\u00f3n de color gris met\u00e1lico. Mango de pol\u00edmero de alto impacto soporta el uso pesado<\/p>\n","protected":false},"featured_media":35859,"comment_status":"closed","ping_status":"closed","template":"","meta":[],"product_brand":[],"product_cat":[370],"product_tag":[],"class_list":{"0":"post-27457","1":"product","2":"type-product","3":"status-publish","4":"has-post-thumbnail","6":"product_cat-stanley","8":"first","9":"instock","10":"taxable","11":"shipping-taxable","12":"purchasable","13":"product-type-simple"},"yoast_head":"<!-- This site is optimized with the Yoast SEO Premium plugin v22.5 (Yoast SEO v22.6) - https:\/\/yoast.com\/wordpress\/plugins\/seo\/ -->\n<title>LIMA TRIANGULAR DE 6&quot; EXTRA DELGADA DE CORTE SIMPLE SIN MANGO REF:22-312 STANLEY - Ref.22-312 - Herramientas Industriales - Equipos de Seguridad - Solumeca.com<\/title>\n<meta name=\"robots\" content=\"index, follow, max-snippet:-1, max-image-preview:large, max-video-preview:-1\" \/>\n<link rel=\"canonical\" href=\"https:\/\/solumeca.com\/?product=lima-triangular-de-6-extra-delgada-de-corte-simple-sin-mango-ref22-312-stanley-ref-22-312\" \/>\n<meta property=\"og:locale\" content=\"es_ES\" \/>\n<meta property=\"og:type\" content=\"article\" \/>\n<meta property=\"og:title\" content=\"LIMA TRIANGULAR DE 6&quot; EXTRA DELGADA DE CORTE SIMPLE SIN MANGO REF:22-312 STANLEY - Ref.22-312\" \/>\n<meta property=\"og:description\" content=\"Excelente herramienta para usar como raspador en madera, pl\u00e1stico, metales blandos y muchos otros materiales Fabricado con un cuerpo de aleaci\u00f3n fundido a presi\u00f3n de color gris met\u00e1lico. Mango de pol\u00edmero de alto impacto soporta el uso pesado\" \/>\n<meta property=\"og:url\" content=\"https:\/\/solumeca.com\/?product=lima-triangular-de-6-extra-delgada-de-corte-simple-sin-mango-ref22-312-stanley-ref-22-312\" \/>\n<meta property=\"og:site_name\" content=\"Herramientas Industriales - Equipos de Seguridad - Solumeca.com\" \/>\n<meta property=\"article:modified_time\" content=\"2026-03-17T20:06:25+00:00\" \/>\n<meta name=\"twitter:card\" content=\"summary_large_image\" \/>\n<script type=\"application\/ld+json\" class=\"yoast-schema-graph\">{\"@context\":\"https:\/\/schema.org\",\"@graph\":[{\"@type\":\"WebPage\",\"@id\":\"https:\/\/solumeca.com\/?product=lima-triangular-de-6-extra-delgada-de-corte-simple-sin-mango-ref22-312-stanley-ref-22-312\",\"url\":\"https:\/\/solumeca.com\/?product=lima-triangular-de-6-extra-delgada-de-corte-simple-sin-mango-ref22-312-stanley-ref-22-312\",\"name\":\"LIMA TRIANGULAR DE 6\\\" EXTRA DELGADA DE CORTE SIMPLE SIN MANGO REF:22-312 STANLEY - Ref.22-312 - Herramientas Industriales - Equipos de Seguridad - Solumeca.com\",\"isPartOf\":{\"@id\":\"https:\/\/solumeca.com\/#website\"},\"primaryImageOfPage\":{\"@id\":\"https:\/\/solumeca.com\/?product=lima-triangular-de-6-extra-delgada-de-corte-simple-sin-mango-ref22-312-stanley-ref-22-312#primaryimage\"},\"image\":{\"@id\":\"https:\/\/solumeca.com\/?product=lima-triangular-de-6-extra-delgada-de-corte-simple-sin-mango-ref22-312-stanley-ref-22-312#primaryimage\"},\"thumbnailUrl\":\"https:\/\/solumeca.com\/wp-content\/uploads\/2026\/03\/22-312_1.jpg\",\"datePublished\":\"2026-03-17T17:46:48+00:00\",\"dateModified\":\"2026-03-17T20:06:25+00:00\",\"breadcrumb\":{\"@id\":\"https:\/\/solumeca.com\/?product=lima-triangular-de-6-extra-delgada-de-corte-simple-sin-mango-ref22-312-stanley-ref-22-312#breadcrumb\"},\"inLanguage\":\"es\",\"potentialAction\":[{\"@type\":\"ReadAction\",\"target\":[\"https:\/\/solumeca.com\/?product=lima-triangular-de-6-extra-delgada-de-corte-simple-sin-mango-ref22-312-stanley-ref-22-312\"]}]},{\"@type\":\"ImageObject\",\"inLanguage\":\"es\",\"@id\":\"https:\/\/solumeca.com\/?product=lima-triangular-de-6-extra-delgada-de-corte-simple-sin-mango-ref22-312-stanley-ref-22-312#primaryimage\",\"url\":\"https:\/\/solumeca.com\/wp-content\/uploads\/2026\/03\/22-312_1.jpg\",\"contentUrl\":\"https:\/\/solumeca.com\/wp-content\/uploads\/2026\/03\/22-312_1.jpg\",\"width\":530,\"height\":530},{\"@type\":\"BreadcrumbList\",\"@id\":\"https:\/\/solumeca.com\/?product=lima-triangular-de-6-extra-delgada-de-corte-simple-sin-mango-ref22-312-stanley-ref-22-312#breadcrumb\",\"itemListElement\":[{\"@type\":\"ListItem\",\"position\":1,\"name\":\"Portada\",\"item\":\"https:\/\/solumeca.com\/\"},{\"@type\":\"ListItem\",\"position\":2,\"name\":\"Shop\",\"item\":\"https:\/\/solumeca.com\/?page_id=10\"},{\"@type\":\"ListItem\",\"position\":3,\"name\":\"LIMA TRIANGULAR DE 6&#8243; EXTRA DELGADA DE CORTE SIMPLE SIN MANGO REF:22-312 STANLEY &#8211; Ref.22-312\"}]},{\"@type\":\"WebSite\",\"@id\":\"https:\/\/solumeca.com\/#website\",\"url\":\"https:\/\/solumeca.com\/\",\"name\":\"SOS Integral - Equipos de Seguridad - Herramientas Industriales\",\"description\":\"Equipos de Seguridad, Santo Domingo, Republica Dominicana, Herramientas Industriales,Tel.: (809) 274-3888 \/ Info@solumeca.com\",\"publisher\":{\"@id\":\"https:\/\/solumeca.com\/#organization\"},\"potentialAction\":[{\"@type\":\"SearchAction\",\"target\":{\"@type\":\"EntryPoint\",\"urlTemplate\":\"https:\/\/solumeca.com\/?s={search_term_string}\"},\"query-input\":\"required name=search_term_string\"}],\"inLanguage\":\"es\"},{\"@type\":\"Organization\",\"@id\":\"https:\/\/solumeca.com\/#organization\",\"name\":\"SOS Integral - Equipos de Seguridad - Herramientas Industriales\",\"url\":\"https:\/\/solumeca.com\/\",\"logo\":{\"@type\":\"ImageObject\",\"inLanguage\":\"es\",\"@id\":\"https:\/\/solumeca.com\/#\/schema\/logo\/image\/\",\"url\":\"https:\/\/solumeca.com\/wp-content\/uploads\/2024\/04\/equipos-de-seguridad-sos-2.png\",\"contentUrl\":\"https:\/\/solumeca.com\/wp-content\/uploads\/2024\/04\/equipos-de-seguridad-sos-2.png\",\"width\":600,\"height\":259,\"caption\":\"SOS Integral - Equipos de Seguridad - Herramientas Industriales\"},\"image\":{\"@id\":\"https:\/\/solumeca.com\/#\/schema\/logo\/image\/\"},\"sameAs\":[\"https:\/\/www.instagram.com\/sosintegralrd\/\"]}]}<\/script>\n<!-- \/ Yoast SEO Premium plugin. -->","yoast_head_json":{"title":"LIMA TRIANGULAR DE 6\" EXTRA DELGADA DE CORTE SIMPLE SIN MANGO REF:22-312 STANLEY - Ref.22-312 - Herramientas Industriales - Equipos de Seguridad - Solumeca.com","robots":{"index":"index","follow":"follow","max-snippet":"max-snippet:-1","max-image-preview":"max-image-preview:large","max-video-preview":"max-video-preview:-1"},"canonical":"https:\/\/solumeca.com\/?product=lima-triangular-de-6-extra-delgada-de-corte-simple-sin-mango-ref22-312-stanley-ref-22-312","og_locale":"es_ES","og_type":"article","og_title":"LIMA TRIANGULAR DE 6\" EXTRA DELGADA DE CORTE SIMPLE SIN MANGO REF:22-312 STANLEY - Ref.22-312","og_description":"Excelente herramienta para usar como raspador en madera, pl\u00e1stico, metales blandos y muchos otros materiales Fabricado con un cuerpo de aleaci\u00f3n fundido a presi\u00f3n de color gris met\u00e1lico. Mango de pol\u00edmero de alto impacto soporta el uso pesado","og_url":"https:\/\/solumeca.com\/?product=lima-triangular-de-6-extra-delgada-de-corte-simple-sin-mango-ref22-312-stanley-ref-22-312","og_site_name":"Herramientas Industriales - Equipos de Seguridad - Solumeca.com","article_modified_time":"2026-03-17T20:06:25+00:00","twitter_card":"summary_large_image","schema":{"@context":"https:\/\/schema.org","@graph":[{"@type":"WebPage","@id":"https:\/\/solumeca.com\/?product=lima-triangular-de-6-extra-delgada-de-corte-simple-sin-mango-ref22-312-stanley-ref-22-312","url":"https:\/\/solumeca.com\/?product=lima-triangular-de-6-extra-delgada-de-corte-simple-sin-mango-ref22-312-stanley-ref-22-312","name":"LIMA TRIANGULAR DE 6\" EXTRA DELGADA DE CORTE SIMPLE SIN MANGO REF:22-312 STANLEY - Ref.22-312 - Herramientas Industriales - Equipos de Seguridad - Solumeca.com","isPartOf":{"@id":"https:\/\/solumeca.com\/#website"},"primaryImageOfPage":{"@id":"https:\/\/solumeca.com\/?product=lima-triangular-de-6-extra-delgada-de-corte-simple-sin-mango-ref22-312-stanley-ref-22-312#primaryimage"},"image":{"@id":"https:\/\/solumeca.com\/?product=lima-triangular-de-6-extra-delgada-de-corte-simple-sin-mango-ref22-312-stanley-ref-22-312#primaryimage"},"thumbnailUrl":"https:\/\/solumeca.com\/wp-content\/uploads\/2026\/03\/22-312_1.jpg","datePublished":"2026-03-17T17:46:48+00:00","dateModified":"2026-03-17T20:06:25+00:00","breadcrumb":{"@id":"https:\/\/solumeca.com\/?product=lima-triangular-de-6-extra-delgada-de-corte-simple-sin-mango-ref22-312-stanley-ref-22-312#breadcrumb"},"inLanguage":"es","potentialAction":[{"@type":"ReadAction","target":["https:\/\/solumeca.com\/?product=lima-triangular-de-6-extra-delgada-de-corte-simple-sin-mango-ref22-312-stanley-ref-22-312"]}]},{"@type":"ImageObject","inLanguage":"es","@id":"https:\/\/solumeca.com\/?product=lima-triangular-de-6-extra-delgada-de-corte-simple-sin-mango-ref22-312-stanley-ref-22-312#primaryimage","url":"https:\/\/solumeca.com\/wp-content\/uploads\/2026\/03\/22-312_1.jpg","contentUrl":"https:\/\/solumeca.com\/wp-content\/uploads\/2026\/03\/22-312_1.jpg","width":530,"height":530},{"@type":"BreadcrumbList","@id":"https:\/\/solumeca.com\/?product=lima-triangular-de-6-extra-delgada-de-corte-simple-sin-mango-ref22-312-stanley-ref-22-312#breadcrumb","itemListElement":[{"@type":"ListItem","position":1,"name":"Portada","item":"https:\/\/solumeca.com\/"},{"@type":"ListItem","position":2,"name":"Shop","item":"https:\/\/solumeca.com\/?page_id=10"},{"@type":"ListItem","position":3,"name":"LIMA TRIANGULAR DE 6&#8243; EXTRA DELGADA DE CORTE SIMPLE SIN MANGO REF:22-312 STANLEY &#8211; Ref.22-312"}]},{"@type":"WebSite","@id":"https:\/\/solumeca.com\/#website","url":"https:\/\/solumeca.com\/","name":"SOS Integral - Equipos de Seguridad - Herramientas Industriales","description":"Equipos de Seguridad, Santo Domingo, Republica Dominicana, Herramientas Industriales,Tel.: (809) 274-3888 \/ Info@solumeca.com","publisher":{"@id":"https:\/\/solumeca.com\/#organization"},"potentialAction":[{"@type":"SearchAction","target":{"@type":"EntryPoint","urlTemplate":"https:\/\/solumeca.com\/?s={search_term_string}"},"query-input":"required name=search_term_string"}],"inLanguage":"es"},{"@type":"Organization","@id":"https:\/\/solumeca.com\/#organization","name":"SOS Integral - Equipos de Seguridad - Herramientas Industriales","url":"https:\/\/solumeca.com\/","logo":{"@type":"ImageObject","inLanguage":"es","@id":"https:\/\/solumeca.com\/#\/schema\/logo\/image\/","url":"https:\/\/solumeca.com\/wp-content\/uploads\/2024\/04\/equipos-de-seguridad-sos-2.png","contentUrl":"https:\/\/solumeca.com\/wp-content\/uploads\/2024\/04\/equipos-de-seguridad-sos-2.png","width":600,"height":259,"caption":"SOS Integral - Equipos de Seguridad - Herramientas Industriales"},"image":{"@id":"https:\/\/solumeca.com\/#\/schema\/logo\/image\/"},"sameAs":["https:\/\/www.instagram.com\/sosintegralrd\/"]}]}},"_links":{"self":[{"href":"https:\/\/solumeca.com\/index.php?rest_route=\/wp\/v2\/product\/27457","targetHints":{"allow":["GET"]}}],"collection":[{"href":"https:\/\/solumeca.com\/index.php?rest_route=\/wp\/v2\/product"}],"about":[{"href":"https:\/\/solumeca.com\/index.php?rest_route=\/wp\/v2\/types\/product"}],"replies":[{"embeddable":true,"href":"https:\/\/solumeca.com\/index.php?rest_route=%2Fwp%2Fv2%2Fcomments&post=27457"}],"version-history":[{"count":1,"href":"https:\/\/solumeca.com\/index.php?rest_route=\/wp\/v2\/product\/27457\/revisions"}],"predecessor-version":[{"id":35860,"href":"https:\/\/solumeca.com\/index.php?rest_route=\/wp\/v2\/product\/27457\/revisions\/35860"}],"wp:featuredmedia":[{"embeddable":true,"href":"https:\/\/solumeca.com\/index.php?rest_route=\/wp\/v2\/media\/35859"}],"wp:attachment":[{"href":"https:\/\/solumeca.com\/index.php?rest_route=%2Fwp%2Fv2%2Fmedia&parent=27457"}],"wp:term":[{"taxonomy":"product_brand","embeddable":true,"href":"https:\/\/solumeca.com\/index.php?rest_route=%2Fwp%2Fv2%2Fproduct_brand&post=27457"},{"taxonomy":"product_cat","embeddable":true,"href":"https:\/\/solumeca.com\/index.php?rest_route=%2Fwp%2Fv2%2Fproduct_cat&post=27457"},{"taxonomy":"product_tag","embeddable":true,"href":"https:\/\/solumeca.com\/index.php?rest_route=%2Fwp%2Fv2%2Fproduct_tag&post=27457"}],"curies":[{"name":"wp","href":"https:\/\/api.w.org\/{rel}","templated":true}]}}