{"id":27430,"date":"2026-03-17T18:46:38","date_gmt":"2026-03-17T17:46:38","guid":{"rendered":"https:\/\/solumeca.com\/?post_type=product&#038;p=27430"},"modified":"2026-03-17T21:05:58","modified_gmt":"2026-03-17T20:05:58","slug":"detector-de-fugas-de-refrigerante-extech-ref-rd300","status":"publish","type":"product","link":"https:\/\/solumeca.com\/?product=detector-de-fugas-de-refrigerante-extech-ref-rd300","title":{"rendered":"DETECTOR DE FUGAS DE REFRIGERANTE EXTECH Ref.RD300"},"content":{"rendered":"","protected":false},"excerpt":{"rendered":"<p>El detector de fugas de refrigerante Extech RD300 detecta fugas de unidades de aire acondicionado y sistemas de refrigeraci\u00f3n. Es f\u00e1cil de usar e ideal para detectar fugas de unidades de aire acondicionado y sistemas de refrigeraci\u00f3n que utilizan todos los refrigerantes est\u00e1ndar. La barra de luz LED multicolor indica el nivel de la fuga del refrigerante detectado por el RD300. La luz LED brillante incorporada ubicada en la punta del sensor ilumina las \u00e1reas de inspecci\u00f3n con poca luz. Incluye botella de prueba de fugas, bater\u00eda de 9 V y estuche de transporte r\u00edgido protector.<\/p>\n","protected":false},"featured_media":35799,"comment_status":"closed","ping_status":"closed","template":"","meta":[],"product_brand":[],"product_cat":[369],"product_tag":[],"class_list":{"0":"post-27430","1":"product","2":"type-product","3":"status-publish","4":"has-post-thumbnail","6":"product_cat-extech","8":"first","9":"instock","10":"taxable","11":"shipping-taxable","12":"purchasable","13":"product-type-simple"},"yoast_head":"<!-- This site is optimized with the Yoast SEO Premium plugin v22.5 (Yoast SEO v22.6) - https:\/\/yoast.com\/wordpress\/plugins\/seo\/ -->\n<title>DETECTOR DE FUGAS DE REFRIGERANTE EXTECH Ref.RD300 - Herramientas Industriales - Equipos de Seguridad - Solumeca.com<\/title>\n<meta name=\"robots\" content=\"index, follow, max-snippet:-1, max-image-preview:large, max-video-preview:-1\" \/>\n<link rel=\"canonical\" href=\"https:\/\/solumeca.com\/?product=detector-de-fugas-de-refrigerante-extech-ref-rd300\" \/>\n<meta property=\"og:locale\" content=\"es_ES\" \/>\n<meta property=\"og:type\" content=\"article\" \/>\n<meta property=\"og:title\" content=\"DETECTOR DE FUGAS DE REFRIGERANTE EXTECH Ref.RD300\" \/>\n<meta property=\"og:description\" content=\"El detector de fugas de refrigerante Extech RD300 detecta fugas de unidades de aire acondicionado y sistemas de refrigeraci\u00f3n. Es f\u00e1cil de usar e ideal para detectar fugas de unidades de aire acondicionado y sistemas de refrigeraci\u00f3n que utilizan todos los refrigerantes est\u00e1ndar. La barra de luz LED multicolor indica el nivel de la fuga del refrigerante detectado por el RD300. La luz LED brillante incorporada ubicada en la punta del sensor ilumina las \u00e1reas de inspecci\u00f3n con poca luz. Incluye botella de prueba de fugas, bater\u00eda de 9 V y estuche de transporte r\u00edgido protector.\" \/>\n<meta property=\"og:url\" content=\"https:\/\/solumeca.com\/?product=detector-de-fugas-de-refrigerante-extech-ref-rd300\" \/>\n<meta property=\"og:site_name\" content=\"Herramientas Industriales - Equipos de Seguridad - Solumeca.com\" \/>\n<meta property=\"article:modified_time\" content=\"2026-03-17T20:05:58+00:00\" \/>\n<meta name=\"twitter:card\" content=\"summary_large_image\" \/>\n<script type=\"application\/ld+json\" class=\"yoast-schema-graph\">{\"@context\":\"https:\/\/schema.org\",\"@graph\":[{\"@type\":\"WebPage\",\"@id\":\"https:\/\/solumeca.com\/?product=detector-de-fugas-de-refrigerante-extech-ref-rd300\",\"url\":\"https:\/\/solumeca.com\/?product=detector-de-fugas-de-refrigerante-extech-ref-rd300\",\"name\":\"DETECTOR DE FUGAS DE REFRIGERANTE EXTECH Ref.RD300 - Herramientas Industriales - Equipos de Seguridad - Solumeca.com\",\"isPartOf\":{\"@id\":\"https:\/\/solumeca.com\/#website\"},\"primaryImageOfPage\":{\"@id\":\"https:\/\/solumeca.com\/?product=detector-de-fugas-de-refrigerante-extech-ref-rd300#primaryimage\"},\"image\":{\"@id\":\"https:\/\/solumeca.com\/?product=detector-de-fugas-de-refrigerante-extech-ref-rd300#primaryimage\"},\"thumbnailUrl\":\"https:\/\/solumeca.com\/wp-content\/uploads\/2026\/03\/rd300_web-1.png\",\"datePublished\":\"2026-03-17T17:46:38+00:00\",\"dateModified\":\"2026-03-17T20:05:58+00:00\",\"breadcrumb\":{\"@id\":\"https:\/\/solumeca.com\/?product=detector-de-fugas-de-refrigerante-extech-ref-rd300#breadcrumb\"},\"inLanguage\":\"es\",\"potentialAction\":[{\"@type\":\"ReadAction\",\"target\":[\"https:\/\/solumeca.com\/?product=detector-de-fugas-de-refrigerante-extech-ref-rd300\"]}]},{\"@type\":\"ImageObject\",\"inLanguage\":\"es\",\"@id\":\"https:\/\/solumeca.com\/?product=detector-de-fugas-de-refrigerante-extech-ref-rd300#primaryimage\",\"url\":\"https:\/\/solumeca.com\/wp-content\/uploads\/2026\/03\/rd300_web-1.png\",\"contentUrl\":\"https:\/\/solumeca.com\/wp-content\/uploads\/2026\/03\/rd300_web-1.png\",\"width\":600,\"height\":625},{\"@type\":\"BreadcrumbList\",\"@id\":\"https:\/\/solumeca.com\/?product=detector-de-fugas-de-refrigerante-extech-ref-rd300#breadcrumb\",\"itemListElement\":[{\"@type\":\"ListItem\",\"position\":1,\"name\":\"Portada\",\"item\":\"https:\/\/solumeca.com\/\"},{\"@type\":\"ListItem\",\"position\":2,\"name\":\"Shop\",\"item\":\"https:\/\/solumeca.com\/?page_id=10\"},{\"@type\":\"ListItem\",\"position\":3,\"name\":\"DETECTOR DE FUGAS DE REFRIGERANTE EXTECH Ref.RD300\"}]},{\"@type\":\"WebSite\",\"@id\":\"https:\/\/solumeca.com\/#website\",\"url\":\"https:\/\/solumeca.com\/\",\"name\":\"SOS Integral - Equipos de Seguridad - Herramientas Industriales\",\"description\":\"Equipos de Seguridad, Santo Domingo, Republica Dominicana, Herramientas Industriales,Tel.: (809) 274-3888 \/ Info@solumeca.com\",\"publisher\":{\"@id\":\"https:\/\/solumeca.com\/#organization\"},\"potentialAction\":[{\"@type\":\"SearchAction\",\"target\":{\"@type\":\"EntryPoint\",\"urlTemplate\":\"https:\/\/solumeca.com\/?s={search_term_string}\"},\"query-input\":\"required name=search_term_string\"}],\"inLanguage\":\"es\"},{\"@type\":\"Organization\",\"@id\":\"https:\/\/solumeca.com\/#organization\",\"name\":\"SOS Integral - Equipos de Seguridad - Herramientas Industriales\",\"url\":\"https:\/\/solumeca.com\/\",\"logo\":{\"@type\":\"ImageObject\",\"inLanguage\":\"es\",\"@id\":\"https:\/\/solumeca.com\/#\/schema\/logo\/image\/\",\"url\":\"https:\/\/solumeca.com\/wp-content\/uploads\/2024\/04\/equipos-de-seguridad-sos-2.png\",\"contentUrl\":\"https:\/\/solumeca.com\/wp-content\/uploads\/2024\/04\/equipos-de-seguridad-sos-2.png\",\"width\":600,\"height\":259,\"caption\":\"SOS Integral - Equipos de Seguridad - Herramientas Industriales\"},\"image\":{\"@id\":\"https:\/\/solumeca.com\/#\/schema\/logo\/image\/\"},\"sameAs\":[\"https:\/\/www.instagram.com\/sosintegralrd\/\"]}]}<\/script>\n<!-- \/ Yoast SEO Premium plugin. -->","yoast_head_json":{"title":"DETECTOR DE FUGAS DE REFRIGERANTE EXTECH Ref.RD300 - Herramientas Industriales - Equipos de Seguridad - Solumeca.com","robots":{"index":"index","follow":"follow","max-snippet":"max-snippet:-1","max-image-preview":"max-image-preview:large","max-video-preview":"max-video-preview:-1"},"canonical":"https:\/\/solumeca.com\/?product=detector-de-fugas-de-refrigerante-extech-ref-rd300","og_locale":"es_ES","og_type":"article","og_title":"DETECTOR DE FUGAS DE REFRIGERANTE EXTECH Ref.RD300","og_description":"El detector de fugas de refrigerante Extech RD300 detecta fugas de unidades de aire acondicionado y sistemas de refrigeraci\u00f3n. Es f\u00e1cil de usar e ideal para detectar fugas de unidades de aire acondicionado y sistemas de refrigeraci\u00f3n que utilizan todos los refrigerantes est\u00e1ndar. La barra de luz LED multicolor indica el nivel de la fuga del refrigerante detectado por el RD300. La luz LED brillante incorporada ubicada en la punta del sensor ilumina las \u00e1reas de inspecci\u00f3n con poca luz. Incluye botella de prueba de fugas, bater\u00eda de 9 V y estuche de transporte r\u00edgido protector.","og_url":"https:\/\/solumeca.com\/?product=detector-de-fugas-de-refrigerante-extech-ref-rd300","og_site_name":"Herramientas Industriales - Equipos de Seguridad - Solumeca.com","article_modified_time":"2026-03-17T20:05:58+00:00","twitter_card":"summary_large_image","schema":{"@context":"https:\/\/schema.org","@graph":[{"@type":"WebPage","@id":"https:\/\/solumeca.com\/?product=detector-de-fugas-de-refrigerante-extech-ref-rd300","url":"https:\/\/solumeca.com\/?product=detector-de-fugas-de-refrigerante-extech-ref-rd300","name":"DETECTOR DE FUGAS DE REFRIGERANTE EXTECH Ref.RD300 - Herramientas Industriales - Equipos de Seguridad - Solumeca.com","isPartOf":{"@id":"https:\/\/solumeca.com\/#website"},"primaryImageOfPage":{"@id":"https:\/\/solumeca.com\/?product=detector-de-fugas-de-refrigerante-extech-ref-rd300#primaryimage"},"image":{"@id":"https:\/\/solumeca.com\/?product=detector-de-fugas-de-refrigerante-extech-ref-rd300#primaryimage"},"thumbnailUrl":"https:\/\/solumeca.com\/wp-content\/uploads\/2026\/03\/rd300_web-1.png","datePublished":"2026-03-17T17:46:38+00:00","dateModified":"2026-03-17T20:05:58+00:00","breadcrumb":{"@id":"https:\/\/solumeca.com\/?product=detector-de-fugas-de-refrigerante-extech-ref-rd300#breadcrumb"},"inLanguage":"es","potentialAction":[{"@type":"ReadAction","target":["https:\/\/solumeca.com\/?product=detector-de-fugas-de-refrigerante-extech-ref-rd300"]}]},{"@type":"ImageObject","inLanguage":"es","@id":"https:\/\/solumeca.com\/?product=detector-de-fugas-de-refrigerante-extech-ref-rd300#primaryimage","url":"https:\/\/solumeca.com\/wp-content\/uploads\/2026\/03\/rd300_web-1.png","contentUrl":"https:\/\/solumeca.com\/wp-content\/uploads\/2026\/03\/rd300_web-1.png","width":600,"height":625},{"@type":"BreadcrumbList","@id":"https:\/\/solumeca.com\/?product=detector-de-fugas-de-refrigerante-extech-ref-rd300#breadcrumb","itemListElement":[{"@type":"ListItem","position":1,"name":"Portada","item":"https:\/\/solumeca.com\/"},{"@type":"ListItem","position":2,"name":"Shop","item":"https:\/\/solumeca.com\/?page_id=10"},{"@type":"ListItem","position":3,"name":"DETECTOR DE FUGAS DE REFRIGERANTE EXTECH Ref.RD300"}]},{"@type":"WebSite","@id":"https:\/\/solumeca.com\/#website","url":"https:\/\/solumeca.com\/","name":"SOS Integral - Equipos de Seguridad - Herramientas Industriales","description":"Equipos de Seguridad, Santo Domingo, Republica Dominicana, Herramientas Industriales,Tel.: (809) 274-3888 \/ Info@solumeca.com","publisher":{"@id":"https:\/\/solumeca.com\/#organization"},"potentialAction":[{"@type":"SearchAction","target":{"@type":"EntryPoint","urlTemplate":"https:\/\/solumeca.com\/?s={search_term_string}"},"query-input":"required name=search_term_string"}],"inLanguage":"es"},{"@type":"Organization","@id":"https:\/\/solumeca.com\/#organization","name":"SOS Integral - Equipos de Seguridad - Herramientas Industriales","url":"https:\/\/solumeca.com\/","logo":{"@type":"ImageObject","inLanguage":"es","@id":"https:\/\/solumeca.com\/#\/schema\/logo\/image\/","url":"https:\/\/solumeca.com\/wp-content\/uploads\/2024\/04\/equipos-de-seguridad-sos-2.png","contentUrl":"https:\/\/solumeca.com\/wp-content\/uploads\/2024\/04\/equipos-de-seguridad-sos-2.png","width":600,"height":259,"caption":"SOS Integral - Equipos de Seguridad - Herramientas Industriales"},"image":{"@id":"https:\/\/solumeca.com\/#\/schema\/logo\/image\/"},"sameAs":["https:\/\/www.instagram.com\/sosintegralrd\/"]}]}},"_links":{"self":[{"href":"https:\/\/solumeca.com\/index.php?rest_route=\/wp\/v2\/product\/27430","targetHints":{"allow":["GET"]}}],"collection":[{"href":"https:\/\/solumeca.com\/index.php?rest_route=\/wp\/v2\/product"}],"about":[{"href":"https:\/\/solumeca.com\/index.php?rest_route=\/wp\/v2\/types\/product"}],"replies":[{"embeddable":true,"href":"https:\/\/solumeca.com\/index.php?rest_route=%2Fwp%2Fv2%2Fcomments&post=27430"}],"version-history":[{"count":1,"href":"https:\/\/solumeca.com\/index.php?rest_route=\/wp\/v2\/product\/27430\/revisions"}],"predecessor-version":[{"id":35800,"href":"https:\/\/solumeca.com\/index.php?rest_route=\/wp\/v2\/product\/27430\/revisions\/35800"}],"wp:featuredmedia":[{"embeddable":true,"href":"https:\/\/solumeca.com\/index.php?rest_route=\/wp\/v2\/media\/35799"}],"wp:attachment":[{"href":"https:\/\/solumeca.com\/index.php?rest_route=%2Fwp%2Fv2%2Fmedia&parent=27430"}],"wp:term":[{"taxonomy":"product_brand","embeddable":true,"href":"https:\/\/solumeca.com\/index.php?rest_route=%2Fwp%2Fv2%2Fproduct_brand&post=27430"},{"taxonomy":"product_cat","embeddable":true,"href":"https:\/\/solumeca.com\/index.php?rest_route=%2Fwp%2Fv2%2Fproduct_cat&post=27430"},{"taxonomy":"product_tag","embeddable":true,"href":"https:\/\/solumeca.com\/index.php?rest_route=%2Fwp%2Fv2%2Fproduct_tag&post=27430"}],"curies":[{"name":"wp","href":"https:\/\/api.w.org\/{rel}","templated":true}]}}