{"id":27388,"date":"2026-03-17T18:46:28","date_gmt":"2026-03-17T17:46:28","guid":{"rendered":"https:\/\/solumeca.com\/?post_type=product&#038;p=27388"},"modified":"2026-03-17T21:05:11","modified_gmt":"2026-03-17T20:05:11","slug":"probador-de-bateria-de-12v-digital-modeloyt-8311-yato-ref-yt-8311","status":"publish","type":"product","link":"https:\/\/solumeca.com\/?product=probador-de-bateria-de-12v-digital-modeloyt-8311-yato-ref-yt-8311","title":{"rendered":"PROBADOR DE BATERIA DE 12V DIGITAL MODELO:YT-8311 YATO Ref.YT-8311"},"content":{"rendered":"","protected":false},"excerpt":{"rendered":"<p>Un probador de bater\u00eda profesional le permite comprobar la carga de la bater\u00eda, as\u00ed como c\u00f3mo se agota la bater\u00eda. Tambi\u00e9n es posible comprobar el rendimiento de la bater\u00eda bajo carga. El probador no requiere una fuente de alimentaci\u00f3n, que es extremadamente m\u00f3vil. Equipado con LEDs y un indicador digital informando sobre el estado de la bater\u00eda. Dise\u00f1ado para probar bater\u00edas de \u00e1cido. &#8211; probador de bater\u00edas &#8211; manual del usuario<\/p>\n","protected":false},"featured_media":35709,"comment_status":"closed","ping_status":"closed","template":"","meta":[],"product_brand":[],"product_cat":[367],"product_tag":[],"class_list":{"0":"post-27388","1":"product","2":"type-product","3":"status-publish","4":"has-post-thumbnail","6":"product_cat-yato","8":"first","9":"instock","10":"taxable","11":"shipping-taxable","12":"purchasable","13":"product-type-simple"},"yoast_head":"<!-- This site is optimized with the Yoast SEO Premium plugin v22.5 (Yoast SEO v22.6) - https:\/\/yoast.com\/wordpress\/plugins\/seo\/ -->\n<title>PROBADOR DE BATERIA DE 12V DIGITAL MODELO:YT-8311 YATO Ref.YT-8311 - Herramientas Industriales - Equipos de Seguridad - Solumeca.com<\/title>\n<meta name=\"robots\" content=\"index, follow, max-snippet:-1, max-image-preview:large, max-video-preview:-1\" \/>\n<link rel=\"canonical\" href=\"https:\/\/solumeca.com\/?product=probador-de-bateria-de-12v-digital-modeloyt-8311-yato-ref-yt-8311\" \/>\n<meta property=\"og:locale\" content=\"es_ES\" \/>\n<meta property=\"og:type\" content=\"article\" \/>\n<meta property=\"og:title\" content=\"PROBADOR DE BATERIA DE 12V DIGITAL MODELO:YT-8311 YATO Ref.YT-8311\" \/>\n<meta property=\"og:description\" content=\"Un probador de bater\u00eda profesional le permite comprobar la carga de la bater\u00eda, as\u00ed como c\u00f3mo se agota la bater\u00eda. Tambi\u00e9n es posible comprobar el rendimiento de la bater\u00eda bajo carga. El probador no requiere una fuente de alimentaci\u00f3n, que es extremadamente m\u00f3vil. Equipado con LEDs y un indicador digital informando sobre el estado de la bater\u00eda. Dise\u00f1ado para probar bater\u00edas de \u00e1cido. - probador de bater\u00edas - manual del usuario\" \/>\n<meta property=\"og:url\" content=\"https:\/\/solumeca.com\/?product=probador-de-bateria-de-12v-digital-modeloyt-8311-yato-ref-yt-8311\" \/>\n<meta property=\"og:site_name\" content=\"Herramientas Industriales - Equipos de Seguridad - Solumeca.com\" \/>\n<meta property=\"article:modified_time\" content=\"2026-03-17T20:05:11+00:00\" \/>\n<meta name=\"twitter:card\" content=\"summary_large_image\" \/>\n<script type=\"application\/ld+json\" class=\"yoast-schema-graph\">{\"@context\":\"https:\/\/schema.org\",\"@graph\":[{\"@type\":\"WebPage\",\"@id\":\"https:\/\/solumeca.com\/?product=probador-de-bateria-de-12v-digital-modeloyt-8311-yato-ref-yt-8311\",\"url\":\"https:\/\/solumeca.com\/?product=probador-de-bateria-de-12v-digital-modeloyt-8311-yato-ref-yt-8311\",\"name\":\"PROBADOR DE BATERIA DE 12V DIGITAL MODELO:YT-8311 YATO Ref.YT-8311 - Herramientas Industriales - Equipos de Seguridad - Solumeca.com\",\"isPartOf\":{\"@id\":\"https:\/\/solumeca.com\/#website\"},\"primaryImageOfPage\":{\"@id\":\"https:\/\/solumeca.com\/?product=probador-de-bateria-de-12v-digital-modeloyt-8311-yato-ref-yt-8311#primaryimage\"},\"image\":{\"@id\":\"https:\/\/solumeca.com\/?product=probador-de-bateria-de-12v-digital-modeloyt-8311-yato-ref-yt-8311#primaryimage\"},\"thumbnailUrl\":\"https:\/\/solumeca.com\/wp-content\/uploads\/2026\/03\/eng_pl_DIGITAL-BATTERY-TESTER-12-V-10005536_1.jpg\",\"datePublished\":\"2026-03-17T17:46:28+00:00\",\"dateModified\":\"2026-03-17T20:05:11+00:00\",\"breadcrumb\":{\"@id\":\"https:\/\/solumeca.com\/?product=probador-de-bateria-de-12v-digital-modeloyt-8311-yato-ref-yt-8311#breadcrumb\"},\"inLanguage\":\"es\",\"potentialAction\":[{\"@type\":\"ReadAction\",\"target\":[\"https:\/\/solumeca.com\/?product=probador-de-bateria-de-12v-digital-modeloyt-8311-yato-ref-yt-8311\"]}]},{\"@type\":\"ImageObject\",\"inLanguage\":\"es\",\"@id\":\"https:\/\/solumeca.com\/?product=probador-de-bateria-de-12v-digital-modeloyt-8311-yato-ref-yt-8311#primaryimage\",\"url\":\"https:\/\/solumeca.com\/wp-content\/uploads\/2026\/03\/eng_pl_DIGITAL-BATTERY-TESTER-12-V-10005536_1.jpg\",\"contentUrl\":\"https:\/\/solumeca.com\/wp-content\/uploads\/2026\/03\/eng_pl_DIGITAL-BATTERY-TESTER-12-V-10005536_1.jpg\",\"width\":1000,\"height\":750},{\"@type\":\"BreadcrumbList\",\"@id\":\"https:\/\/solumeca.com\/?product=probador-de-bateria-de-12v-digital-modeloyt-8311-yato-ref-yt-8311#breadcrumb\",\"itemListElement\":[{\"@type\":\"ListItem\",\"position\":1,\"name\":\"Portada\",\"item\":\"https:\/\/solumeca.com\/\"},{\"@type\":\"ListItem\",\"position\":2,\"name\":\"Shop\",\"item\":\"https:\/\/solumeca.com\/?page_id=10\"},{\"@type\":\"ListItem\",\"position\":3,\"name\":\"PROBADOR DE BATERIA DE 12V DIGITAL MODELO:YT-8311 YATO Ref.YT-8311\"}]},{\"@type\":\"WebSite\",\"@id\":\"https:\/\/solumeca.com\/#website\",\"url\":\"https:\/\/solumeca.com\/\",\"name\":\"SOS Integral - Equipos de Seguridad - Herramientas Industriales\",\"description\":\"Equipos de Seguridad, Santo Domingo, Republica Dominicana, Herramientas Industriales,Tel.: (809) 274-3888 \/ Info@solumeca.com\",\"publisher\":{\"@id\":\"https:\/\/solumeca.com\/#organization\"},\"potentialAction\":[{\"@type\":\"SearchAction\",\"target\":{\"@type\":\"EntryPoint\",\"urlTemplate\":\"https:\/\/solumeca.com\/?s={search_term_string}\"},\"query-input\":\"required name=search_term_string\"}],\"inLanguage\":\"es\"},{\"@type\":\"Organization\",\"@id\":\"https:\/\/solumeca.com\/#organization\",\"name\":\"SOS Integral - Equipos de Seguridad - Herramientas Industriales\",\"url\":\"https:\/\/solumeca.com\/\",\"logo\":{\"@type\":\"ImageObject\",\"inLanguage\":\"es\",\"@id\":\"https:\/\/solumeca.com\/#\/schema\/logo\/image\/\",\"url\":\"https:\/\/solumeca.com\/wp-content\/uploads\/2024\/04\/equipos-de-seguridad-sos-2.png\",\"contentUrl\":\"https:\/\/solumeca.com\/wp-content\/uploads\/2024\/04\/equipos-de-seguridad-sos-2.png\",\"width\":600,\"height\":259,\"caption\":\"SOS Integral - Equipos de Seguridad - Herramientas Industriales\"},\"image\":{\"@id\":\"https:\/\/solumeca.com\/#\/schema\/logo\/image\/\"},\"sameAs\":[\"https:\/\/www.instagram.com\/sosintegralrd\/\"]}]}<\/script>\n<!-- \/ Yoast SEO Premium plugin. -->","yoast_head_json":{"title":"PROBADOR DE BATERIA DE 12V DIGITAL MODELO:YT-8311 YATO Ref.YT-8311 - Herramientas Industriales - Equipos de Seguridad - Solumeca.com","robots":{"index":"index","follow":"follow","max-snippet":"max-snippet:-1","max-image-preview":"max-image-preview:large","max-video-preview":"max-video-preview:-1"},"canonical":"https:\/\/solumeca.com\/?product=probador-de-bateria-de-12v-digital-modeloyt-8311-yato-ref-yt-8311","og_locale":"es_ES","og_type":"article","og_title":"PROBADOR DE BATERIA DE 12V DIGITAL MODELO:YT-8311 YATO Ref.YT-8311","og_description":"Un probador de bater\u00eda profesional le permite comprobar la carga de la bater\u00eda, as\u00ed como c\u00f3mo se agota la bater\u00eda. Tambi\u00e9n es posible comprobar el rendimiento de la bater\u00eda bajo carga. El probador no requiere una fuente de alimentaci\u00f3n, que es extremadamente m\u00f3vil. Equipado con LEDs y un indicador digital informando sobre el estado de la bater\u00eda. Dise\u00f1ado para probar bater\u00edas de \u00e1cido. - probador de bater\u00edas - manual del usuario","og_url":"https:\/\/solumeca.com\/?product=probador-de-bateria-de-12v-digital-modeloyt-8311-yato-ref-yt-8311","og_site_name":"Herramientas Industriales - Equipos de Seguridad - Solumeca.com","article_modified_time":"2026-03-17T20:05:11+00:00","twitter_card":"summary_large_image","schema":{"@context":"https:\/\/schema.org","@graph":[{"@type":"WebPage","@id":"https:\/\/solumeca.com\/?product=probador-de-bateria-de-12v-digital-modeloyt-8311-yato-ref-yt-8311","url":"https:\/\/solumeca.com\/?product=probador-de-bateria-de-12v-digital-modeloyt-8311-yato-ref-yt-8311","name":"PROBADOR DE BATERIA DE 12V DIGITAL MODELO:YT-8311 YATO Ref.YT-8311 - Herramientas Industriales - Equipos de Seguridad - Solumeca.com","isPartOf":{"@id":"https:\/\/solumeca.com\/#website"},"primaryImageOfPage":{"@id":"https:\/\/solumeca.com\/?product=probador-de-bateria-de-12v-digital-modeloyt-8311-yato-ref-yt-8311#primaryimage"},"image":{"@id":"https:\/\/solumeca.com\/?product=probador-de-bateria-de-12v-digital-modeloyt-8311-yato-ref-yt-8311#primaryimage"},"thumbnailUrl":"https:\/\/solumeca.com\/wp-content\/uploads\/2026\/03\/eng_pl_DIGITAL-BATTERY-TESTER-12-V-10005536_1.jpg","datePublished":"2026-03-17T17:46:28+00:00","dateModified":"2026-03-17T20:05:11+00:00","breadcrumb":{"@id":"https:\/\/solumeca.com\/?product=probador-de-bateria-de-12v-digital-modeloyt-8311-yato-ref-yt-8311#breadcrumb"},"inLanguage":"es","potentialAction":[{"@type":"ReadAction","target":["https:\/\/solumeca.com\/?product=probador-de-bateria-de-12v-digital-modeloyt-8311-yato-ref-yt-8311"]}]},{"@type":"ImageObject","inLanguage":"es","@id":"https:\/\/solumeca.com\/?product=probador-de-bateria-de-12v-digital-modeloyt-8311-yato-ref-yt-8311#primaryimage","url":"https:\/\/solumeca.com\/wp-content\/uploads\/2026\/03\/eng_pl_DIGITAL-BATTERY-TESTER-12-V-10005536_1.jpg","contentUrl":"https:\/\/solumeca.com\/wp-content\/uploads\/2026\/03\/eng_pl_DIGITAL-BATTERY-TESTER-12-V-10005536_1.jpg","width":1000,"height":750},{"@type":"BreadcrumbList","@id":"https:\/\/solumeca.com\/?product=probador-de-bateria-de-12v-digital-modeloyt-8311-yato-ref-yt-8311#breadcrumb","itemListElement":[{"@type":"ListItem","position":1,"name":"Portada","item":"https:\/\/solumeca.com\/"},{"@type":"ListItem","position":2,"name":"Shop","item":"https:\/\/solumeca.com\/?page_id=10"},{"@type":"ListItem","position":3,"name":"PROBADOR DE BATERIA DE 12V DIGITAL MODELO:YT-8311 YATO Ref.YT-8311"}]},{"@type":"WebSite","@id":"https:\/\/solumeca.com\/#website","url":"https:\/\/solumeca.com\/","name":"SOS Integral - Equipos de Seguridad - Herramientas Industriales","description":"Equipos de Seguridad, Santo Domingo, Republica Dominicana, Herramientas Industriales,Tel.: (809) 274-3888 \/ Info@solumeca.com","publisher":{"@id":"https:\/\/solumeca.com\/#organization"},"potentialAction":[{"@type":"SearchAction","target":{"@type":"EntryPoint","urlTemplate":"https:\/\/solumeca.com\/?s={search_term_string}"},"query-input":"required name=search_term_string"}],"inLanguage":"es"},{"@type":"Organization","@id":"https:\/\/solumeca.com\/#organization","name":"SOS Integral - Equipos de Seguridad - Herramientas Industriales","url":"https:\/\/solumeca.com\/","logo":{"@type":"ImageObject","inLanguage":"es","@id":"https:\/\/solumeca.com\/#\/schema\/logo\/image\/","url":"https:\/\/solumeca.com\/wp-content\/uploads\/2024\/04\/equipos-de-seguridad-sos-2.png","contentUrl":"https:\/\/solumeca.com\/wp-content\/uploads\/2024\/04\/equipos-de-seguridad-sos-2.png","width":600,"height":259,"caption":"SOS Integral - Equipos de Seguridad - Herramientas Industriales"},"image":{"@id":"https:\/\/solumeca.com\/#\/schema\/logo\/image\/"},"sameAs":["https:\/\/www.instagram.com\/sosintegralrd\/"]}]}},"_links":{"self":[{"href":"https:\/\/solumeca.com\/index.php?rest_route=\/wp\/v2\/product\/27388","targetHints":{"allow":["GET"]}}],"collection":[{"href":"https:\/\/solumeca.com\/index.php?rest_route=\/wp\/v2\/product"}],"about":[{"href":"https:\/\/solumeca.com\/index.php?rest_route=\/wp\/v2\/types\/product"}],"replies":[{"embeddable":true,"href":"https:\/\/solumeca.com\/index.php?rest_route=%2Fwp%2Fv2%2Fcomments&post=27388"}],"version-history":[{"count":1,"href":"https:\/\/solumeca.com\/index.php?rest_route=\/wp\/v2\/product\/27388\/revisions"}],"predecessor-version":[{"id":35710,"href":"https:\/\/solumeca.com\/index.php?rest_route=\/wp\/v2\/product\/27388\/revisions\/35710"}],"wp:featuredmedia":[{"embeddable":true,"href":"https:\/\/solumeca.com\/index.php?rest_route=\/wp\/v2\/media\/35709"}],"wp:attachment":[{"href":"https:\/\/solumeca.com\/index.php?rest_route=%2Fwp%2Fv2%2Fmedia&parent=27388"}],"wp:term":[{"taxonomy":"product_brand","embeddable":true,"href":"https:\/\/solumeca.com\/index.php?rest_route=%2Fwp%2Fv2%2Fproduct_brand&post=27388"},{"taxonomy":"product_cat","embeddable":true,"href":"https:\/\/solumeca.com\/index.php?rest_route=%2Fwp%2Fv2%2Fproduct_cat&post=27388"},{"taxonomy":"product_tag","embeddable":true,"href":"https:\/\/solumeca.com\/index.php?rest_route=%2Fwp%2Fv2%2Fproduct_tag&post=27388"}],"curies":[{"name":"wp","href":"https:\/\/api.w.org\/{rel}","templated":true}]}}